{"id":76165,"date":"2025-02-24T16:20:05","date_gmt":"2025-02-24T16:20:05","guid":{"rendered":"https:\/\/onlinehardwareshop.de\/index.php\/produkt\/demeyere-resto-3-bratpfanne-20cm-2\/"},"modified":"2025-05-14T07:08:52","modified_gmt":"2025-05-14T07:08:52","slug":"demeyere-resto-3-bratpfanne-20cm","status":"publish","type":"product","link":"https:\/\/onlinehardwareshop.de\/index.php\/produkt\/demeyere-resto-3-bratpfanne-20cm\/","title":{"rendered":"Demeyere Resto 3 Bratpfanne 20&#xA0;cm"},"content":{"rendered":"<p>In der Demeyere Resto 3 Bratpfanne 20\u00a0cm br\u00e4tst du dank der kleinen Gr\u00f6\u00dfe morgens einfach ein Ei an. Der Pfannenboden besteht aus drei starken Schichten, weswegen sich die W\u00e4rme gleichm\u00e4\u00dfig verteilt. So br\u00e4tst du beispielsweise auch die Seiten eines Fleischst\u00fccks knusprig an. Da die Pfanne keine Antihaftbeschichtung hat, br\u00e4tst du auch rotes Fleisch m\u00fchelos an. Der geschwei\u00dfte Handgriff verhindert, dass Schmutz- und Fettreste zwischen der Pfanne und dem Handgriff haften bleiben. Wenn du fertig bist, gibst du die Pfanne in die Sp\u00fclmaschine. M\u00f6chtest du lange etwas von deiner Pfanne haben? Dann sp\u00fclst du sie am besten per Hand ab. Mit dem Loch im Stiel h\u00e4ngst du die Pfanne au\u00dferdem einfach an einem Haken auf.<\/p>\n","protected":false},"excerpt":{"rendered":"<p>In der Demeyere Resto 3 Bratpfanne 20\u00a0cm br\u00e4tst du dank der kleinen Gr\u00f6\u00dfe morgens einfach ein Ei an. Der Pfannenboden besteht aus drei starken Schichten, weswegen sich die W\u00e4rme gleichm\u00e4\u00dfig verteilt. So br\u00e4tst du beispielsweise auch die Seiten eines Fleischst\u00fccks knusprig an. Da die Pfanne keine Antihaftbeschichtung hat, br\u00e4tst du auch rotes Fleisch m\u00fchelos an. Der geschwei\u00dfte Handgriff verhindert, dass Schmutz- und Fettreste zwischen der Pfanne und dem Handgriff haften bleiben. Wenn du fertig bist, gibst du die Pfanne in die Sp\u00fclmaschine. M\u00f6chtest du lange etwas von deiner Pfanne haben? Dann sp\u00fclst du sie am besten per Hand ab. Mit dem Loch im Stiel h\u00e4ngst du die Pfanne au\u00dferdem einfach an einem Haken auf.<\/p>\n","protected":false},"featured_media":0,"comment_status":"closed","ping_status":"open","template":"","meta":{"_acf_changed":false},"brand":[1791],"product_brand":[],"product_cat":[372],"product_tag":[384],"class_list":{"0":"post-76165","1":"product","2":"type-product","3":"status-publish","5":"brand-demeyere","6":"product_cat-tpfe-und-pfannen","7":"product_tag-koekenpannen","8":"pa_condition-new","9":"pa_coolblue-de-verzending-morgen-gratis-geliefert","10":"pa_ean-12753","11":"pa_mpn-12754","13":"first","14":"instock","15":"product-type-external"},"acf":[],"_links":{"self":[{"href":"https:\/\/onlinehardwareshop.de\/index.php\/wp-json\/wp\/v2\/product\/76165","targetHints":{"allow":["GET"]}}],"collection":[{"href":"https:\/\/onlinehardwareshop.de\/index.php\/wp-json\/wp\/v2\/product"}],"about":[{"href":"https:\/\/onlinehardwareshop.de\/index.php\/wp-json\/wp\/v2\/types\/product"}],"replies":[{"embeddable":true,"href":"https:\/\/onlinehardwareshop.de\/index.php\/wp-json\/wp\/v2\/comments?post=76165"}],"wp:attachment":[{"href":"https:\/\/onlinehardwareshop.de\/index.php\/wp-json\/wp\/v2\/media?parent=76165"}],"wp:term":[{"taxonomy":"brand","embeddable":true,"href":"https:\/\/onlinehardwareshop.de\/index.php\/wp-json\/wp\/v2\/brand?post=76165"},{"taxonomy":"product_brand","embeddable":true,"href":"https:\/\/onlinehardwareshop.de\/index.php\/wp-json\/wp\/v2\/product_brand?post=76165"},{"taxonomy":"product_cat","embeddable":true,"href":"https:\/\/onlinehardwareshop.de\/index.php\/wp-json\/wp\/v2\/product_cat?post=76165"},{"taxonomy":"product_tag","embeddable":true,"href":"https:\/\/onlinehardwareshop.de\/index.php\/wp-json\/wp\/v2\/product_tag?post=76165"}],"curies":[{"name":"wp","href":"https:\/\/api.w.org\/{rel}","templated":true}]}}