{"id":76160,"date":"2024-09-23T20:25:47","date_gmt":"2024-09-23T20:25:47","guid":{"rendered":"https:\/\/onlinehardwareshop.de\/index.php\/produkt\/godox-ms-300f-set-2\/"},"modified":"2025-05-14T07:08:28","modified_gmt":"2025-05-14T07:08:28","slug":"godox-ms-300f-set","status":"publish","type":"product","link":"https:\/\/onlinehardwareshop.de\/index.php\/produkt\/godox-ms-300f-set\/","title":{"rendered":"Godox MS-300F Set"},"content":{"rendered":"<p>Das Godox MS-300F Set ist ein komplettes Set f\u00fcr Studiofotografen. Das Set beinhaltet zwei Blitzk\u00f6pfe, zwei Stative, zwei Softboxen, eine Fernbedienung und eine Aufbewahrungstasche. Aufgrund des weichen Lichts der Softboxen eignet sich dieses Set f\u00fcr Portr\u00e4t- sowie Produktfotografie. Damit kannst du diffuses Licht mit weichen Schatten kreieren. Dank der Farbtemperatur von 5.600\u00a0Kelvin ist es, als w\u00fcrdest du bei Tageslicht fotografieren. Die Lichtintensit\u00e4t l\u00e4sst sich in insgesamt 50\u00a0Stufen einstellen, weshalb sich die Belichtung pr\u00e4zise regulieren l\u00e4sst. In der Aufbewahrungstasche kannst du das Set problemlos unterwegs mitnehmen, wenn du beispielsweise zu einem Shooting vor Ort gehst. Die mitgelieferte Fernbedienung wird auf dem Blitzschuh deiner Kamera befestigt. Damit kannst du die Lampen aus der Ferne bedienen, sodass du die Einstellungen schnell \u00e4ndern kannst.<\/p>\n","protected":false},"excerpt":{"rendered":"<p>Das Godox MS-300F Set ist ein komplettes Set f\u00fcr Studiofotografen. Das Set beinhaltet zwei Blitzk\u00f6pfe, zwei Stative, zwei Softboxen, eine Fernbedienung und eine Aufbewahrungstasche. Aufgrund des weichen Lichts der Softboxen eignet sich dieses Set f\u00fcr Portr\u00e4t- sowie Produktfotografie. Damit kannst du diffuses Licht mit weichen Schatten kreieren. Dank der Farbtemperatur von 5.600\u00a0Kelvin ist es, als w\u00fcrdest du bei Tageslicht fotografieren. Die Lichtintensit\u00e4t l\u00e4sst sich in insgesamt 50\u00a0Stufen einstellen, weshalb sich die Belichtung pr\u00e4zise regulieren l\u00e4sst. In der Aufbewahrungstasche kannst du das Set problemlos unterwegs mitnehmen, wenn du beispielsweise zu einem Shooting vor Ort gehst. Die mitgelieferte Fernbedienung wird auf dem Blitzschuh deiner Kamera befestigt. Damit kannst du die Lampen aus der Ferne bedienen, sodass du die Einstellungen schnell \u00e4ndern kannst.<\/p>\n","protected":false},"featured_media":0,"comment_status":"closed","ping_status":"open","template":"","meta":{"_acf_changed":false},"brand":[503],"product_brand":[],"product_cat":[33421],"product_tag":[33422],"class_list":{"0":"post-76160","1":"product","2":"type-product","3":"status-publish","5":"brand-godox","6":"product_cat-studioblitzgerte","7":"product_tag-studioflitsers","8":"pa_condition-new","9":"pa_coolblue-de-verzending-morgen-gratis-geliefert","10":"pa_ean-33419","11":"pa_mpn-d173011","13":"first","14":"instock","15":"product-type-external"},"acf":[],"_links":{"self":[{"href":"https:\/\/onlinehardwareshop.de\/index.php\/wp-json\/wp\/v2\/product\/76160","targetHints":{"allow":["GET"]}}],"collection":[{"href":"https:\/\/onlinehardwareshop.de\/index.php\/wp-json\/wp\/v2\/product"}],"about":[{"href":"https:\/\/onlinehardwareshop.de\/index.php\/wp-json\/wp\/v2\/types\/product"}],"replies":[{"embeddable":true,"href":"https:\/\/onlinehardwareshop.de\/index.php\/wp-json\/wp\/v2\/comments?post=76160"}],"wp:attachment":[{"href":"https:\/\/onlinehardwareshop.de\/index.php\/wp-json\/wp\/v2\/media?parent=76160"}],"wp:term":[{"taxonomy":"brand","embeddable":true,"href":"https:\/\/onlinehardwareshop.de\/index.php\/wp-json\/wp\/v2\/brand?post=76160"},{"taxonomy":"product_brand","embeddable":true,"href":"https:\/\/onlinehardwareshop.de\/index.php\/wp-json\/wp\/v2\/product_brand?post=76160"},{"taxonomy":"product_cat","embeddable":true,"href":"https:\/\/onlinehardwareshop.de\/index.php\/wp-json\/wp\/v2\/product_cat?post=76160"},{"taxonomy":"product_tag","embeddable":true,"href":"https:\/\/onlinehardwareshop.de\/index.php\/wp-json\/wp\/v2\/product_tag?post=76160"}],"curies":[{"name":"wp","href":"https:\/\/api.w.org\/{rel}","templated":true}]}}