{"id":76154,"date":"2024-01-05T20:30:23","date_gmt":"2024-01-05T20:30:23","guid":{"rendered":"https:\/\/onlinehardwareshop.de\/index.php\/produkt\/canon-pixma-ts5351i-2\/"},"modified":"2025-05-14T07:07:59","modified_gmt":"2025-05-14T07:07:59","slug":"canon-pixma-ts5351i","status":"publish","type":"product","link":"https:\/\/onlinehardwareshop.de\/index.php\/produkt\/canon-pixma-ts5351i\/","title":{"rendered":"Canon PIXMA TS5351I"},"content":{"rendered":"<p>Der Canon PIXMA TS5351I ist ein Multifunktions-Tintenstrahldrucker f\u00fcr den Heimgebrauch. Mit diesem Drucker kannst du nicht nur drucken, sondern auch scannen und kopieren. Durch die hohe Druckaufl\u00f6sung von 4.800\u00a0x 1.200\u00a0dpi werden Abbildungen und Grafiken scharf gedruckt. Fotopapier bewahrst du in einer separaten Papierkassette auf. Damit entfallen st\u00e4ndige Papierwechsel. \u00dcber Wi-Fi Direct stellst du eine Verbindung mit dem Drucker her, sodass du den Drucker nicht erst mit einem Modem verbinden musst. Zudem kannst du \u00fcber USB-Kabel, Apple AirPrint und E-Mail Druckauftr\u00e4ge versenden.   Geeignet f\u00fcr den Canon PIXMA Print Plan  Dieser Drucker eignet sich f\u00fcr den Canon PIXMA Print Plan. Dabei handelt es sich um einen Tintenservice, der dir eine bestimmte Anzahl Ausdrucke f\u00fcr einen festen Monatsbetrag zur Verf\u00fcgung stellt. Dein Drucker bestellt selbstst\u00e4ndig neue Patronen, wenn diese fast leer sind, die kostenlos geliefert werden. So geht dir nie mehr die Tinte aus. M\u00f6chtest du mehr \u00fcber den PIXMA Print Plan erfahren? Sieh dir unseren Beratungsartikel an.<\/p>\n","protected":false},"excerpt":{"rendered":"<p>Der Canon PIXMA TS5351I ist ein Multifunktions-Tintenstrahldrucker f\u00fcr den Heimgebrauch. Mit diesem Drucker kannst du nicht nur drucken, sondern auch scannen und kopieren. Durch die hohe Druckaufl\u00f6sung von 4.800\u00a0x 1.200\u00a0dpi werden Abbildungen und Grafiken scharf gedruckt. Fotopapier bewahrst du in einer separaten Papierkassette auf. Damit entfallen st\u00e4ndige Papierwechsel. \u00dcber Wi-Fi Direct stellst du eine Verbindung mit dem Drucker her, sodass du den Drucker nicht erst mit einem Modem verbinden musst. Zudem kannst du \u00fcber USB-Kabel, Apple AirPrint und E-Mail Druckauftr\u00e4ge versenden.   Geeignet f\u00fcr den Canon PIXMA Print Plan  Dieser Drucker eignet sich f\u00fcr den Canon PIXMA Print Plan. Dabei handelt es sich um einen Tintenservice, der dir eine bestimmte Anzahl Ausdrucke f\u00fcr einen festen Monatsbetrag zur Verf\u00fcgung stellt. Dein Drucker bestellt selbstst\u00e4ndig neue Patronen, wenn diese fast leer sind, die kostenlos geliefert werden. So geht dir nie mehr die Tinte aus. M\u00f6chtest du mehr \u00fcber den PIXMA Print Plan erfahren? Sieh dir unseren Beratungsartikel an.<\/p>\n","protected":false},"featured_media":0,"comment_status":"closed","ping_status":"open","template":"","meta":{"_acf_changed":false},"brand":[61],"product_brand":[],"product_cat":[2205],"product_tag":[2206],"class_list":{"0":"post-76154","1":"product","2":"type-product","3":"status-publish","5":"brand-canon","6":"product_cat-drucker","7":"product_tag-inkjetprinters","8":"pa_condition-new","9":"pa_coolblue-de-verzending-morgen-gratis-geliefert","10":"pa_ean-12734","11":"pa_mpn-4462c106aa","13":"first","14":"instock","15":"product-type-external"},"acf":[],"_links":{"self":[{"href":"https:\/\/onlinehardwareshop.de\/index.php\/wp-json\/wp\/v2\/product\/76154","targetHints":{"allow":["GET"]}}],"collection":[{"href":"https:\/\/onlinehardwareshop.de\/index.php\/wp-json\/wp\/v2\/product"}],"about":[{"href":"https:\/\/onlinehardwareshop.de\/index.php\/wp-json\/wp\/v2\/types\/product"}],"replies":[{"embeddable":true,"href":"https:\/\/onlinehardwareshop.de\/index.php\/wp-json\/wp\/v2\/comments?post=76154"}],"wp:attachment":[{"href":"https:\/\/onlinehardwareshop.de\/index.php\/wp-json\/wp\/v2\/media?parent=76154"}],"wp:term":[{"taxonomy":"brand","embeddable":true,"href":"https:\/\/onlinehardwareshop.de\/index.php\/wp-json\/wp\/v2\/brand?post=76154"},{"taxonomy":"product_brand","embeddable":true,"href":"https:\/\/onlinehardwareshop.de\/index.php\/wp-json\/wp\/v2\/product_brand?post=76154"},{"taxonomy":"product_cat","embeddable":true,"href":"https:\/\/onlinehardwareshop.de\/index.php\/wp-json\/wp\/v2\/product_cat?post=76154"},{"taxonomy":"product_tag","embeddable":true,"href":"https:\/\/onlinehardwareshop.de\/index.php\/wp-json\/wp\/v2\/product_tag?post=76154"}],"curies":[{"name":"wp","href":"https:\/\/api.w.org\/{rel}","templated":true}]}}