{"id":76150,"date":"2024-04-25T16:52:54","date_gmt":"2024-04-25T16:52:54","guid":{"rendered":"https:\/\/onlinehardwareshop.de\/index.php\/produkt\/jbl-quantum-air-tws-2\/"},"modified":"2025-05-14T07:07:32","modified_gmt":"2025-05-14T07:07:32","slug":"jbl-quantum-air-tws","status":"publish","type":"product","link":"https:\/\/onlinehardwareshop.de\/index.php\/produkt\/jbl-quantum-air-tws\/","title":{"rendered":"JBL Quantum Air TWS"},"content":{"rendered":"<p>Spiele komfortabel mit den JBL Quantum Air TWS. Du verbindest die JBL Quantum Air TWS mit deiner Nintendo Switch oder deinem Handy und zwar einfach \u00fcber Bluetooth oder USB-Dongle. Man kann die In-Ear-Kopfh\u00f6rer dank JBL Dual Source sogar an zwei Ger\u00e4te gleichzeitig koppeln. So kannst du schnell zwischen deinem Spiel und einem Telefonat hin und her wechseln. Spiele unterwegs auf deiner Nintendo Switch oder auf deinem Smartphone mit Stereo-Sound und auf deinem PC mit raumf\u00fcllenden Surround-Sound. So h\u00f6rst du genau, aus welcher Richtung deine Gegner kommen. Dank der Rauschunterdr\u00fcckung im Mikrofon kann man dich jederzeit gut verstehen. Das ist praktisch f\u00fcr Onlinespiele und wenn du ein Telefonat an einem Ort f\u00fchrst, an dem viel los ist. Du kannst acht Stunden lang spielen und die In-Ear-Kopfh\u00f6rer innerhalb von zwei Stunden im Ladecase wieder vollst\u00e4ndig aufladen.<\/p>\n","protected":false},"excerpt":{"rendered":"<p>Spiele komfortabel mit den JBL Quantum Air TWS. Du verbindest die JBL Quantum Air TWS mit deiner Nintendo Switch oder deinem Handy und zwar einfach \u00fcber Bluetooth oder USB-Dongle. Man kann die In-Ear-Kopfh\u00f6rer dank JBL Dual Source sogar an zwei Ger\u00e4te gleichzeitig koppeln. So kannst du schnell zwischen deinem Spiel und einem Telefonat hin und her wechseln. Spiele unterwegs auf deiner Nintendo Switch oder auf deinem Smartphone mit Stereo-Sound und auf deinem PC mit raumf\u00fcllenden Surround-Sound. So h\u00f6rst du genau, aus welcher Richtung deine Gegner kommen. Dank der Rauschunterdr\u00fcckung im Mikrofon kann man dich jederzeit gut verstehen. Das ist praktisch f\u00fcr Onlinespiele und wenn du ein Telefonat an einem Ort f\u00fchrst, an dem viel los ist. Du kannst acht Stunden lang spielen und die In-Ear-Kopfh\u00f6rer innerhalb von zwei Stunden im Ladecase wieder vollst\u00e4ndig aufladen.<\/p>\n","protected":false},"featured_media":0,"comment_status":"closed","ping_status":"open","template":"","meta":{"_acf_changed":false},"brand":[5677],"product_brand":[],"product_cat":[3435],"product_tag":[3436],"class_list":{"0":"post-76150","1":"product","2":"type-product","3":"status-publish","5":"brand-jbl","6":"product_cat-gaming-headsets","7":"product_tag-gaming-headsets","8":"pa_condition-new","9":"pa_coolblue-de-verzending-morgen-gratis-geliefert","10":"pa_ean-12729","11":"pa_mpn-jblqtwsairblk","13":"first","14":"instock","15":"product-type-external"},"acf":[],"_links":{"self":[{"href":"https:\/\/onlinehardwareshop.de\/index.php\/wp-json\/wp\/v2\/product\/76150","targetHints":{"allow":["GET"]}}],"collection":[{"href":"https:\/\/onlinehardwareshop.de\/index.php\/wp-json\/wp\/v2\/product"}],"about":[{"href":"https:\/\/onlinehardwareshop.de\/index.php\/wp-json\/wp\/v2\/types\/product"}],"replies":[{"embeddable":true,"href":"https:\/\/onlinehardwareshop.de\/index.php\/wp-json\/wp\/v2\/comments?post=76150"}],"wp:attachment":[{"href":"https:\/\/onlinehardwareshop.de\/index.php\/wp-json\/wp\/v2\/media?parent=76150"}],"wp:term":[{"taxonomy":"brand","embeddable":true,"href":"https:\/\/onlinehardwareshop.de\/index.php\/wp-json\/wp\/v2\/brand?post=76150"},{"taxonomy":"product_brand","embeddable":true,"href":"https:\/\/onlinehardwareshop.de\/index.php\/wp-json\/wp\/v2\/product_brand?post=76150"},{"taxonomy":"product_cat","embeddable":true,"href":"https:\/\/onlinehardwareshop.de\/index.php\/wp-json\/wp\/v2\/product_cat?post=76150"},{"taxonomy":"product_tag","embeddable":true,"href":"https:\/\/onlinehardwareshop.de\/index.php\/wp-json\/wp\/v2\/product_tag?post=76150"}],"curies":[{"name":"wp","href":"https:\/\/api.w.org\/{rel}","templated":true}]}}