{"id":76149,"date":"2024-10-24T07:43:39","date_gmt":"2024-10-24T07:43:39","guid":{"rendered":"https:\/\/onlinehardwareshop.de\/index.php\/produkt\/beurer-bc-54-2\/"},"modified":"2025-05-14T07:07:27","modified_gmt":"2025-05-14T07:07:27","slug":"beurer-bc-54","status":"publish","type":"product","link":"https:\/\/onlinehardwareshop.de\/index.php\/produkt\/beurer-bc-54\/","title":{"rendered":"Beurer BC 54"},"content":{"rendered":"<p>Du verbindest das BC 54 Handgelenk-Blutdruckmessger\u00e4t mit der Beurer HealthManager Pro App. Damit erh\u00e4ltst du einen tieferen Einblick in deine Messungen und hast bei Bedarf immer deine Ergebnisse zur Hand. Da die Messung deines Blutdrucks bereits w\u00e4hrend des Aufblasens der Manschette startet, ist der Vorgang effizient und du erh\u00e4ltst du deinen Wert sehr schnell. Dank der Farbskala erkennst du ganz einfach, ob dein Blutdruck in Ordnung ist. Das BC 54 hat zwei Benutzerprofile mit insgesamt 120 Speicherpl\u00e4tzen. Damit kannst du deine eigenen Messungen und die eines Familienmitglieds festhalten. Solltest du das Ger\u00e4t einmal falsch aufsetzen, erh\u00e4ltst du einen Warnhinweis. So werden falsche Messungen vermieden. Auch bei einem unregelm\u00e4\u00dfigen Herzschlag gibt das Blutdruckmessger\u00e4t eine Meldung ab.<\/p>\n","protected":false},"excerpt":{"rendered":"<p>Du verbindest das BC 54 Handgelenk-Blutdruckmessger\u00e4t mit der Beurer HealthManager Pro App. Damit erh\u00e4ltst du einen tieferen Einblick in deine Messungen und hast bei Bedarf immer deine Ergebnisse zur Hand. Da die Messung deines Blutdrucks bereits w\u00e4hrend des Aufblasens der Manschette startet, ist der Vorgang effizient und du erh\u00e4ltst du deinen Wert sehr schnell. Dank der Farbskala erkennst du ganz einfach, ob dein Blutdruck in Ordnung ist. Das BC 54 hat zwei Benutzerprofile mit insgesamt 120 Speicherpl\u00e4tzen. Damit kannst du deine eigenen Messungen und die eines Familienmitglieds festhalten. Solltest du das Ger\u00e4t einmal falsch aufsetzen, erh\u00e4ltst du einen Warnhinweis. So werden falsche Messungen vermieden. Auch bei einem unregelm\u00e4\u00dfigen Herzschlag gibt das Blutdruckmessger\u00e4t eine Meldung ab.<\/p>\n","protected":false},"featured_media":0,"comment_status":"closed","ping_status":"open","template":"","meta":{"_acf_changed":false},"brand":[842],"product_brand":[],"product_cat":[838],"product_tag":[4248],"class_list":{"0":"post-76149","1":"product","2":"type-product","3":"status-publish","5":"brand-beurer","6":"product_cat-blutdruckmessgerte","7":"product_tag-pols-bloeddrukmeters","8":"pa_condition-new","9":"pa_coolblue-de-verzending-morgen-gratis-geliefert","10":"pa_ean-12727","11":"pa_mpn-12728","13":"first","14":"instock","15":"product-type-external"},"acf":[],"_links":{"self":[{"href":"https:\/\/onlinehardwareshop.de\/index.php\/wp-json\/wp\/v2\/product\/76149","targetHints":{"allow":["GET"]}}],"collection":[{"href":"https:\/\/onlinehardwareshop.de\/index.php\/wp-json\/wp\/v2\/product"}],"about":[{"href":"https:\/\/onlinehardwareshop.de\/index.php\/wp-json\/wp\/v2\/types\/product"}],"replies":[{"embeddable":true,"href":"https:\/\/onlinehardwareshop.de\/index.php\/wp-json\/wp\/v2\/comments?post=76149"}],"wp:attachment":[{"href":"https:\/\/onlinehardwareshop.de\/index.php\/wp-json\/wp\/v2\/media?parent=76149"}],"wp:term":[{"taxonomy":"brand","embeddable":true,"href":"https:\/\/onlinehardwareshop.de\/index.php\/wp-json\/wp\/v2\/brand?post=76149"},{"taxonomy":"product_brand","embeddable":true,"href":"https:\/\/onlinehardwareshop.de\/index.php\/wp-json\/wp\/v2\/product_brand?post=76149"},{"taxonomy":"product_cat","embeddable":true,"href":"https:\/\/onlinehardwareshop.de\/index.php\/wp-json\/wp\/v2\/product_cat?post=76149"},{"taxonomy":"product_tag","embeddable":true,"href":"https:\/\/onlinehardwareshop.de\/index.php\/wp-json\/wp\/v2\/product_tag?post=76149"}],"curies":[{"name":"wp","href":"https:\/\/api.w.org\/{rel}","templated":true}]}}