{"id":76148,"date":"2025-03-14T19:50:41","date_gmt":"2025-03-14T19:50:41","guid":{"rendered":"https:\/\/onlinehardwareshop.de\/index.php\/produkt\/beurer-bc-51-2\/"},"modified":"2025-05-14T07:07:22","modified_gmt":"2025-05-14T07:07:22","slug":"beurer-bc-51","status":"publish","type":"product","link":"https:\/\/onlinehardwareshop.de\/index.php\/produkt\/beurer-bc-51\/","title":{"rendered":"Beurer BC 51"},"content":{"rendered":"<p>Das Beurer BC 51 ist ein Handgelenk-Blutdruckmessger\u00e4t mit einem schlanken Design. Dank der kompakten Gr\u00f6\u00dfe kannst du ganz bequem deinen Blutdruck messen. Deine Ergebnisse liest du dann auf dem gro\u00dfen Display ab, wobei du mithilfe der Farbskala auf einen Blick erkennen kannst, ob dein Blutdruck in Ordnung ist. Es lassen sich zwei Benutzerprofile mit jeweils 120 Speicherpl\u00e4tzen einrichten. So kannst du nicht nur deine eigenen Messungen verfolgen, sondern auch die deines Partners oder deiner Partnerin. Das Ger\u00e4t teilt dir einen Durchschnittswert der in den letzten sieben Tagen gespeicherten Messungen mit, sodass du deine Fortschritte im Blick beh\u00e4ltst. Bei einem unregelm\u00e4\u00dfigen Herzschlag gibt dir das BC 51 einen Warnhinweis. Au\u00dferdem erh\u00e4ltst du eine Meldung, sollte die Manschette nicht richtig sitzen. Damit erh\u00e4ltst du jederzeit eine zuverl\u00e4ssige Messung.<\/p>\n","protected":false},"excerpt":{"rendered":"<p>Das Beurer BC 51 ist ein Handgelenk-Blutdruckmessger\u00e4t mit einem schlanken Design. Dank der kompakten Gr\u00f6\u00dfe kannst du ganz bequem deinen Blutdruck messen. Deine Ergebnisse liest du dann auf dem gro\u00dfen Display ab, wobei du mithilfe der Farbskala auf einen Blick erkennen kannst, ob dein Blutdruck in Ordnung ist. Es lassen sich zwei Benutzerprofile mit jeweils 120 Speicherpl\u00e4tzen einrichten. So kannst du nicht nur deine eigenen Messungen verfolgen, sondern auch die deines Partners oder deiner Partnerin. Das Ger\u00e4t teilt dir einen Durchschnittswert der in den letzten sieben Tagen gespeicherten Messungen mit, sodass du deine Fortschritte im Blick beh\u00e4ltst. Bei einem unregelm\u00e4\u00dfigen Herzschlag gibt dir das BC 51 einen Warnhinweis. Au\u00dferdem erh\u00e4ltst du eine Meldung, sollte die Manschette nicht richtig sitzen. Damit erh\u00e4ltst du jederzeit eine zuverl\u00e4ssige Messung.<\/p>\n","protected":false},"featured_media":0,"comment_status":"closed","ping_status":"open","template":"","meta":{"_acf_changed":false},"brand":[842],"product_brand":[],"product_cat":[838],"product_tag":[4248],"class_list":{"0":"post-76148","1":"product","2":"type-product","3":"status-publish","5":"brand-beurer","6":"product_cat-blutdruckmessgerte","7":"product_tag-pols-bloeddrukmeters","8":"pa_condition-new","9":"pa_coolblue-de-verzending-morgen-gratis-geliefert","10":"pa_ean-12725","11":"pa_mpn-12726","13":"first","14":"instock","15":"product-type-external"},"acf":[],"_links":{"self":[{"href":"https:\/\/onlinehardwareshop.de\/index.php\/wp-json\/wp\/v2\/product\/76148","targetHints":{"allow":["GET"]}}],"collection":[{"href":"https:\/\/onlinehardwareshop.de\/index.php\/wp-json\/wp\/v2\/product"}],"about":[{"href":"https:\/\/onlinehardwareshop.de\/index.php\/wp-json\/wp\/v2\/types\/product"}],"replies":[{"embeddable":true,"href":"https:\/\/onlinehardwareshop.de\/index.php\/wp-json\/wp\/v2\/comments?post=76148"}],"wp:attachment":[{"href":"https:\/\/onlinehardwareshop.de\/index.php\/wp-json\/wp\/v2\/media?parent=76148"}],"wp:term":[{"taxonomy":"brand","embeddable":true,"href":"https:\/\/onlinehardwareshop.de\/index.php\/wp-json\/wp\/v2\/brand?post=76148"},{"taxonomy":"product_brand","embeddable":true,"href":"https:\/\/onlinehardwareshop.de\/index.php\/wp-json\/wp\/v2\/product_brand?post=76148"},{"taxonomy":"product_cat","embeddable":true,"href":"https:\/\/onlinehardwareshop.de\/index.php\/wp-json\/wp\/v2\/product_cat?post=76148"},{"taxonomy":"product_tag","embeddable":true,"href":"https:\/\/onlinehardwareshop.de\/index.php\/wp-json\/wp\/v2\/product_tag?post=76148"}],"curies":[{"name":"wp","href":"https:\/\/api.w.org\/{rel}","templated":true}]}}