{"id":76092,"date":"2024-09-08T12:56:54","date_gmt":"2024-09-08T12:56:54","guid":{"rendered":"https:\/\/onlinehardwareshop.de\/index.php\/produkt\/logitech-brio-300-full-hd-webcam-schwarz-2\/"},"modified":"2025-05-14T07:02:16","modified_gmt":"2025-05-14T07:02:16","slug":"logitech-brio-300-full-hd-webcam-schwarz","status":"publish","type":"product","link":"https:\/\/onlinehardwareshop.de\/index.php\/produkt\/logitech-brio-300-full-hd-webcam-schwarz\/","title":{"rendered":"Logitech Brio 300 Full HD Webcam Schwarz"},"content":{"rendered":"<p>Mit der Logitech Brio 300 Full HD Webcam Schwarz kannst du Videotelefonate f\u00fchren und Videos in Full-HD-Aufl\u00f6sung aufnehmen. Du kannst mit dieser Webcam ein YouTube-Video filmen, ein Skype-Gespr\u00e4ch mit einem reisefreudigen Freund in Australien f\u00fchren und 2-Megapixel-Videos machen. Dabei nutzt die Logitech Webcam automatische Lichtkorrektur. Damit wird die Helligkeit deiner Aufnahme in R\u00e4umen mit viel oder gerade wenig Licht angepasst. Dadurch bist du f\u00fcr deinen Gespr\u00e4chspartner immer gut sichtbar. Bist du fertig mit dem Videoanruf? Dann kannst du das Objektiv mit dem Schieber abdecken. So kannst du sicher sein, dass niemand unerw\u00fcnscht mitsieht. Diese Plug-and-play-Webcam l\u00e4sst sich an jedem MacBook, Chromebook oder Windows-Laptop mit USB-C-Anschluss anschlie\u00dfen. Zudem kannst du die Brio 300 dank des Universalclips an jedem Laptop, Monitor oder Stativ befestigen.<\/p>\n","protected":false},"excerpt":{"rendered":"<p>Mit der Logitech Brio 300 Full HD Webcam Schwarz kannst du Videotelefonate f\u00fchren und Videos in Full-HD-Aufl\u00f6sung aufnehmen. Du kannst mit dieser Webcam ein YouTube-Video filmen, ein Skype-Gespr\u00e4ch mit einem reisefreudigen Freund in Australien f\u00fchren und 2-Megapixel-Videos machen. Dabei nutzt die Logitech Webcam automatische Lichtkorrektur. Damit wird die Helligkeit deiner Aufnahme in R\u00e4umen mit viel oder gerade wenig Licht angepasst. Dadurch bist du f\u00fcr deinen Gespr\u00e4chspartner immer gut sichtbar. Bist du fertig mit dem Videoanruf? Dann kannst du das Objektiv mit dem Schieber abdecken. So kannst du sicher sein, dass niemand unerw\u00fcnscht mitsieht. Diese Plug-and-play-Webcam l\u00e4sst sich an jedem MacBook, Chromebook oder Windows-Laptop mit USB-C-Anschluss anschlie\u00dfen. Zudem kannst du die Brio 300 dank des Universalclips an jedem Laptop, Monitor oder Stativ befestigen.<\/p>\n","protected":false},"featured_media":0,"comment_status":"closed","ping_status":"open","template":"","meta":{"_acf_changed":false},"brand":[32],"product_brand":[],"product_cat":[999],"product_tag":[1000],"class_list":{"0":"post-76092","1":"product","2":"type-product","3":"status-publish","5":"brand-logitech","6":"product_cat-webcams","7":"product_tag-webcams","8":"pa_condition-new","9":"pa_coolblue-de-verzending-morgen-gratis-geliefert","10":"pa_ean-31209","11":"pa_mpn-960-001436","13":"first","14":"instock","15":"product-type-external"},"acf":[],"_links":{"self":[{"href":"https:\/\/onlinehardwareshop.de\/index.php\/wp-json\/wp\/v2\/product\/76092","targetHints":{"allow":["GET"]}}],"collection":[{"href":"https:\/\/onlinehardwareshop.de\/index.php\/wp-json\/wp\/v2\/product"}],"about":[{"href":"https:\/\/onlinehardwareshop.de\/index.php\/wp-json\/wp\/v2\/types\/product"}],"replies":[{"embeddable":true,"href":"https:\/\/onlinehardwareshop.de\/index.php\/wp-json\/wp\/v2\/comments?post=76092"}],"wp:attachment":[{"href":"https:\/\/onlinehardwareshop.de\/index.php\/wp-json\/wp\/v2\/media?parent=76092"}],"wp:term":[{"taxonomy":"brand","embeddable":true,"href":"https:\/\/onlinehardwareshop.de\/index.php\/wp-json\/wp\/v2\/brand?post=76092"},{"taxonomy":"product_brand","embeddable":true,"href":"https:\/\/onlinehardwareshop.de\/index.php\/wp-json\/wp\/v2\/product_brand?post=76092"},{"taxonomy":"product_cat","embeddable":true,"href":"https:\/\/onlinehardwareshop.de\/index.php\/wp-json\/wp\/v2\/product_cat?post=76092"},{"taxonomy":"product_tag","embeddable":true,"href":"https:\/\/onlinehardwareshop.de\/index.php\/wp-json\/wp\/v2\/product_tag?post=76092"}],"curies":[{"name":"wp","href":"https:\/\/api.w.org\/{rel}","templated":true}]}}