{"id":76059,"date":"2025-04-25T01:53:09","date_gmt":"2025-04-25T01:53:09","guid":{"rendered":"https:\/\/onlinehardwareshop.de\/index.php\/produkt\/tefal-renew-keramikbratpfannenset-24-28cm-wok-28cm-3\/"},"modified":"2025-05-14T06:59:17","modified_gmt":"2025-05-14T06:59:17","slug":"tefal-renew-keramikbratpfannenset-24-28cm-wok-28cm","status":"publish","type":"product","link":"https:\/\/onlinehardwareshop.de\/index.php\/produkt\/tefal-renew-keramikbratpfannenset-24-28cm-wok-28cm\/","title":{"rendered":"Tefal Renew Keramikbratpfannenset 24 + 28&#xA0;cm + Wok 28&#xA0;cm"},"content":{"rendered":"<p>Mit dem Tefal Renew Keramikbratpfannenset 24 + 28\u00a0cm + Wok 28\u00a0cm br\u00e4tst du dank des Woks auch Steak-Steifen und Gem\u00fcse unter R\u00fchren an. Dank des Tefal Thermo-Signalpunkts wei\u00dft du genau, wann du die Zutaten in die Pfanne geben kannst. Dieser Punkt f\u00e4rbt sich gleichm\u00e4\u00dfig rot, wenn die Pfannen hei\u00df genug sind. Zudem verf\u00fcgen die Pfannen \u00fcber eine stabile f\u00fcnfteilige Antihaftbeschichtung aus Keramik. Das sorgt daf\u00fcr, dass die Beschichtung kratzfest ist und du wenig \u00d6l oder Butter brauchst. Au\u00dferdem sind in diesem Set eine 24\u00a0cm und eine 28\u00a0cm gro\u00dfe Bratpfanne enthalten. So hast du eine kleine Pfanne f\u00fcr Kartoffeln und eine gro\u00dfe f\u00fcr Fleisch oder Fisch. Nach der Nutzung stellst du die Pfannen in die Sp\u00fclmaschine. M\u00f6chtest du l\u00e4nger Freude an den Pfannen haben? Dann sp\u00fcle sie besser per Hand.<\/p>\n","protected":false},"excerpt":{"rendered":"<p>Mit dem Tefal Renew Keramikbratpfannenset 24 + 28\u00a0cm + Wok 28\u00a0cm br\u00e4tst du dank des Woks auch Steak-Steifen und Gem\u00fcse unter R\u00fchren an. Dank des Tefal Thermo-Signalpunkts wei\u00dft du genau, wann du die Zutaten in die Pfanne geben kannst. Dieser Punkt f\u00e4rbt sich gleichm\u00e4\u00dfig rot, wenn die Pfannen hei\u00df genug sind. Zudem verf\u00fcgen die Pfannen \u00fcber eine stabile f\u00fcnfteilige Antihaftbeschichtung aus Keramik. Das sorgt daf\u00fcr, dass die Beschichtung kratzfest ist und du wenig \u00d6l oder Butter brauchst. Au\u00dferdem sind in diesem Set eine 24\u00a0cm und eine 28\u00a0cm gro\u00dfe Bratpfanne enthalten. So hast du eine kleine Pfanne f\u00fcr Kartoffeln und eine gro\u00dfe f\u00fcr Fleisch oder Fisch. Nach der Nutzung stellst du die Pfannen in die Sp\u00fclmaschine. M\u00f6chtest du l\u00e4nger Freude an den Pfannen haben? Dann sp\u00fcle sie besser per Hand.<\/p>\n","protected":false},"featured_media":0,"comment_status":"closed","ping_status":"open","template":"","meta":{"_acf_changed":false},"brand":[506],"product_brand":[],"product_cat":[372],"product_tag":[1788],"class_list":{"0":"post-76059","1":"product","2":"type-product","3":"status-publish","5":"brand-tefal","6":"product_cat-tpfe-und-pfannen","7":"product_tag-bakpannensets","8":"pa_condition-new","9":"pa_coolblue-de-verzending-morgen-gratis-geliefert","10":"pa_ean-12560","12":"first","13":"instock","14":"product-type-external"},"acf":[],"_links":{"self":[{"href":"https:\/\/onlinehardwareshop.de\/index.php\/wp-json\/wp\/v2\/product\/76059","targetHints":{"allow":["GET"]}}],"collection":[{"href":"https:\/\/onlinehardwareshop.de\/index.php\/wp-json\/wp\/v2\/product"}],"about":[{"href":"https:\/\/onlinehardwareshop.de\/index.php\/wp-json\/wp\/v2\/types\/product"}],"replies":[{"embeddable":true,"href":"https:\/\/onlinehardwareshop.de\/index.php\/wp-json\/wp\/v2\/comments?post=76059"}],"wp:attachment":[{"href":"https:\/\/onlinehardwareshop.de\/index.php\/wp-json\/wp\/v2\/media?parent=76059"}],"wp:term":[{"taxonomy":"brand","embeddable":true,"href":"https:\/\/onlinehardwareshop.de\/index.php\/wp-json\/wp\/v2\/brand?post=76059"},{"taxonomy":"product_brand","embeddable":true,"href":"https:\/\/onlinehardwareshop.de\/index.php\/wp-json\/wp\/v2\/product_brand?post=76059"},{"taxonomy":"product_cat","embeddable":true,"href":"https:\/\/onlinehardwareshop.de\/index.php\/wp-json\/wp\/v2\/product_cat?post=76059"},{"taxonomy":"product_tag","embeddable":true,"href":"https:\/\/onlinehardwareshop.de\/index.php\/wp-json\/wp\/v2\/product_tag?post=76059"}],"curies":[{"name":"wp","href":"https:\/\/api.w.org\/{rel}","templated":true}]}}