{"id":76043,"date":"2024-02-26T03:16:01","date_gmt":"2024-02-26T03:16:01","guid":{"rendered":"https:\/\/onlinehardwareshop.de\/index.php\/produkt\/nilfisk-excellent-170-2\/"},"modified":"2025-05-14T06:57:43","modified_gmt":"2025-05-14T06:57:43","slug":"nilfisk-excellent-170","status":"publish","type":"product","link":"https:\/\/onlinehardwareshop.de\/index.php\/produkt\/nilfisk-excellent-170\/","title":{"rendered":"Nilfisk Excellent 170"},"content":{"rendered":"<p>Mit dem Nilfisk Excellent 170 lassen sich alle gro\u00dfen Reinigungsarbeiten rund ums Haus ausf\u00fchren. Dieser Hochdruckreiniger hat einen Arbeitsdruck von 170 bar und eine Wasserleistung von 498 Litern pro Stunde. Mit diesem Ger\u00e4t kannst du m\u00fchelos Auto, Wohnwagen, Traktor, Schwimmbad oder deinen Gartenzaun reinigen. Passe den Druck an die zu reinigende Fl\u00e4che an, sodass zum Beispiel der Autolack nicht besch\u00e4digt wird. Zu dieser Ausf\u00fchrung erh\u00e4ltst du standardm\u00e4\u00dfig einen Schaumspr\u00fcher, eine Dreckfr\u00e4se, einen Wasserfilter sowie eine 3-in-1 Spr\u00fchlanze mitgeliefert. Die drei verschiedenen Aufs\u00e4tze f\u00fcr die Spr\u00fchlanze garantieren dir, dass du f\u00fcr jede Reinigungsarbeit  den passenden Aufsatz hast. Dank der R\u00e4der und des Griffes l\u00e4sst sich der Core 170 PowerControl ganz bequem an einen anderen Einsatzort bewegen. Nach Gebrauch wird der Schlauch wieder straff auf die Trommel aufgerollt.  Ein Gartenschlauch ist nicht im Lieferumfang des Hochdruckreinigers inbegriffen. F\u00fcr diesen Hochdruckreiniger ben\u00f6tigst du einen Gartenschlauch mit einem Durchmesser von 13 Millimetern (1\/2&#8243;)  und einer L\u00e4nge ab 3 Meter.<\/p>\n","protected":false},"excerpt":{"rendered":"<p>Mit dem Nilfisk Excellent 170 lassen sich alle gro\u00dfen Reinigungsarbeiten rund ums Haus ausf\u00fchren. Dieser Hochdruckreiniger hat einen Arbeitsdruck von 170 bar und eine Wasserleistung von 498 Litern pro Stunde. Mit diesem Ger\u00e4t kannst du m\u00fchelos Auto, Wohnwagen, Traktor, Schwimmbad oder deinen Gartenzaun reinigen. Passe den Druck an die zu reinigende Fl\u00e4che an, sodass zum Beispiel der Autolack nicht besch\u00e4digt wird. Zu dieser Ausf\u00fchrung erh\u00e4ltst du standardm\u00e4\u00dfig einen Schaumspr\u00fcher, eine Dreckfr\u00e4se, einen Wasserfilter sowie eine 3-in-1 Spr\u00fchlanze mitgeliefert. Die drei verschiedenen Aufs\u00e4tze f\u00fcr die Spr\u00fchlanze garantieren dir, dass du f\u00fcr jede Reinigungsarbeit  den passenden Aufsatz hast. Dank der R\u00e4der und des Griffes l\u00e4sst sich der Core 170 PowerControl ganz bequem an einen anderen Einsatzort bewegen. Nach Gebrauch wird der Schlauch wieder straff auf die Trommel aufgerollt.  Ein Gartenschlauch ist nicht im Lieferumfang des Hochdruckreinigers inbegriffen. F\u00fcr diesen Hochdruckreiniger ben\u00f6tigst du einen Gartenschlauch mit einem Durchmesser von 13 Millimetern (1\/2&#8243;)  und einer L\u00e4nge ab 3 Meter.<\/p>\n","protected":false},"featured_media":0,"comment_status":"closed","ping_status":"open","template":"","meta":{"_acf_changed":false},"brand":[289],"product_brand":[],"product_cat":[2722],"product_tag":[2723],"class_list":{"0":"post-76043","1":"product","2":"type-product","3":"status-publish","5":"brand-nilfisk","6":"product_cat-hochdruckreiniger","7":"product_tag-hogedrukreinigers","8":"pa_condition-new","9":"pa_coolblue-de-verzending-morgen-gratis-geliefert","10":"pa_ean-28977","11":"pa_mpn-28978","13":"first","14":"instock","15":"product-type-external"},"acf":[],"_links":{"self":[{"href":"https:\/\/onlinehardwareshop.de\/index.php\/wp-json\/wp\/v2\/product\/76043","targetHints":{"allow":["GET"]}}],"collection":[{"href":"https:\/\/onlinehardwareshop.de\/index.php\/wp-json\/wp\/v2\/product"}],"about":[{"href":"https:\/\/onlinehardwareshop.de\/index.php\/wp-json\/wp\/v2\/types\/product"}],"replies":[{"embeddable":true,"href":"https:\/\/onlinehardwareshop.de\/index.php\/wp-json\/wp\/v2\/comments?post=76043"}],"wp:attachment":[{"href":"https:\/\/onlinehardwareshop.de\/index.php\/wp-json\/wp\/v2\/media?parent=76043"}],"wp:term":[{"taxonomy":"brand","embeddable":true,"href":"https:\/\/onlinehardwareshop.de\/index.php\/wp-json\/wp\/v2\/brand?post=76043"},{"taxonomy":"product_brand","embeddable":true,"href":"https:\/\/onlinehardwareshop.de\/index.php\/wp-json\/wp\/v2\/product_brand?post=76043"},{"taxonomy":"product_cat","embeddable":true,"href":"https:\/\/onlinehardwareshop.de\/index.php\/wp-json\/wp\/v2\/product_cat?post=76043"},{"taxonomy":"product_tag","embeddable":true,"href":"https:\/\/onlinehardwareshop.de\/index.php\/wp-json\/wp\/v2\/product_tag?post=76043"}],"curies":[{"name":"wp","href":"https:\/\/api.w.org\/{rel}","templated":true}]}}