{"id":76041,"date":"2024-06-28T22:31:37","date_gmt":"2024-06-28T22:31:37","guid":{"rendered":"https:\/\/onlinehardwareshop.de\/index.php\/produkt\/nilfisk-core-140-in-hand-powercontrol-2\/"},"modified":"2025-05-14T06:57:33","modified_gmt":"2025-05-14T06:57:33","slug":"nilfisk-core-140-in-hand-powercontrol","status":"publish","type":"product","link":"https:\/\/onlinehardwareshop.de\/index.php\/produkt\/nilfisk-core-140-in-hand-powercontrol\/","title":{"rendered":"Nilfisk Core 140 In Hand PowerControl"},"content":{"rendered":"<p>Mit dem Nilfisk Core 140 In Hand PowerControl f\u00fchrst du alle kleinen Reinigungsarbeiten rund ums Haus aus. Dieser Hochdruckreiniger hat einen Arbeitsdruck von 140 bar und einer Durchflussmenge von 465 Litern pro Stunde. Mit diesem Ger\u00e4t reinigst du m\u00fchelos deine Gartenm\u00f6bel, dein (Motor-)Rad oder Gartenwerkzeug. Passe den Druck an die zu reinigende Fl\u00e4che an, sodass zum Beispiel der Lack deines Fahrrades nicht besch\u00e4digt wird. Zu dieser Ausf\u00fchrung erh\u00e4ltst du standardm\u00e4\u00dfig eine Dreckfr\u00e4se, Wasserfilter, Spritzlanze und Schaumspr\u00fcher (ohne Reinigungsmittel) mitgeliefert. Der ben\u00f6tigte Gartenschlauch geh\u00f6rt hierbei nicht zum Lieferumfang. Dank der R\u00e4der und des Griffes bewegst du den Core 140 PowerControl ganz bequem an einen anderen Einsatzort. Nach Gebrauch rollst du den Schlauch wieder straff auf die Trommel auf. Nilfisk bietet eine lebenslange Garantie auf seine Produkte. So bist du beim Kauf immer abgesichert.  Ein Gartenschlauch ist nicht im Lieferumfang des Hochdruckreinigers inbegriffen. F\u00fcr diesen Hochdruckreiniger ben\u00f6tigst du einen Gartenschlauch mit einem Durchmesser von 13 Millimetern (1\/2 Zoll) und einer L\u00e4nge ab 3 Meter.<\/p>\n","protected":false},"excerpt":{"rendered":"<p>Mit dem Nilfisk Core 140 In Hand PowerControl f\u00fchrst du alle kleinen Reinigungsarbeiten rund ums Haus aus. Dieser Hochdruckreiniger hat einen Arbeitsdruck von 140 bar und einer Durchflussmenge von 465 Litern pro Stunde. Mit diesem Ger\u00e4t reinigst du m\u00fchelos deine Gartenm\u00f6bel, dein (Motor-)Rad oder Gartenwerkzeug. Passe den Druck an die zu reinigende Fl\u00e4che an, sodass zum Beispiel der Lack deines Fahrrades nicht besch\u00e4digt wird. Zu dieser Ausf\u00fchrung erh\u00e4ltst du standardm\u00e4\u00dfig eine Dreckfr\u00e4se, Wasserfilter, Spritzlanze und Schaumspr\u00fcher (ohne Reinigungsmittel) mitgeliefert. Der ben\u00f6tigte Gartenschlauch geh\u00f6rt hierbei nicht zum Lieferumfang. Dank der R\u00e4der und des Griffes bewegst du den Core 140 PowerControl ganz bequem an einen anderen Einsatzort. Nach Gebrauch rollst du den Schlauch wieder straff auf die Trommel auf. Nilfisk bietet eine lebenslange Garantie auf seine Produkte. So bist du beim Kauf immer abgesichert.  Ein Gartenschlauch ist nicht im Lieferumfang des Hochdruckreinigers inbegriffen. F\u00fcr diesen Hochdruckreiniger ben\u00f6tigst du einen Gartenschlauch mit einem Durchmesser von 13 Millimetern (1\/2 Zoll) und einer L\u00e4nge ab 3 Meter.<\/p>\n","protected":false},"featured_media":0,"comment_status":"closed","ping_status":"open","template":"","meta":{"_acf_changed":false},"brand":[289],"product_brand":[],"product_cat":[2722],"product_tag":[2723],"class_list":{"0":"post-76041","1":"product","2":"type-product","3":"status-publish","5":"brand-nilfisk","6":"product_cat-hochdruckreiniger","7":"product_tag-hogedrukreinigers","8":"pa_condition-new","9":"pa_coolblue-de-verzending-morgen-gratis-geliefert","10":"pa_ean-12524","11":"pa_mpn-12525","13":"first","14":"instock","15":"product-type-external"},"acf":[],"_links":{"self":[{"href":"https:\/\/onlinehardwareshop.de\/index.php\/wp-json\/wp\/v2\/product\/76041","targetHints":{"allow":["GET"]}}],"collection":[{"href":"https:\/\/onlinehardwareshop.de\/index.php\/wp-json\/wp\/v2\/product"}],"about":[{"href":"https:\/\/onlinehardwareshop.de\/index.php\/wp-json\/wp\/v2\/types\/product"}],"replies":[{"embeddable":true,"href":"https:\/\/onlinehardwareshop.de\/index.php\/wp-json\/wp\/v2\/comments?post=76041"}],"wp:attachment":[{"href":"https:\/\/onlinehardwareshop.de\/index.php\/wp-json\/wp\/v2\/media?parent=76041"}],"wp:term":[{"taxonomy":"brand","embeddable":true,"href":"https:\/\/onlinehardwareshop.de\/index.php\/wp-json\/wp\/v2\/brand?post=76041"},{"taxonomy":"product_brand","embeddable":true,"href":"https:\/\/onlinehardwareshop.de\/index.php\/wp-json\/wp\/v2\/product_brand?post=76041"},{"taxonomy":"product_cat","embeddable":true,"href":"https:\/\/onlinehardwareshop.de\/index.php\/wp-json\/wp\/v2\/product_cat?post=76041"},{"taxonomy":"product_tag","embeddable":true,"href":"https:\/\/onlinehardwareshop.de\/index.php\/wp-json\/wp\/v2\/product_tag?post=76041"}],"curies":[{"name":"wp","href":"https:\/\/api.w.org\/{rel}","templated":true}]}}