{"id":76039,"date":"2024-01-02T18:01:24","date_gmt":"2024-01-02T18:01:24","guid":{"rendered":"https:\/\/onlinehardwareshop.de\/index.php\/produkt\/canon-pixma-ts7451i-2\/"},"modified":"2025-05-14T06:57:24","modified_gmt":"2025-05-14T06:57:24","slug":"canon-pixma-ts7451i","status":"publish","type":"product","link":"https:\/\/onlinehardwareshop.de\/index.php\/produkt\/canon-pixma-ts7451i\/","title":{"rendered":"Canon PIXMA TS7451I"},"content":{"rendered":"<p>Der Canon PIXMA TS7451I ist ein Multifunktions-Tintenstrahl-Farbdrucker f\u00fcr zu Hause, mit dem du auf kreative Weise Fotos ausdruckst. Dieser Drucker unterst\u00fctzt nicht nur Standard-Fotopapier, sondern auch magnetisches und Klebepapier. Das bietet mehr kreative M\u00f6glichkeiten. Arbeitest du mit deinem Smartphone oder Tablet? Dann kannst du Druckauftr\u00e4ge kabellos an den PIXMA-Drucker senden. Eine andere praktische Funktion ist der automatische Dokumenteneinzug (ADF). Lege bis zu 35 DIN-A4-Bl\u00e4tter in den ADF-Einzug und scanne oder kopiere den Stapel in einem Durchgang. Das spart viel Zeit und M\u00fche.<\/p>\n<p> Geeignet f\u00fcr Canon PIXMA Print Plan<\/p>\n<p> Dieser Drucker eignet sich f\u00fcr den Canon PIXMA Print Plan. Dabei handelt es sich um einen Tintenservice, der dir eine bestimmte Anzahl Ausdrucke f\u00fcr einen festen Monatsbetrag zur Verf\u00fcgung stellt. Dein Drucker bestellt selbstst\u00e4ndig neue Patronen, wenn diese fast leer sind, die kostenlos geliefert werden. So geht dir nie mehr die Tinte aus. M\u00f6chtest du mehr \u00fcber den PIXMA Print Plan erfahren? Sieh dir unseren Beratungsartikel an.<\/p>\n","protected":false},"excerpt":{"rendered":"<p>Der Canon PIXMA TS7451I ist ein Multifunktions-Tintenstrahl-Farbdrucker f\u00fcr zu Hause, mit dem du auf kreative Weise Fotos ausdruckst. Dieser Drucker unterst\u00fctzt nicht nur Standard-Fotopapier, sondern auch magnetisches und Klebepapier. Das bietet mehr kreative M\u00f6glichkeiten. Arbeitest du mit deinem Smartphone oder Tablet? Dann kannst du Druckauftr\u00e4ge kabellos an den PIXMA-Drucker senden. Eine andere praktische Funktion ist der automatische Dokumenteneinzug (ADF). Lege bis zu 35 DIN-A4-Bl\u00e4tter in den ADF-Einzug und scanne oder kopiere den Stapel in einem Durchgang. Das spart viel Zeit und M\u00fche.<\/p>\n<p> Geeignet f\u00fcr Canon PIXMA Print Plan<\/p>\n<p> Dieser Drucker eignet sich f\u00fcr den Canon PIXMA Print Plan. Dabei handelt es sich um einen Tintenservice, der dir eine bestimmte Anzahl Ausdrucke f\u00fcr einen festen Monatsbetrag zur Verf\u00fcgung stellt. Dein Drucker bestellt selbstst\u00e4ndig neue Patronen, wenn diese fast leer sind, die kostenlos geliefert werden. So geht dir nie mehr die Tinte aus. M\u00f6chtest du mehr \u00fcber den PIXMA Print Plan erfahren? Sieh dir unseren Beratungsartikel an.<\/p>\n","protected":false},"featured_media":0,"comment_status":"closed","ping_status":"open","template":"","meta":{"_acf_changed":false},"brand":[61],"product_brand":[],"product_cat":[2205],"product_tag":[2206],"class_list":{"0":"post-76039","1":"product","2":"type-product","3":"status-publish","5":"brand-canon","6":"product_cat-drucker","7":"product_tag-inkjetprinters","8":"pa_condition-new","9":"pa_coolblue-de-verzending-morgen-gratis-geliefert","10":"pa_ean-12520","11":"pa_mpn-5449c026aa","13":"first","14":"instock","15":"product-type-external"},"acf":[],"_links":{"self":[{"href":"https:\/\/onlinehardwareshop.de\/index.php\/wp-json\/wp\/v2\/product\/76039","targetHints":{"allow":["GET"]}}],"collection":[{"href":"https:\/\/onlinehardwareshop.de\/index.php\/wp-json\/wp\/v2\/product"}],"about":[{"href":"https:\/\/onlinehardwareshop.de\/index.php\/wp-json\/wp\/v2\/types\/product"}],"replies":[{"embeddable":true,"href":"https:\/\/onlinehardwareshop.de\/index.php\/wp-json\/wp\/v2\/comments?post=76039"}],"wp:attachment":[{"href":"https:\/\/onlinehardwareshop.de\/index.php\/wp-json\/wp\/v2\/media?parent=76039"}],"wp:term":[{"taxonomy":"brand","embeddable":true,"href":"https:\/\/onlinehardwareshop.de\/index.php\/wp-json\/wp\/v2\/brand?post=76039"},{"taxonomy":"product_brand","embeddable":true,"href":"https:\/\/onlinehardwareshop.de\/index.php\/wp-json\/wp\/v2\/product_brand?post=76039"},{"taxonomy":"product_cat","embeddable":true,"href":"https:\/\/onlinehardwareshop.de\/index.php\/wp-json\/wp\/v2\/product_cat?post=76039"},{"taxonomy":"product_tag","embeddable":true,"href":"https:\/\/onlinehardwareshop.de\/index.php\/wp-json\/wp\/v2\/product_tag?post=76039"}],"curies":[{"name":"wp","href":"https:\/\/api.w.org\/{rel}","templated":true}]}}