{"id":76037,"date":"2024-09-21T15:42:08","date_gmt":"2024-09-21T15:42:08","guid":{"rendered":"https:\/\/onlinehardwareshop.de\/index.php\/produkt\/razer-basilisk-v3-pro-kabellose-gaming-maus-wei-2\/"},"modified":"2025-05-14T06:57:06","modified_gmt":"2025-05-14T06:57:06","slug":"razer-basilisk-v3-pro-kabellose-gaming-maus-wei","status":"publish","type":"product","link":"https:\/\/onlinehardwareshop.de\/index.php\/produkt\/razer-basilisk-v3-pro-kabellose-gaming-maus-wei\/","title":{"rendered":"Razer Basilisk V3 Pro Kabellose Gaming-Maus Wei&#xDF;"},"content":{"rendered":"<p>Mit der kabellosen Razer Basilisk V3 Pro Gaming Maus wappnest du dich gegen die h\u00e4rtesten Gegner. Die optischen Gen-3-Switches von Razer sorgen daf\u00fcr, dass dein Mausklick sofort und ohne Verz\u00f6gerung registriert wird. Dadurch reagierst du im Spiel schnell, sobald du eine Aktion ausf\u00fchrst. Diese Maus verf\u00fcgt au\u00dferdem \u00fcber Razer Hyperscroll, womit du verschiedene Scroll-Profile wie den &#8218;Free Spin Mode&#8216; oder den &#8218;Tactile Cycling Mode&#8216; f\u00fcr mehr Pr\u00e4zision einstellen kannst. Zudem wurde die Lebensdauer der Maus von 70 Millionen Klicks auf 90 Millionen Klicks erh\u00f6ht. Stelle die elf programmierbaren Tasten so ein, dass du mit einem einzigen Klick einen Spezialangriff ausf\u00fchren kannst. Spielst du viele verschiedene Spiele? Mit einer einstellbaren Aufl\u00f6sung von bis zu 30.000\u00a0dpi kannst du diese Maus f\u00fcr eine Partie Warzone, aber auch f\u00fcr einen ruhigen Abend mit The Sims verwenden. Die Maus hat eine Akkulaufzeit von 90 Stunden, sodass auch lange Spielsitzungen ohne Aufladen m\u00f6glich sind. \u00dcber die Razer Synapse Software lassen sich noch weitere Einstellungen wie Makros und Lichteffekte vornehmen. Du h\u00e4ltst also die perfekte Maus in deinen H\u00e4nden.<\/p>\n","protected":false},"excerpt":{"rendered":"<p>Mit der kabellosen Razer Basilisk V3 Pro Gaming Maus wappnest du dich gegen die h\u00e4rtesten Gegner. Die optischen Gen-3-Switches von Razer sorgen daf\u00fcr, dass dein Mausklick sofort und ohne Verz\u00f6gerung registriert wird. Dadurch reagierst du im Spiel schnell, sobald du eine Aktion ausf\u00fchrst. Diese Maus verf\u00fcgt au\u00dferdem \u00fcber Razer Hyperscroll, womit du verschiedene Scroll-Profile wie den &#8218;Free Spin Mode&#8216; oder den &#8218;Tactile Cycling Mode&#8216; f\u00fcr mehr Pr\u00e4zision einstellen kannst. Zudem wurde die Lebensdauer der Maus von 70 Millionen Klicks auf 90 Millionen Klicks erh\u00f6ht. Stelle die elf programmierbaren Tasten so ein, dass du mit einem einzigen Klick einen Spezialangriff ausf\u00fchren kannst. Spielst du viele verschiedene Spiele? Mit einer einstellbaren Aufl\u00f6sung von bis zu 30.000\u00a0dpi kannst du diese Maus f\u00fcr eine Partie Warzone, aber auch f\u00fcr einen ruhigen Abend mit The Sims verwenden. Die Maus hat eine Akkulaufzeit von 90 Stunden, sodass auch lange Spielsitzungen ohne Aufladen m\u00f6glich sind. \u00dcber die Razer Synapse Software lassen sich noch weitere Einstellungen wie Makros und Lichteffekte vornehmen. Du h\u00e4ltst also die perfekte Maus in deinen H\u00e4nden.<\/p>\n","protected":false},"featured_media":0,"comment_status":"closed","ping_status":"open","template":"","meta":{"_acf_changed":false},"brand":[3451],"product_brand":[],"product_cat":[33],"product_tag":[3752],"class_list":{"0":"post-76037","1":"product","2":"type-product","3":"status-publish","5":"brand-razer","6":"product_cat-muse","7":"product_tag-gaming-muizen","8":"pa_condition-new","9":"pa_coolblue-de-verzending-morgen-gratis-geliefert","10":"pa_ean-12516","11":"pa_mpn-rz01-04620200-r3g1","13":"first","14":"instock","15":"product-type-external"},"acf":[],"_links":{"self":[{"href":"https:\/\/onlinehardwareshop.de\/index.php\/wp-json\/wp\/v2\/product\/76037","targetHints":{"allow":["GET"]}}],"collection":[{"href":"https:\/\/onlinehardwareshop.de\/index.php\/wp-json\/wp\/v2\/product"}],"about":[{"href":"https:\/\/onlinehardwareshop.de\/index.php\/wp-json\/wp\/v2\/types\/product"}],"replies":[{"embeddable":true,"href":"https:\/\/onlinehardwareshop.de\/index.php\/wp-json\/wp\/v2\/comments?post=76037"}],"wp:attachment":[{"href":"https:\/\/onlinehardwareshop.de\/index.php\/wp-json\/wp\/v2\/media?parent=76037"}],"wp:term":[{"taxonomy":"brand","embeddable":true,"href":"https:\/\/onlinehardwareshop.de\/index.php\/wp-json\/wp\/v2\/brand?post=76037"},{"taxonomy":"product_brand","embeddable":true,"href":"https:\/\/onlinehardwareshop.de\/index.php\/wp-json\/wp\/v2\/product_brand?post=76037"},{"taxonomy":"product_cat","embeddable":true,"href":"https:\/\/onlinehardwareshop.de\/index.php\/wp-json\/wp\/v2\/product_cat?post=76037"},{"taxonomy":"product_tag","embeddable":true,"href":"https:\/\/onlinehardwareshop.de\/index.php\/wp-json\/wp\/v2\/product_tag?post=76037"}],"curies":[{"name":"wp","href":"https:\/\/api.w.org\/{rel}","templated":true}]}}