{"id":76027,"date":"2024-04-20T04:23:50","date_gmt":"2024-04-20T04:23:50","guid":{"rendered":"https:\/\/onlinehardwareshop.de\/index.php\/produkt\/marantz-cinema-70s-schwarz-2\/"},"modified":"2025-05-14T06:56:23","modified_gmt":"2025-05-14T06:56:23","slug":"marantz-cinema-70s-schwarz","status":"publish","type":"product","link":"https:\/\/onlinehardwareshop.de\/index.php\/produkt\/marantz-cinema-70s-schwarz\/","title":{"rendered":"Marantz Cinema 70S Schwarz"},"content":{"rendered":"<p>Mit dem Marantz Cinema 70S kannst du ein Kinoerlebnis in deinem eigenen Zuhause schaffen. Der 7.2-Kanal-Receiver verf\u00fcgt \u00fcber 50\u00a0Watt Verst\u00e4rkung pro Kanal und Dolby Atmos. Diese Technologie erzeugt Surround-Sound, indem sie den Schall an die Decke sendet, um von dort aus weiter zu deiner H\u00f6rposition reflektiert zu werden. Du kannst dir gestochen scharfe Bilder ansehen, w\u00e4hrend der Receiver 4K-Material von deiner AV-Quelle an deinen Fernseher sendet. H\u00f6rst du gerne Musik? Dann schlie\u00dfe den Receiver einfach an dein HEOS-Multiroom-System an und streame Musik in deinem ganzen Haus. Dank des schlanken Designs kannst du den Receiver perfekt in dein Heimkino-Setup integrieren.<\/p>\n","protected":false},"excerpt":{"rendered":"<p>Mit dem Marantz Cinema 70S kannst du ein Kinoerlebnis in deinem eigenen Zuhause schaffen. Der 7.2-Kanal-Receiver verf\u00fcgt \u00fcber 50\u00a0Watt Verst\u00e4rkung pro Kanal und Dolby Atmos. Diese Technologie erzeugt Surround-Sound, indem sie den Schall an die Decke sendet, um von dort aus weiter zu deiner H\u00f6rposition reflektiert zu werden. Du kannst dir gestochen scharfe Bilder ansehen, w\u00e4hrend der Receiver 4K-Material von deiner AV-Quelle an deinen Fernseher sendet. H\u00f6rst du gerne Musik? Dann schlie\u00dfe den Receiver einfach an dein HEOS-Multiroom-System an und streame Musik in deinem ganzen Haus. Dank des schlanken Designs kannst du den Receiver perfekt in dein Heimkino-Setup integrieren.<\/p>\n","protected":false},"featured_media":0,"comment_status":"closed","ping_status":"open","template":"","meta":{"_acf_changed":false},"brand":[4447],"product_brand":[],"product_cat":[2260],"product_tag":[2261],"class_list":{"0":"post-76027","1":"product","2":"type-product","3":"status-publish","5":"brand-marantz","6":"product_cat-receiver","7":"product_tag-receivers-av","8":"pa_condition-new","9":"pa_coolblue-de-verzending-morgen-gratis-geliefert","10":"pa_ean-28777","11":"pa_mpn-cinema70s-n1b","13":"first","14":"instock","15":"product-type-external"},"acf":[],"_links":{"self":[{"href":"https:\/\/onlinehardwareshop.de\/index.php\/wp-json\/wp\/v2\/product\/76027","targetHints":{"allow":["GET"]}}],"collection":[{"href":"https:\/\/onlinehardwareshop.de\/index.php\/wp-json\/wp\/v2\/product"}],"about":[{"href":"https:\/\/onlinehardwareshop.de\/index.php\/wp-json\/wp\/v2\/types\/product"}],"replies":[{"embeddable":true,"href":"https:\/\/onlinehardwareshop.de\/index.php\/wp-json\/wp\/v2\/comments?post=76027"}],"wp:attachment":[{"href":"https:\/\/onlinehardwareshop.de\/index.php\/wp-json\/wp\/v2\/media?parent=76027"}],"wp:term":[{"taxonomy":"brand","embeddable":true,"href":"https:\/\/onlinehardwareshop.de\/index.php\/wp-json\/wp\/v2\/brand?post=76027"},{"taxonomy":"product_brand","embeddable":true,"href":"https:\/\/onlinehardwareshop.de\/index.php\/wp-json\/wp\/v2\/product_brand?post=76027"},{"taxonomy":"product_cat","embeddable":true,"href":"https:\/\/onlinehardwareshop.de\/index.php\/wp-json\/wp\/v2\/product_cat?post=76027"},{"taxonomy":"product_tag","embeddable":true,"href":"https:\/\/onlinehardwareshop.de\/index.php\/wp-json\/wp\/v2\/product_tag?post=76027"}],"curies":[{"name":"wp","href":"https:\/\/api.w.org\/{rel}","templated":true}]}}