{"id":76023,"date":"2024-08-17T00:09:01","date_gmt":"2024-08-17T00:09:01","guid":{"rendered":"https:\/\/onlinehardwareshop.de\/index.php\/produkt\/onkyo-txnr6100-2\/"},"modified":"2025-05-14T06:55:59","modified_gmt":"2025-05-14T06:55:59","slug":"onkyo-txnr6100","status":"publish","type":"product","link":"https:\/\/onlinehardwareshop.de\/index.php\/produkt\/onkyo-txnr6100\/","title":{"rendered":"Onkyo TXNR6100"},"content":{"rendered":"<p>Der Onkyo TX-NR6100 ist ein speziell f\u00fcr Gamer entworfener 7.2-Kanal-Receiver. Dank VRR und 4K\/120\u00a0Hertz Pass-Through hast du keine Probleme mit Verz\u00f6gerungen oder Stocken. So bist du deinem Gegner immer einen Schritt voraus und erlebst fl\u00fcssiges Gaming. Dolby Atmos leitet den Ton \u00fcber die Decke zu deiner H\u00f6rposition. Dadurch schaffst du einen echten Surround-Sound-Effekt und hast das Gef\u00fchl, dich mitten in der Handlung zu befinden. Mit dem zugeh\u00f6rigen Mikrofon passt du die Toneinstellungen des Receivers an die Akustik deines Zimmers an.<\/p>\n","protected":false},"excerpt":{"rendered":"<p>Der Onkyo TX-NR6100 ist ein speziell f\u00fcr Gamer entworfener 7.2-Kanal-Receiver. Dank VRR und 4K\/120\u00a0Hertz Pass-Through hast du keine Probleme mit Verz\u00f6gerungen oder Stocken. So bist du deinem Gegner immer einen Schritt voraus und erlebst fl\u00fcssiges Gaming. Dolby Atmos leitet den Ton \u00fcber die Decke zu deiner H\u00f6rposition. Dadurch schaffst du einen echten Surround-Sound-Effekt und hast das Gef\u00fchl, dich mitten in der Handlung zu befinden. Mit dem zugeh\u00f6rigen Mikrofon passt du die Toneinstellungen des Receivers an die Akustik deines Zimmers an.<\/p>\n","protected":false},"featured_media":0,"comment_status":"closed","ping_status":"open","template":"","meta":{"_acf_changed":false},"brand":[27712],"product_brand":[],"product_cat":[2260],"product_tag":[2261],"class_list":{"0":"post-76023","1":"product","2":"type-product","3":"status-publish","5":"brand-onkyo","6":"product_cat-receiver","7":"product_tag-receivers-av","8":"pa_condition-new","9":"pa_coolblue-de-verzending-morgen-gratis-geliefert","10":"pa_ean-32285","11":"pa_mpn-txnr6100bmmp","13":"first","14":"instock","15":"product-type-external"},"acf":[],"_links":{"self":[{"href":"https:\/\/onlinehardwareshop.de\/index.php\/wp-json\/wp\/v2\/product\/76023","targetHints":{"allow":["GET"]}}],"collection":[{"href":"https:\/\/onlinehardwareshop.de\/index.php\/wp-json\/wp\/v2\/product"}],"about":[{"href":"https:\/\/onlinehardwareshop.de\/index.php\/wp-json\/wp\/v2\/types\/product"}],"replies":[{"embeddable":true,"href":"https:\/\/onlinehardwareshop.de\/index.php\/wp-json\/wp\/v2\/comments?post=76023"}],"wp:attachment":[{"href":"https:\/\/onlinehardwareshop.de\/index.php\/wp-json\/wp\/v2\/media?parent=76023"}],"wp:term":[{"taxonomy":"brand","embeddable":true,"href":"https:\/\/onlinehardwareshop.de\/index.php\/wp-json\/wp\/v2\/brand?post=76023"},{"taxonomy":"product_brand","embeddable":true,"href":"https:\/\/onlinehardwareshop.de\/index.php\/wp-json\/wp\/v2\/product_brand?post=76023"},{"taxonomy":"product_cat","embeddable":true,"href":"https:\/\/onlinehardwareshop.de\/index.php\/wp-json\/wp\/v2\/product_cat?post=76023"},{"taxonomy":"product_tag","embeddable":true,"href":"https:\/\/onlinehardwareshop.de\/index.php\/wp-json\/wp\/v2\/product_tag?post=76023"}],"curies":[{"name":"wp","href":"https:\/\/api.w.org\/{rel}","templated":true}]}}