{"id":76003,"date":"2024-11-17T04:09:41","date_gmt":"2024-11-17T04:09:41","guid":{"rendered":"https:\/\/onlinehardwareshop.de\/index.php\/produkt\/canon-i-sensys-mf267dw-ii-2\/"},"modified":"2025-05-14T06:54:07","modified_gmt":"2025-05-14T06:54:07","slug":"canon-i-sensys-mf267dw-ii","status":"publish","type":"product","link":"https:\/\/onlinehardwareshop.de\/index.php\/produkt\/canon-i-sensys-mf267dw-ii\/","title":{"rendered":"Canon i-SENSYS MF267DW II"},"content":{"rendered":"<p>Drucke, scanne, kopiere und faxe mit dem Canon i-SENSYS MF267DW II. Es handelt sich um einen Schwarz-Wei\u00df Multifunktions-Laserdrucker f\u00fcr ein mittelgro\u00dfes B\u00fcro. Das Drucken geschieht mit einer Geschwindigkeit von 28 Seiten pro Minute. Zudem druckt der Drucker automatisch beidseitig. Der i-SENSYS MF267DW II verf\u00fcgt \u00fcber einen doppelseitigen, automatischen Dokumenteneinzug, womit du 35 Seiten auf einmal doppelseitig scannst oder kopierst. Deine Druckauftr\u00e4ge versendest du bequem und ganz ohne Modem \u00fcber Wi-Fi Direct. Der Drucker ist gro\u00df, weshalb er auf einen separaten Tisch Platz findet. Dank der Papierkapazit\u00e4t von 250 Seiten brauchst du das Papier nicht allzu h\u00e4ufig wieder aufzuf\u00fcllen.<\/p>\n","protected":false},"excerpt":{"rendered":"<p>Drucke, scanne, kopiere und faxe mit dem Canon i-SENSYS MF267DW II. Es handelt sich um einen Schwarz-Wei\u00df Multifunktions-Laserdrucker f\u00fcr ein mittelgro\u00dfes B\u00fcro. Das Drucken geschieht mit einer Geschwindigkeit von 28 Seiten pro Minute. Zudem druckt der Drucker automatisch beidseitig. Der i-SENSYS MF267DW II verf\u00fcgt \u00fcber einen doppelseitigen, automatischen Dokumenteneinzug, womit du 35 Seiten auf einmal doppelseitig scannst oder kopierst. Deine Druckauftr\u00e4ge versendest du bequem und ganz ohne Modem \u00fcber Wi-Fi Direct. Der Drucker ist gro\u00df, weshalb er auf einen separaten Tisch Platz findet. Dank der Papierkapazit\u00e4t von 250 Seiten brauchst du das Papier nicht allzu h\u00e4ufig wieder aufzuf\u00fcllen.<\/p>\n","protected":false},"featured_media":0,"comment_status":"closed","ping_status":"open","template":"","meta":{"_acf_changed":false},"brand":[61],"product_brand":[],"product_cat":[2205],"product_tag":[4823],"class_list":{"0":"post-76003","1":"product","2":"type-product","3":"status-publish","5":"brand-canon","6":"product_cat-drucker","7":"product_tag-laserprinters","8":"pa_condition-new","9":"pa_coolblue-de-verzending-morgen-gratis-geliefert","10":"pa_ean-12441","11":"pa_mpn-5938c008aa","13":"first","14":"instock","15":"product-type-external"},"acf":[],"_links":{"self":[{"href":"https:\/\/onlinehardwareshop.de\/index.php\/wp-json\/wp\/v2\/product\/76003","targetHints":{"allow":["GET"]}}],"collection":[{"href":"https:\/\/onlinehardwareshop.de\/index.php\/wp-json\/wp\/v2\/product"}],"about":[{"href":"https:\/\/onlinehardwareshop.de\/index.php\/wp-json\/wp\/v2\/types\/product"}],"replies":[{"embeddable":true,"href":"https:\/\/onlinehardwareshop.de\/index.php\/wp-json\/wp\/v2\/comments?post=76003"}],"wp:attachment":[{"href":"https:\/\/onlinehardwareshop.de\/index.php\/wp-json\/wp\/v2\/media?parent=76003"}],"wp:term":[{"taxonomy":"brand","embeddable":true,"href":"https:\/\/onlinehardwareshop.de\/index.php\/wp-json\/wp\/v2\/brand?post=76003"},{"taxonomy":"product_brand","embeddable":true,"href":"https:\/\/onlinehardwareshop.de\/index.php\/wp-json\/wp\/v2\/product_brand?post=76003"},{"taxonomy":"product_cat","embeddable":true,"href":"https:\/\/onlinehardwareshop.de\/index.php\/wp-json\/wp\/v2\/product_cat?post=76003"},{"taxonomy":"product_tag","embeddable":true,"href":"https:\/\/onlinehardwareshop.de\/index.php\/wp-json\/wp\/v2\/product_tag?post=76003"}],"curies":[{"name":"wp","href":"https:\/\/api.w.org\/{rel}","templated":true}]}}