{"id":75999,"date":"2024-01-14T02:27:47","date_gmt":"2024-01-14T02:27:47","guid":{"rendered":"https:\/\/onlinehardwareshop.de\/index.php\/produkt\/canon-i-sensys-mf651-cw-2\/"},"modified":"2025-05-14T06:53:53","modified_gmt":"2025-05-14T06:53:53","slug":"canon-i-sensys-mf651-cw","status":"publish","type":"product","link":"https:\/\/onlinehardwareshop.de\/index.php\/produkt\/canon-i-sensys-mf651-cw\/","title":{"rendered":"Canon I-SENSYS MF651 CW"},"content":{"rendered":"<p>Mit dem Canon I-SENSYS MF651CW erh\u00e4ltst du einen Farblaserdrucker f\u00fcr dein Homeoffice oder kleines B\u00fcro. Mit diesem Multifunktionsmodell kannst du drucken, kopieren und scannen. Die Druckgeschwindigkeit des Druckers betr\u00e4gt 18 Farbseiten pro Minute, wodurch du nicht lange auf umfangreichere Dokumente zu warten brauchst. Du sendest deine Druckauftr\u00e4ge kabelgebunden oder kabellos \u00fcber WiFi Direct. Mit WiFi Direct stellst du ganz ohne Modem eine direkte Verbindung zwischen Drucker und Computer oder Handy her. Die Druckaufl\u00f6sung des I-SENSYS MF651CW liegt bei 1.200 x 1.200 dpi. Hiermit druckst du gestochen scharfe Texte, Tabellen und Grafiken in Farbe. Die Bedienung des Druckers erfolgt \u00fcber den Touchscreen.<\/p>\n","protected":false},"excerpt":{"rendered":"<p>Mit dem Canon I-SENSYS MF651CW erh\u00e4ltst du einen Farblaserdrucker f\u00fcr dein Homeoffice oder kleines B\u00fcro. Mit diesem Multifunktionsmodell kannst du drucken, kopieren und scannen. Die Druckgeschwindigkeit des Druckers betr\u00e4gt 18 Farbseiten pro Minute, wodurch du nicht lange auf umfangreichere Dokumente zu warten brauchst. Du sendest deine Druckauftr\u00e4ge kabelgebunden oder kabellos \u00fcber WiFi Direct. Mit WiFi Direct stellst du ganz ohne Modem eine direkte Verbindung zwischen Drucker und Computer oder Handy her. Die Druckaufl\u00f6sung des I-SENSYS MF651CW liegt bei 1.200 x 1.200 dpi. Hiermit druckst du gestochen scharfe Texte, Tabellen und Grafiken in Farbe. Die Bedienung des Druckers erfolgt \u00fcber den Touchscreen.<\/p>\n","protected":false},"featured_media":0,"comment_status":"closed","ping_status":"open","template":"","meta":{"_acf_changed":false},"brand":[61],"product_brand":[],"product_cat":[2205],"product_tag":[4823],"class_list":{"0":"post-75999","1":"product","2":"type-product","3":"status-publish","5":"brand-canon","6":"product_cat-drucker","7":"product_tag-laserprinters","8":"pa_condition-new","9":"pa_coolblue-de-verzending-morgen-gratis-geliefert","10":"pa_ean-12433","11":"pa_mpn-5158c009aa","13":"first","14":"instock","15":"product-type-external"},"acf":[],"_links":{"self":[{"href":"https:\/\/onlinehardwareshop.de\/index.php\/wp-json\/wp\/v2\/product\/75999","targetHints":{"allow":["GET"]}}],"collection":[{"href":"https:\/\/onlinehardwareshop.de\/index.php\/wp-json\/wp\/v2\/product"}],"about":[{"href":"https:\/\/onlinehardwareshop.de\/index.php\/wp-json\/wp\/v2\/types\/product"}],"replies":[{"embeddable":true,"href":"https:\/\/onlinehardwareshop.de\/index.php\/wp-json\/wp\/v2\/comments?post=75999"}],"wp:attachment":[{"href":"https:\/\/onlinehardwareshop.de\/index.php\/wp-json\/wp\/v2\/media?parent=75999"}],"wp:term":[{"taxonomy":"brand","embeddable":true,"href":"https:\/\/onlinehardwareshop.de\/index.php\/wp-json\/wp\/v2\/brand?post=75999"},{"taxonomy":"product_brand","embeddable":true,"href":"https:\/\/onlinehardwareshop.de\/index.php\/wp-json\/wp\/v2\/product_brand?post=75999"},{"taxonomy":"product_cat","embeddable":true,"href":"https:\/\/onlinehardwareshop.de\/index.php\/wp-json\/wp\/v2\/product_cat?post=75999"},{"taxonomy":"product_tag","embeddable":true,"href":"https:\/\/onlinehardwareshop.de\/index.php\/wp-json\/wp\/v2\/product_tag?post=75999"}],"curies":[{"name":"wp","href":"https:\/\/api.w.org\/{rel}","templated":true}]}}