{"id":75989,"date":"2024-06-08T08:07:20","date_gmt":"2024-06-08T08:07:20","guid":{"rendered":"https:\/\/onlinehardwareshop.de\/index.php\/produkt\/samsung-t7-shield-4tb-schwarz-2\/"},"modified":"2025-05-14T06:52:47","modified_gmt":"2025-05-14T06:52:47","slug":"samsung-t7-shield-4tb-schwarz","status":"publish","type":"product","link":"https:\/\/onlinehardwareshop.de\/index.php\/produkt\/samsung-t7-shield-4tb-schwarz\/","title":{"rendered":"Samsung T7 Shield 4TB Schwarz"},"content":{"rendered":"<p>Mit der Samsung T7 Shield 4\u00a0TB Schwarz stattest du deine Ger\u00e4te \u00fcber den USB-C-Port mit zus\u00e4tzlichem Speicher aus. Aufgrund der Schutzschicht aus Silikon ist die T7 Shield sto\u00dffest, staub- und wasserbest\u00e4ndig und kann daher einiges aushalten. Das wirkt sich jedoch nicht negativ auf die Leistungen der SSD aus. Man kann n\u00e4mlich einen zweist\u00fcndigen 4K-Film mit einer Geschwindigkeit von 1 Gigabyte pro Sekunde in weniger als einer Minute \u00fcbertragen. Die SSD eignet sich f\u00fcr Android, Windows und macOS. Daher ist ein Formatieren vor der Verwendung \u00fcberfl\u00fcssig, sodass du direkt loslegen kannst. Zudem sind alle Daten dank der Datenverschl\u00fcsselung gut gesch\u00fctzt und du brauchst dir keine Sorgen \u00fcber unerw\u00fcnschte Mitnutzer zu machen. Auf diese externe SSD erh\u00e4ltst du von Samsung drei Jahre Garantie. Dar\u00fcber hinaus eignet sich diese externe SSD auch f\u00fcr die Verwendung mit iPhone, PlayStation 5 und Xbox Series XIS.<\/p>\n","protected":false},"excerpt":{"rendered":"<p>Mit der Samsung T7 Shield 4\u00a0TB Schwarz stattest du deine Ger\u00e4te \u00fcber den USB-C-Port mit zus\u00e4tzlichem Speicher aus. Aufgrund der Schutzschicht aus Silikon ist die T7 Shield sto\u00dffest, staub- und wasserbest\u00e4ndig und kann daher einiges aushalten. Das wirkt sich jedoch nicht negativ auf die Leistungen der SSD aus. Man kann n\u00e4mlich einen zweist\u00fcndigen 4K-Film mit einer Geschwindigkeit von 1 Gigabyte pro Sekunde in weniger als einer Minute \u00fcbertragen. Die SSD eignet sich f\u00fcr Android, Windows und macOS. Daher ist ein Formatieren vor der Verwendung \u00fcberfl\u00fcssig, sodass du direkt loslegen kannst. Zudem sind alle Daten dank der Datenverschl\u00fcsselung gut gesch\u00fctzt und du brauchst dir keine Sorgen \u00fcber unerw\u00fcnschte Mitnutzer zu machen. Auf diese externe SSD erh\u00e4ltst du von Samsung drei Jahre Garantie. Dar\u00fcber hinaus eignet sich diese externe SSD auch f\u00fcr die Verwendung mit iPhone, PlayStation 5 und Xbox Series XIS.<\/p>\n","protected":false},"featured_media":0,"comment_status":"closed","ping_status":"open","template":"","meta":{"_acf_changed":false},"brand":[1165],"product_brand":[],"product_cat":[4819],"product_tag":[4820],"class_list":{"0":"post-75989","1":"product","2":"type-product","3":"status-publish","5":"brand-samsung","6":"product_cat-externe-ssds","7":"product_tag-harde-schijven-extern-ssd","8":"pa_condition-new","9":"pa_coolblue-de-verzending-morgen-gratis-geliefert","10":"pa_ean-12417","11":"pa_mpn-mu-pe4t0s-eu","13":"first","14":"instock","15":"product-type-external"},"acf":[],"_links":{"self":[{"href":"https:\/\/onlinehardwareshop.de\/index.php\/wp-json\/wp\/v2\/product\/75989","targetHints":{"allow":["GET"]}}],"collection":[{"href":"https:\/\/onlinehardwareshop.de\/index.php\/wp-json\/wp\/v2\/product"}],"about":[{"href":"https:\/\/onlinehardwareshop.de\/index.php\/wp-json\/wp\/v2\/types\/product"}],"replies":[{"embeddable":true,"href":"https:\/\/onlinehardwareshop.de\/index.php\/wp-json\/wp\/v2\/comments?post=75989"}],"wp:attachment":[{"href":"https:\/\/onlinehardwareshop.de\/index.php\/wp-json\/wp\/v2\/media?parent=75989"}],"wp:term":[{"taxonomy":"brand","embeddable":true,"href":"https:\/\/onlinehardwareshop.de\/index.php\/wp-json\/wp\/v2\/brand?post=75989"},{"taxonomy":"product_brand","embeddable":true,"href":"https:\/\/onlinehardwareshop.de\/index.php\/wp-json\/wp\/v2\/product_brand?post=75989"},{"taxonomy":"product_cat","embeddable":true,"href":"https:\/\/onlinehardwareshop.de\/index.php\/wp-json\/wp\/v2\/product_cat?post=75989"},{"taxonomy":"product_tag","embeddable":true,"href":"https:\/\/onlinehardwareshop.de\/index.php\/wp-json\/wp\/v2\/product_tag?post=75989"}],"curies":[{"name":"wp","href":"https:\/\/api.w.org\/{rel}","templated":true}]}}