{"id":75979,"date":"2024-07-01T11:37:54","date_gmt":"2024-07-01T11:37:54","guid":{"rendered":"https:\/\/onlinehardwareshop.de\/index.php\/produkt\/razer-barracuda-x-wireless-gaming-headset-mercury-white-2022-2\/"},"modified":"2025-05-14T06:51:51","modified_gmt":"2025-05-14T06:51:51","slug":"razer-barracuda-x-wireless-gaming-headset-mercury-white-2022","status":"publish","type":"product","link":"https:\/\/onlinehardwareshop.de\/index.php\/produkt\/razer-barracuda-x-wireless-gaming-headset-mercury-white-2022\/","title":{"rendered":"Razer Barracuda X Wireless Gaming-Headset &#8211; Mercury White (2022)"},"content":{"rendered":"<p>Mit dem Razer Barracuda X Wireless Gaming-Headset Mercury White (2022) zockst du auch in langen Gaming-Sessions komfortabel. Dieses kabellose Headset verbindest du \u00fcber den USB-C-Dongle oder Bluetooth mit deiner PlayStation oder deinem PC. So hast du beim Gaming keinen Kabelsalat. Au\u00dferdem lassen sich zwei Ger\u00e4te gleichzeitig verbinden, zwischen denen du w\u00e4hrend des Spiels wechselst. So h\u00f6rst du zum Beispiel Musik \u00fcber dein Handy, w\u00e4hrend du mit deinen Freunden in einer Party sprichst. Mit Surround Sound genie\u00dft du einen 360-Grad-Sound deines Gameplays und wei\u00dft immer genau, aus welcher Richtung sich deine Gegner n\u00e4hern. So bist du ihnen immer einen Schritt voraus. Au\u00dferdem kommunizierst du dank der Rauschunterdr\u00fcckung des Mikrofons online ohne Hintergrundger\u00e4usche mit deinen Freunden. So kommen deine Kommentare immer deutlich r\u00fcber. Die durchschnittliche Akkulaufzeit des Headsets betr\u00e4gt 50 Stunden. So erlebst du ausgiebigen Gaming-Spa\u00df, ohne das Headset zwischendurch zu laden. Diese Gaming-Headset wiegt 250 Gramm. Du bemerkst es daher kaum und spielst stundenlang sowie ohne Nackenbeschwerden.<\/p>\n","protected":false},"excerpt":{"rendered":"<p>Mit dem Razer Barracuda X Wireless Gaming-Headset Mercury White (2022) zockst du auch in langen Gaming-Sessions komfortabel. Dieses kabellose Headset verbindest du \u00fcber den USB-C-Dongle oder Bluetooth mit deiner PlayStation oder deinem PC. So hast du beim Gaming keinen Kabelsalat. Au\u00dferdem lassen sich zwei Ger\u00e4te gleichzeitig verbinden, zwischen denen du w\u00e4hrend des Spiels wechselst. So h\u00f6rst du zum Beispiel Musik \u00fcber dein Handy, w\u00e4hrend du mit deinen Freunden in einer Party sprichst. Mit Surround Sound genie\u00dft du einen 360-Grad-Sound deines Gameplays und wei\u00dft immer genau, aus welcher Richtung sich deine Gegner n\u00e4hern. So bist du ihnen immer einen Schritt voraus. Au\u00dferdem kommunizierst du dank der Rauschunterdr\u00fcckung des Mikrofons online ohne Hintergrundger\u00e4usche mit deinen Freunden. So kommen deine Kommentare immer deutlich r\u00fcber. Die durchschnittliche Akkulaufzeit des Headsets betr\u00e4gt 50 Stunden. So erlebst du ausgiebigen Gaming-Spa\u00df, ohne das Headset zwischendurch zu laden. Diese Gaming-Headset wiegt 250 Gramm. Du bemerkst es daher kaum und spielst stundenlang sowie ohne Nackenbeschwerden.<\/p>\n","protected":false},"featured_media":0,"comment_status":"closed","ping_status":"open","template":"","meta":{"_acf_changed":false},"brand":[3451],"product_brand":[],"product_cat":[3435],"product_tag":[3436],"class_list":{"0":"post-75979","1":"product","2":"type-product","3":"status-publish","5":"brand-razer","6":"product_cat-gaming-headsets","7":"product_tag-gaming-headsets","8":"pa_condition-new","9":"pa_coolblue-de-verzending-morgen-gratis-geliefert","10":"pa_ean-12402","11":"pa_mpn-rz04-04430200-r3m1","13":"first","14":"instock","15":"product-type-external"},"acf":[],"_links":{"self":[{"href":"https:\/\/onlinehardwareshop.de\/index.php\/wp-json\/wp\/v2\/product\/75979","targetHints":{"allow":["GET"]}}],"collection":[{"href":"https:\/\/onlinehardwareshop.de\/index.php\/wp-json\/wp\/v2\/product"}],"about":[{"href":"https:\/\/onlinehardwareshop.de\/index.php\/wp-json\/wp\/v2\/types\/product"}],"replies":[{"embeddable":true,"href":"https:\/\/onlinehardwareshop.de\/index.php\/wp-json\/wp\/v2\/comments?post=75979"}],"wp:attachment":[{"href":"https:\/\/onlinehardwareshop.de\/index.php\/wp-json\/wp\/v2\/media?parent=75979"}],"wp:term":[{"taxonomy":"brand","embeddable":true,"href":"https:\/\/onlinehardwareshop.de\/index.php\/wp-json\/wp\/v2\/brand?post=75979"},{"taxonomy":"product_brand","embeddable":true,"href":"https:\/\/onlinehardwareshop.de\/index.php\/wp-json\/wp\/v2\/product_brand?post=75979"},{"taxonomy":"product_cat","embeddable":true,"href":"https:\/\/onlinehardwareshop.de\/index.php\/wp-json\/wp\/v2\/product_cat?post=75979"},{"taxonomy":"product_tag","embeddable":true,"href":"https:\/\/onlinehardwareshop.de\/index.php\/wp-json\/wp\/v2\/product_tag?post=75979"}],"curies":[{"name":"wp","href":"https:\/\/api.w.org\/{rel}","templated":true}]}}