{"id":75964,"date":"2024-04-05T19:33:57","date_gmt":"2024-04-05T19:33:57","guid":{"rendered":"https:\/\/onlinehardwareshop.de\/index.php\/produkt\/razer-naga-v2-pro-kabellos-2\/"},"modified":"2025-05-14T06:50:31","modified_gmt":"2025-05-14T06:50:31","slug":"razer-naga-v2-pro-kabellos","status":"publish","type":"product","link":"https:\/\/onlinehardwareshop.de\/index.php\/produkt\/razer-naga-v2-pro-kabellos\/","title":{"rendered":"Razer Naga V2 Pro kabellos"},"content":{"rendered":"<p>Mit der kabellosen Razer Naga V2 Pro Gaming Maus wappnest du dich gegen die h\u00e4rtesten Gegner. Diese Maus verf\u00fcgt \u00fcber Razer Hyperscroll Pro, womit du verschiedene Scroll-Profile einstellen kannst. So kannst du R\u00fcckmeldungen deines Mausrads selbst anpassen. Mit drei verschiedenen Seiten l\u00e4sst sich die Maus wunschgem\u00e4\u00df einstellen. M\u00f6chtest du noch mehr programmierbare Tasten? Dann kannst du die Seite der Maus von 10 auf 20 Tasten erweitern. So hast du immer die richtigen Tasten zur Hand, egal, was du gerade spielst. Mit einer einstellbaren Aufl\u00f6sung von bis zu 30.000\u00a0dpi kannst du diese Maus f\u00fcr eine Partie Warzone, aber auch f\u00fcr einen ruhigen Abend mit The Sims verwenden. Die Akkulaufzeit von 250\u00a0Stunden \u00fcber HyperSpeed Wireless und bis zu 400\u00a0Stunden \u00fcber Bluetooth sorgt daf\u00fcr, dass du niemals mit einer leeren Maus dasitzt. \u00dcber die Razer Synapse Software kannst du noch mehr Einstellungen anpassen, wie zum Beispiel Makros. Du h\u00e4ltst also die perfekte Maus in deinen H\u00e4nden.<\/p>\n","protected":false},"excerpt":{"rendered":"<p>Mit der kabellosen Razer Naga V2 Pro Gaming Maus wappnest du dich gegen die h\u00e4rtesten Gegner. Diese Maus verf\u00fcgt \u00fcber Razer Hyperscroll Pro, womit du verschiedene Scroll-Profile einstellen kannst. So kannst du R\u00fcckmeldungen deines Mausrads selbst anpassen. Mit drei verschiedenen Seiten l\u00e4sst sich die Maus wunschgem\u00e4\u00df einstellen. M\u00f6chtest du noch mehr programmierbare Tasten? Dann kannst du die Seite der Maus von 10 auf 20 Tasten erweitern. So hast du immer die richtigen Tasten zur Hand, egal, was du gerade spielst. Mit einer einstellbaren Aufl\u00f6sung von bis zu 30.000\u00a0dpi kannst du diese Maus f\u00fcr eine Partie Warzone, aber auch f\u00fcr einen ruhigen Abend mit The Sims verwenden. Die Akkulaufzeit von 250\u00a0Stunden \u00fcber HyperSpeed Wireless und bis zu 400\u00a0Stunden \u00fcber Bluetooth sorgt daf\u00fcr, dass du niemals mit einer leeren Maus dasitzt. \u00dcber die Razer Synapse Software kannst du noch mehr Einstellungen anpassen, wie zum Beispiel Makros. Du h\u00e4ltst also die perfekte Maus in deinen H\u00e4nden.<\/p>\n","protected":false},"featured_media":0,"comment_status":"closed","ping_status":"open","template":"","meta":{"_acf_changed":false},"brand":[3451],"product_brand":[],"product_cat":[33],"product_tag":[3752],"class_list":{"0":"post-75964","1":"product","2":"type-product","3":"status-publish","5":"brand-razer","6":"product_cat-muse","7":"product_tag-gaming-muizen","8":"pa_condition-new","9":"pa_coolblue-de-verzending-morgen-gratis-geliefert","10":"pa_ean-12374","11":"pa_mpn-rz01-04400100-r3g1","13":"first","14":"instock","15":"product-type-external"},"acf":[],"_links":{"self":[{"href":"https:\/\/onlinehardwareshop.de\/index.php\/wp-json\/wp\/v2\/product\/75964","targetHints":{"allow":["GET"]}}],"collection":[{"href":"https:\/\/onlinehardwareshop.de\/index.php\/wp-json\/wp\/v2\/product"}],"about":[{"href":"https:\/\/onlinehardwareshop.de\/index.php\/wp-json\/wp\/v2\/types\/product"}],"replies":[{"embeddable":true,"href":"https:\/\/onlinehardwareshop.de\/index.php\/wp-json\/wp\/v2\/comments?post=75964"}],"wp:attachment":[{"href":"https:\/\/onlinehardwareshop.de\/index.php\/wp-json\/wp\/v2\/media?parent=75964"}],"wp:term":[{"taxonomy":"brand","embeddable":true,"href":"https:\/\/onlinehardwareshop.de\/index.php\/wp-json\/wp\/v2\/brand?post=75964"},{"taxonomy":"product_brand","embeddable":true,"href":"https:\/\/onlinehardwareshop.de\/index.php\/wp-json\/wp\/v2\/product_brand?post=75964"},{"taxonomy":"product_cat","embeddable":true,"href":"https:\/\/onlinehardwareshop.de\/index.php\/wp-json\/wp\/v2\/product_cat?post=75964"},{"taxonomy":"product_tag","embeddable":true,"href":"https:\/\/onlinehardwareshop.de\/index.php\/wp-json\/wp\/v2\/product_tag?post=75964"}],"curies":[{"name":"wp","href":"https:\/\/api.w.org\/{rel}","templated":true}]}}