{"id":75963,"date":"2024-03-27T02:28:44","date_gmt":"2024-03-27T02:28:44","guid":{"rendered":"https:\/\/onlinehardwareshop.de\/index.php\/produkt\/razer-naga-v2-hyperspeed-kabellose-gaming-maus-2\/"},"modified":"2025-05-14T06:50:26","modified_gmt":"2025-05-14T06:50:26","slug":"razer-naga-v2-hyperspeed-kabellose-gaming-maus","status":"publish","type":"product","link":"https:\/\/onlinehardwareshop.de\/index.php\/produkt\/razer-naga-v2-hyperspeed-kabellose-gaming-maus\/","title":{"rendered":"Razer Naga V2 HyperSpeed Kabellose Gaming-Maus"},"content":{"rendered":"<p>Mit der kabellosen Razer Naga V2 HyperSpeed Gaming Maus wappnest du dich gegen die h\u00e4rtesten Gegner. Diese Maus verf\u00fcgt \u00fcber Razer Hyperscroll, womit du verschiedene Scroll-Profile wie den `Free Spin Mode` oder den `Tactile Cycling Mode` f\u00fcr mehr Pr\u00e4zision einstellen kannst. Stelle die 19 programmierbaren Tasten so ein, dass du mit einem einzigen Klick einen Spezialangriff ausf\u00fchren kannst. Spielst du viele verschiedene Spiele? Mit einer einstellbaren Aufl\u00f6sung von bis zu 30.000\u00a0dpi kannst du diese Maus f\u00fcr eine Partie Warzone, aber auch f\u00fcr einen ruhigen Abend mit The Sims verwenden. Mit einer Akkulaufzeit von 250\u00a0Stunden \u00fcber HyperSpeed Wireless und bis zu 400\u00a0Stunden \u00fcber Bluetooth kannst du dir sicher sein, dass du nicht mit einer leeren Maus nach Hause kommst. \u00dcber die Razer Synapse Software kannst du noch mehr Einstellungen anpassen, wie zum Beispiel Makros. Du h\u00e4ltst also die perfekte Maus in deinen H\u00e4nden.<\/p>\n","protected":false},"excerpt":{"rendered":"<p>Mit der kabellosen Razer Naga V2 HyperSpeed Gaming Maus wappnest du dich gegen die h\u00e4rtesten Gegner. Diese Maus verf\u00fcgt \u00fcber Razer Hyperscroll, womit du verschiedene Scroll-Profile wie den `Free Spin Mode` oder den `Tactile Cycling Mode` f\u00fcr mehr Pr\u00e4zision einstellen kannst. Stelle die 19 programmierbaren Tasten so ein, dass du mit einem einzigen Klick einen Spezialangriff ausf\u00fchren kannst. Spielst du viele verschiedene Spiele? Mit einer einstellbaren Aufl\u00f6sung von bis zu 30.000\u00a0dpi kannst du diese Maus f\u00fcr eine Partie Warzone, aber auch f\u00fcr einen ruhigen Abend mit The Sims verwenden. Mit einer Akkulaufzeit von 250\u00a0Stunden \u00fcber HyperSpeed Wireless und bis zu 400\u00a0Stunden \u00fcber Bluetooth kannst du dir sicher sein, dass du nicht mit einer leeren Maus nach Hause kommst. \u00dcber die Razer Synapse Software kannst du noch mehr Einstellungen anpassen, wie zum Beispiel Makros. Du h\u00e4ltst also die perfekte Maus in deinen H\u00e4nden.<\/p>\n","protected":false},"featured_media":0,"comment_status":"closed","ping_status":"open","template":"","meta":{"_acf_changed":false},"brand":[3451],"product_brand":[],"product_cat":[33],"product_tag":[3752],"class_list":{"0":"post-75963","1":"product","2":"type-product","3":"status-publish","5":"brand-razer","6":"product_cat-muse","7":"product_tag-gaming-muizen","8":"pa_condition-new","9":"pa_coolblue-de-verzending-morgen-gratis-geliefert","10":"pa_ean-12372","11":"pa_mpn-rz01-03600100-r3g1","13":"first","14":"instock","15":"product-type-external"},"acf":[],"_links":{"self":[{"href":"https:\/\/onlinehardwareshop.de\/index.php\/wp-json\/wp\/v2\/product\/75963","targetHints":{"allow":["GET"]}}],"collection":[{"href":"https:\/\/onlinehardwareshop.de\/index.php\/wp-json\/wp\/v2\/product"}],"about":[{"href":"https:\/\/onlinehardwareshop.de\/index.php\/wp-json\/wp\/v2\/types\/product"}],"replies":[{"embeddable":true,"href":"https:\/\/onlinehardwareshop.de\/index.php\/wp-json\/wp\/v2\/comments?post=75963"}],"wp:attachment":[{"href":"https:\/\/onlinehardwareshop.de\/index.php\/wp-json\/wp\/v2\/media?parent=75963"}],"wp:term":[{"taxonomy":"brand","embeddable":true,"href":"https:\/\/onlinehardwareshop.de\/index.php\/wp-json\/wp\/v2\/brand?post=75963"},{"taxonomy":"product_brand","embeddable":true,"href":"https:\/\/onlinehardwareshop.de\/index.php\/wp-json\/wp\/v2\/product_brand?post=75963"},{"taxonomy":"product_cat","embeddable":true,"href":"https:\/\/onlinehardwareshop.de\/index.php\/wp-json\/wp\/v2\/product_cat?post=75963"},{"taxonomy":"product_tag","embeddable":true,"href":"https:\/\/onlinehardwareshop.de\/index.php\/wp-json\/wp\/v2\/product_tag?post=75963"}],"curies":[{"name":"wp","href":"https:\/\/api.w.org\/{rel}","templated":true}]}}