{"id":75950,"date":"2024-06-12T23:54:00","date_gmt":"2024-06-12T23:54:00","guid":{"rendered":"https:\/\/onlinehardwareshop.de\/index.php\/produkt\/sanus-vtvs2-b2-2\/"},"modified":"2025-05-14T06:49:29","modified_gmt":"2025-05-14T06:49:29","slug":"sanus-vtvs2-b2","status":"publish","type":"product","link":"https:\/\/onlinehardwareshop.de\/index.php\/produkt\/sanus-vtvs2-b2\/","title":{"rendered":"Sanus VTVS2-B2"},"content":{"rendered":"<p>Der Sanus VTVS2-B2 ist ein moderner und eleganter St\u00e4nder f\u00fcr deinen Fernseher. Dieser Fernsehst\u00e4nder kann auf einer TV-Bank oder auf dem Boden stehen und ist eine gute L\u00f6sung, wenn du deinen Fernseher drehen, aber nicht an der Wand anbringen m\u00f6chtest. Befestige deinen Fernseher auf dem St\u00e4nder und du kannst ihn ganz einfach in jede beliebige Richtung drehen. Der St\u00e4nder ist um 20\u00a0Zentimeter h\u00f6henverstellbar. So hast du von jedem Winkel in deinem Zimmer einen guten Blick auf den Bildschirm. Dank des Kabelkanals h\u00e4ngen keine Kabel im Bild. Der Fernsehst\u00e4nder eignet sich f\u00fcr Fernseher zwischen 40 und 85\u00a0Zoll mit einem H\u00f6chstgewicht von 56\u00a0Kilo.<\/p>\n","protected":false},"excerpt":{"rendered":"<p>Der Sanus VTVS2-B2 ist ein moderner und eleganter St\u00e4nder f\u00fcr deinen Fernseher. Dieser Fernsehst\u00e4nder kann auf einer TV-Bank oder auf dem Boden stehen und ist eine gute L\u00f6sung, wenn du deinen Fernseher drehen, aber nicht an der Wand anbringen m\u00f6chtest. Befestige deinen Fernseher auf dem St\u00e4nder und du kannst ihn ganz einfach in jede beliebige Richtung drehen. Der St\u00e4nder ist um 20\u00a0Zentimeter h\u00f6henverstellbar. So hast du von jedem Winkel in deinem Zimmer einen guten Blick auf den Bildschirm. Dank des Kabelkanals h\u00e4ngen keine Kabel im Bild. Der Fernsehst\u00e4nder eignet sich f\u00fcr Fernseher zwischen 40 und 85\u00a0Zoll mit einem H\u00f6chstgewicht von 56\u00a0Kilo.<\/p>\n","protected":false},"featured_media":0,"comment_status":"closed","ping_status":"open","template":"","meta":{"_acf_changed":false},"brand":[9660],"product_brand":[],"product_cat":[6935],"product_tag":[6936],"class_list":{"0":"post-75950","1":"product","2":"type-product","3":"status-publish","5":"brand-sanus","6":"product_cat-fernseherstnder","7":"product_tag-televisie-standaards","8":"pa_condition-new","9":"pa_coolblue-de-verzending-morgen-gratis-geliefert","10":"pa_ean-12354","11":"pa_mpn-vtvs2-b2","13":"first","14":"instock","15":"product-type-external"},"acf":[],"_links":{"self":[{"href":"https:\/\/onlinehardwareshop.de\/index.php\/wp-json\/wp\/v2\/product\/75950","targetHints":{"allow":["GET"]}}],"collection":[{"href":"https:\/\/onlinehardwareshop.de\/index.php\/wp-json\/wp\/v2\/product"}],"about":[{"href":"https:\/\/onlinehardwareshop.de\/index.php\/wp-json\/wp\/v2\/types\/product"}],"replies":[{"embeddable":true,"href":"https:\/\/onlinehardwareshop.de\/index.php\/wp-json\/wp\/v2\/comments?post=75950"}],"wp:attachment":[{"href":"https:\/\/onlinehardwareshop.de\/index.php\/wp-json\/wp\/v2\/media?parent=75950"}],"wp:term":[{"taxonomy":"brand","embeddable":true,"href":"https:\/\/onlinehardwareshop.de\/index.php\/wp-json\/wp\/v2\/brand?post=75950"},{"taxonomy":"product_brand","embeddable":true,"href":"https:\/\/onlinehardwareshop.de\/index.php\/wp-json\/wp\/v2\/product_brand?post=75950"},{"taxonomy":"product_cat","embeddable":true,"href":"https:\/\/onlinehardwareshop.de\/index.php\/wp-json\/wp\/v2\/product_cat?post=75950"},{"taxonomy":"product_tag","embeddable":true,"href":"https:\/\/onlinehardwareshop.de\/index.php\/wp-json\/wp\/v2\/product_tag?post=75950"}],"curies":[{"name":"wp","href":"https:\/\/api.w.org\/{rel}","templated":true}]}}