{"id":75949,"date":"2024-09-29T13:32:54","date_gmt":"2024-09-29T13:32:54","guid":{"rendered":"https:\/\/onlinehardwareshop.de\/index.php\/produkt\/owl-labs-meeting-owl-3-expansion-mic-2\/"},"modified":"2025-05-14T06:49:16","modified_gmt":"2025-05-14T06:49:16","slug":"owl-labs-meeting-owl-3-expansion-mic","status":"publish","type":"product","link":"https:\/\/onlinehardwareshop.de\/index.php\/produkt\/owl-labs-meeting-owl-3-expansion-mic\/","title":{"rendered":"Owl Labs Meeting Owl 3 + Expansion Mic"},"content":{"rendered":"<p>Mit dem Owl Labs Meeting Owl 3 + Expansion Mic Set erweiterst du den Audiobereich der Owl 3 von 5,5 Meter auf 8 Meter. Damit ist dieses Set f\u00fcr gro\u00dfe Konferenzr\u00e4ume mit vielen Teilnehmern geeignet. Die Owl Labs Meeting Owl 3 ist eine Konferenzkamera, die ein 360-Grad-Bild aufnimmt. Im Vergleich mit dem Vorg\u00e4ngermodell ist der Autofokus dieser Owl viermal schneller, wodurch die Webcam sich schneller auf die Person richten kann, die das Wort hat. Au\u00dferdem verf\u00fcgt die Kamera \u00fcber 3 Lautsprecher, was ein  Lautsprecher mehr ist als bei der Owl Pro. Da du das Expansion Mic mit mindestens 1,8 Meter Abstand zur Owl 3 aufstellst. k\u00f6nnen auch andere Teilnehmer die Stummschalttaste gut erreichen.<\/p>\n","protected":false},"excerpt":{"rendered":"<p>Mit dem Owl Labs Meeting Owl 3 + Expansion Mic Set erweiterst du den Audiobereich der Owl 3 von 5,5 Meter auf 8 Meter. Damit ist dieses Set f\u00fcr gro\u00dfe Konferenzr\u00e4ume mit vielen Teilnehmern geeignet. Die Owl Labs Meeting Owl 3 ist eine Konferenzkamera, die ein 360-Grad-Bild aufnimmt. Im Vergleich mit dem Vorg\u00e4ngermodell ist der Autofokus dieser Owl viermal schneller, wodurch die Webcam sich schneller auf die Person richten kann, die das Wort hat. Au\u00dferdem verf\u00fcgt die Kamera \u00fcber 3 Lautsprecher, was ein  Lautsprecher mehr ist als bei der Owl Pro. Da du das Expansion Mic mit mindestens 1,8 Meter Abstand zur Owl 3 aufstellst. k\u00f6nnen auch andere Teilnehmer die Stummschalttaste gut erreichen.<\/p>\n","protected":false},"featured_media":0,"comment_status":"closed","ping_status":"open","template":"","meta":{"_acf_changed":false},"brand":[10838],"product_brand":[],"product_cat":[999],"product_tag":[1000],"class_list":{"0":"post-75949","1":"product","2":"type-product","3":"status-publish","5":"brand-owl-labs","6":"product_cat-webcams","7":"product_tag-webcams","8":"pa_condition-new","9":"pa_coolblue-de-verzending-morgen-gratis-geliefert","10":"pa_ean-12353","12":"first","13":"instock","14":"product-type-external"},"acf":[],"_links":{"self":[{"href":"https:\/\/onlinehardwareshop.de\/index.php\/wp-json\/wp\/v2\/product\/75949","targetHints":{"allow":["GET"]}}],"collection":[{"href":"https:\/\/onlinehardwareshop.de\/index.php\/wp-json\/wp\/v2\/product"}],"about":[{"href":"https:\/\/onlinehardwareshop.de\/index.php\/wp-json\/wp\/v2\/types\/product"}],"replies":[{"embeddable":true,"href":"https:\/\/onlinehardwareshop.de\/index.php\/wp-json\/wp\/v2\/comments?post=75949"}],"wp:attachment":[{"href":"https:\/\/onlinehardwareshop.de\/index.php\/wp-json\/wp\/v2\/media?parent=75949"}],"wp:term":[{"taxonomy":"brand","embeddable":true,"href":"https:\/\/onlinehardwareshop.de\/index.php\/wp-json\/wp\/v2\/brand?post=75949"},{"taxonomy":"product_brand","embeddable":true,"href":"https:\/\/onlinehardwareshop.de\/index.php\/wp-json\/wp\/v2\/product_brand?post=75949"},{"taxonomy":"product_cat","embeddable":true,"href":"https:\/\/onlinehardwareshop.de\/index.php\/wp-json\/wp\/v2\/product_cat?post=75949"},{"taxonomy":"product_tag","embeddable":true,"href":"https:\/\/onlinehardwareshop.de\/index.php\/wp-json\/wp\/v2\/product_tag?post=75949"}],"curies":[{"name":"wp","href":"https:\/\/api.w.org\/{rel}","templated":true}]}}