{"id":75933,"date":"2024-08-03T07:15:08","date_gmt":"2024-08-03T07:15:08","guid":{"rendered":"https:\/\/onlinehardwareshop.de\/index.php\/produkt\/severin-dk-1031-2\/"},"modified":"2025-05-14T06:47:52","modified_gmt":"2025-05-14T06:47:52","slug":"severin-dk-1031","status":"publish","type":"product","link":"https:\/\/onlinehardwareshop.de\/index.php\/produkt\/severin-dk-1031\/","title":{"rendered":"Severin DK 1031"},"content":{"rendered":"<p>Das\u00a0Severin DK 1031 Induktionskochfeld\u00a0ist ein freistehendes Kochfeld mit praktischem Touch Bedienfeld und einer stufenlosen Temperaturregelung. So stellst du f\u00fcr jede der beiden Kochzonen die perfekte Temperatur ein. Die Warmhaltefunktion sorgt daf\u00fcr, dass dein Eintopf nach dem Kochen nicht zu schnell abk\u00fchlt. So planst du zwischendurch ein Meeting ein, ohne dass dein Essen kalt wird oder anbrennt.\u00a0Das Kochfeld sch\u00fctzt dabei auch deine Finger, denn es\u00a0warnt dich vor zu viel Restw\u00e4rme. So wei\u00dft du immer, ob die Oberfl\u00e4che noch zu hei\u00df zum Anfassen ist. Eine Kontrolleuchte zeigt dir au\u00dferdem an, ob dein Kochfeld ein- oder ausgeschaltet ist.<\/p>\n","protected":false},"excerpt":{"rendered":"<p>Das\u00a0Severin DK 1031 Induktionskochfeld\u00a0ist ein freistehendes Kochfeld mit praktischem Touch Bedienfeld und einer stufenlosen Temperaturregelung. So stellst du f\u00fcr jede der beiden Kochzonen die perfekte Temperatur ein. Die Warmhaltefunktion sorgt daf\u00fcr, dass dein Eintopf nach dem Kochen nicht zu schnell abk\u00fchlt. So planst du zwischendurch ein Meeting ein, ohne dass dein Essen kalt wird oder anbrennt.\u00a0Das Kochfeld sch\u00fctzt dabei auch deine Finger, denn es\u00a0warnt dich vor zu viel Restw\u00e4rme. So wei\u00dft du immer, ob die Oberfl\u00e4che noch zu hei\u00df zum Anfassen ist. Eine Kontrolleuchte zeigt dir au\u00dferdem an, ob dein Kochfeld ein- oder ausgeschaltet ist.<\/p>\n","protected":false},"featured_media":0,"comment_status":"closed","ping_status":"open","template":"","meta":{"_acf_changed":false},"brand":[12235],"product_brand":[],"product_cat":[2595],"product_tag":[2778],"class_list":{"0":"post-75933","1":"product","2":"type-product","3":"status-publish","5":"brand-severin","6":"product_cat-kochfelder","7":"product_tag-kleine-kooktoestellen","8":"pa_condition-new","9":"pa_coolblue-de-verzending-morgen-gratis-geliefert","10":"pa_ean-12318","11":"pa_mpn-jb01300-bww","13":"first","14":"instock","15":"product-type-external"},"acf":[],"_links":{"self":[{"href":"https:\/\/onlinehardwareshop.de\/index.php\/wp-json\/wp\/v2\/product\/75933","targetHints":{"allow":["GET"]}}],"collection":[{"href":"https:\/\/onlinehardwareshop.de\/index.php\/wp-json\/wp\/v2\/product"}],"about":[{"href":"https:\/\/onlinehardwareshop.de\/index.php\/wp-json\/wp\/v2\/types\/product"}],"replies":[{"embeddable":true,"href":"https:\/\/onlinehardwareshop.de\/index.php\/wp-json\/wp\/v2\/comments?post=75933"}],"wp:attachment":[{"href":"https:\/\/onlinehardwareshop.de\/index.php\/wp-json\/wp\/v2\/media?parent=75933"}],"wp:term":[{"taxonomy":"brand","embeddable":true,"href":"https:\/\/onlinehardwareshop.de\/index.php\/wp-json\/wp\/v2\/brand?post=75933"},{"taxonomy":"product_brand","embeddable":true,"href":"https:\/\/onlinehardwareshop.de\/index.php\/wp-json\/wp\/v2\/product_brand?post=75933"},{"taxonomy":"product_cat","embeddable":true,"href":"https:\/\/onlinehardwareshop.de\/index.php\/wp-json\/wp\/v2\/product_cat?post=75933"},{"taxonomy":"product_tag","embeddable":true,"href":"https:\/\/onlinehardwareshop.de\/index.php\/wp-json\/wp\/v2\/product_tag?post=75933"}],"curies":[{"name":"wp","href":"https:\/\/api.w.org\/{rel}","templated":true}]}}