{"id":75879,"date":"2025-04-19T02:50:44","date_gmt":"2025-04-19T02:50:44","guid":{"rendered":"https:\/\/onlinehardwareshop.de\/index.php\/produkt\/kingston-fury-renegade-1tb-heatsink-m-2-ssd-2\/"},"modified":"2025-05-14T06:43:37","modified_gmt":"2025-05-14T06:43:37","slug":"kingston-fury-renegade-1tb-heatsink-m-2-ssd","status":"publish","type":"product","link":"https:\/\/onlinehardwareshop.de\/index.php\/produkt\/kingston-fury-renegade-1tb-heatsink-m-2-ssd\/","title":{"rendered":"Kingston Fury Renegade 1&#xA0;TB Heatsink M.2 SSD"},"content":{"rendered":"<p>Hinweis:Diese M.2 SSD hat ein PCI Express 4.0 (NVMe) Interface und funktioniert nur dann, wenn dein System PCIe 4.0\/NVMe unterst\u00fctzt. Au\u00dferdem verf\u00fcgt die SSD \u00fcber einen M-Stecker, der sich ausschlie\u00dflich f\u00fcr Systeme mit M-Steckplatz eignet. \u00dcberpr\u00fcfe dies in der Gebrauchsanleitung von deinem Laptop oder Motherboard.  Mit der Kingston Fury Renegade 1\u00a0TB Heatsink M.2 SSD kannst du bei all deinen PC-, Laptop- und PlayStation 5-Spielen richtig Gas geben. Diese M.2 SSD hat eine Lesegeschwindigkeit von 7,3\u00a0Gigabyte pro Sekunde und eine Schreibgeschwindigkeit von 6\u00a0Gigabyte pro Sekunde. Dadurch werden deine Spiele innerhalb von Sekunden gestartet, sowohl auf dem Computer als auch auf der PlayStation 5. Bist du in ein hitziges Spiel verwickelt oder stehst du kurz davor, ein anspruchsvolles Spiel zu spielen? Keine Sorge, der K\u00fchlk\u00f6rper sorgt f\u00fcr ausreichende K\u00fchlung im Inneren deiner Konsole oder deines Computers. Au\u00dferdem sorgt die 3D NAND Technologie daf\u00fcr, dass die SSD sparsamer arbeitet als vergleichbare Modelle. Mit insgesamt 1\u00a0TB an Speicher hast du Platz f\u00fcr 25 gro\u00dfe Spiele. So wei\u00dft du, dass immer ein Pl\u00e4tzchen frei ist f\u00fcr die n\u00e4chste gro\u00dfe Ver\u00f6ffentlichung.<\/p>\n","protected":false},"excerpt":{"rendered":"<p>Hinweis:Diese M.2 SSD hat ein PCI Express 4.0 (NVMe) Interface und funktioniert nur dann, wenn dein System PCIe 4.0\/NVMe unterst\u00fctzt. Au\u00dferdem verf\u00fcgt die SSD \u00fcber einen M-Stecker, der sich ausschlie\u00dflich f\u00fcr Systeme mit M-Steckplatz eignet. \u00dcberpr\u00fcfe dies in der Gebrauchsanleitung von deinem Laptop oder Motherboard.  Mit der Kingston Fury Renegade 1\u00a0TB Heatsink M.2 SSD kannst du bei all deinen PC-, Laptop- und PlayStation 5-Spielen richtig Gas geben. Diese M.2 SSD hat eine Lesegeschwindigkeit von 7,3\u00a0Gigabyte pro Sekunde und eine Schreibgeschwindigkeit von 6\u00a0Gigabyte pro Sekunde. Dadurch werden deine Spiele innerhalb von Sekunden gestartet, sowohl auf dem Computer als auch auf der PlayStation 5. Bist du in ein hitziges Spiel verwickelt oder stehst du kurz davor, ein anspruchsvolles Spiel zu spielen? Keine Sorge, der K\u00fchlk\u00f6rper sorgt f\u00fcr ausreichende K\u00fchlung im Inneren deiner Konsole oder deines Computers. Au\u00dferdem sorgt die 3D NAND Technologie daf\u00fcr, dass die SSD sparsamer arbeitet als vergleichbare Modelle. Mit insgesamt 1\u00a0TB an Speicher hast du Platz f\u00fcr 25 gro\u00dfe Spiele. So wei\u00dft du, dass immer ein Pl\u00e4tzchen frei ist f\u00fcr die n\u00e4chste gro\u00dfe Ver\u00f6ffentlichung.<\/p>\n","protected":false},"featured_media":0,"comment_status":"closed","ping_status":"open","template":"","meta":{"_acf_changed":false},"brand":[2956],"product_brand":[],"product_cat":[2957],"product_tag":[7168],"class_list":{"0":"post-75879","1":"product","2":"type-product","3":"status-publish","5":"brand-kingston","6":"product_cat-solid-state-drives-ssd","7":"product_tag-m-2-ssd","8":"pa_condition-new","9":"pa_coolblue-de-verzending-morgen-gratis-geliefert","10":"pa_ean-12214","11":"pa_mpn-sfyrsk-1000g","13":"first","14":"instock","15":"product-type-external"},"acf":[],"_links":{"self":[{"href":"https:\/\/onlinehardwareshop.de\/index.php\/wp-json\/wp\/v2\/product\/75879","targetHints":{"allow":["GET"]}}],"collection":[{"href":"https:\/\/onlinehardwareshop.de\/index.php\/wp-json\/wp\/v2\/product"}],"about":[{"href":"https:\/\/onlinehardwareshop.de\/index.php\/wp-json\/wp\/v2\/types\/product"}],"replies":[{"embeddable":true,"href":"https:\/\/onlinehardwareshop.de\/index.php\/wp-json\/wp\/v2\/comments?post=75879"}],"wp:attachment":[{"href":"https:\/\/onlinehardwareshop.de\/index.php\/wp-json\/wp\/v2\/media?parent=75879"}],"wp:term":[{"taxonomy":"brand","embeddable":true,"href":"https:\/\/onlinehardwareshop.de\/index.php\/wp-json\/wp\/v2\/brand?post=75879"},{"taxonomy":"product_brand","embeddable":true,"href":"https:\/\/onlinehardwareshop.de\/index.php\/wp-json\/wp\/v2\/product_brand?post=75879"},{"taxonomy":"product_cat","embeddable":true,"href":"https:\/\/onlinehardwareshop.de\/index.php\/wp-json\/wp\/v2\/product_cat?post=75879"},{"taxonomy":"product_tag","embeddable":true,"href":"https:\/\/onlinehardwareshop.de\/index.php\/wp-json\/wp\/v2\/product_tag?post=75879"}],"curies":[{"name":"wp","href":"https:\/\/api.w.org\/{rel}","templated":true}]}}