{"id":75873,"date":"2025-01-30T11:54:32","date_gmt":"2025-01-30T11:54:32","guid":{"rendered":"https:\/\/onlinehardwareshop.de\/index.php\/produkt\/jbl-tour-one-m2-schwarz-2\/"},"modified":"2025-05-14T06:43:03","modified_gmt":"2025-05-14T06:43:03","slug":"jbl-tour-one-m2-schwarz","status":"publish","type":"product","link":"https:\/\/onlinehardwareshop.de\/index.php\/produkt\/jbl-tour-one-m2-schwarz\/","title":{"rendered":"JBL Tour One M2 Schwarz"},"content":{"rendered":"<p>Mit dem JBL Tour One M2 genie\u00dft du auch in belebten Umgebungen deine Lieblingsmusik. Der Over-Ear-Kopfh\u00f6rer verf\u00fcgt \u00fcber aktives Noise Cancelling, eine Technologie, die Rauschen und Umgebungsger\u00e4usche d\u00e4mpft. Damit brauchst du deine Lautst\u00e4rke nicht h\u00f6her zu drehen, wenn du in Bus oder Bahn sitzt. Dank der vier integrierten Mikrofone f\u00fchrst du deutliche Telefonate. Au\u00dferdem erkennt die Smart-Talk-Funktion der Mikros deine Stimme. Sobald du ein Gespr\u00e4ch mit jemandem beginnst, wird mit dieser Funktion die Lautst\u00e4rke automatisch gesenkt. So f\u00fchrst du ganz bequem ein Gespr\u00e4ch, w\u00e4hrend du den Kopfh\u00f6rer tr\u00e4gst. Verbinde diesen mit der JBL-Headphones-App und passe die Klangeinstellungen mittels Equalizer deinen W\u00fcnschen entsprechend an. Dank des mitgelieferten Flugzeugadapters schlie\u00dft du deine Kopfh\u00f6rer an das Unterhaltungssystem im Flugzeug an. Hinweis:JBL liefert neben dem Ladekabel kein Ladeger\u00e4t mit. Verwende daher dein aktuelles Zubeh\u00f6r oder kaufe es dir separat dazu.<\/p>\n","protected":false},"excerpt":{"rendered":"<p>Mit dem JBL Tour One M2 genie\u00dft du auch in belebten Umgebungen deine Lieblingsmusik. Der Over-Ear-Kopfh\u00f6rer verf\u00fcgt \u00fcber aktives Noise Cancelling, eine Technologie, die Rauschen und Umgebungsger\u00e4usche d\u00e4mpft. Damit brauchst du deine Lautst\u00e4rke nicht h\u00f6her zu drehen, wenn du in Bus oder Bahn sitzt. Dank der vier integrierten Mikrofone f\u00fchrst du deutliche Telefonate. Au\u00dferdem erkennt die Smart-Talk-Funktion der Mikros deine Stimme. Sobald du ein Gespr\u00e4ch mit jemandem beginnst, wird mit dieser Funktion die Lautst\u00e4rke automatisch gesenkt. So f\u00fchrst du ganz bequem ein Gespr\u00e4ch, w\u00e4hrend du den Kopfh\u00f6rer tr\u00e4gst. Verbinde diesen mit der JBL-Headphones-App und passe die Klangeinstellungen mittels Equalizer deinen W\u00fcnschen entsprechend an. Dank des mitgelieferten Flugzeugadapters schlie\u00dft du deine Kopfh\u00f6rer an das Unterhaltungssystem im Flugzeug an. Hinweis:JBL liefert neben dem Ladekabel kein Ladeger\u00e4t mit. Verwende daher dein aktuelles Zubeh\u00f6r oder kaufe es dir separat dazu.<\/p>\n","protected":false},"featured_media":0,"comment_status":"closed","ping_status":"open","template":"","meta":{"_acf_changed":false},"brand":[5677],"product_brand":[],"product_cat":[1182],"product_tag":[5609],"class_list":{"0":"post-75873","1":"product","2":"type-product","3":"status-publish","5":"brand-jbl","6":"product_cat-kopfhrer","7":"product_tag-hoofdtelefoons-met-noisecancelling","8":"pa_condition-new","9":"pa_coolblue-de-verzending-morgen-gratis-geliefert","10":"pa_ean-12194","11":"pa_mpn-jbltouronem2blk","13":"first","14":"instock","15":"product-type-external"},"acf":[],"_links":{"self":[{"href":"https:\/\/onlinehardwareshop.de\/index.php\/wp-json\/wp\/v2\/product\/75873","targetHints":{"allow":["GET"]}}],"collection":[{"href":"https:\/\/onlinehardwareshop.de\/index.php\/wp-json\/wp\/v2\/product"}],"about":[{"href":"https:\/\/onlinehardwareshop.de\/index.php\/wp-json\/wp\/v2\/types\/product"}],"replies":[{"embeddable":true,"href":"https:\/\/onlinehardwareshop.de\/index.php\/wp-json\/wp\/v2\/comments?post=75873"}],"wp:attachment":[{"href":"https:\/\/onlinehardwareshop.de\/index.php\/wp-json\/wp\/v2\/media?parent=75873"}],"wp:term":[{"taxonomy":"brand","embeddable":true,"href":"https:\/\/onlinehardwareshop.de\/index.php\/wp-json\/wp\/v2\/brand?post=75873"},{"taxonomy":"product_brand","embeddable":true,"href":"https:\/\/onlinehardwareshop.de\/index.php\/wp-json\/wp\/v2\/product_brand?post=75873"},{"taxonomy":"product_cat","embeddable":true,"href":"https:\/\/onlinehardwareshop.de\/index.php\/wp-json\/wp\/v2\/product_cat?post=75873"},{"taxonomy":"product_tag","embeddable":true,"href":"https:\/\/onlinehardwareshop.de\/index.php\/wp-json\/wp\/v2\/product_tag?post=75873"}],"curies":[{"name":"wp","href":"https:\/\/api.w.org\/{rel}","templated":true}]}}