{"id":75845,"date":"2024-12-02T18:18:38","date_gmt":"2024-12-02T18:18:38","guid":{"rendered":"https:\/\/onlinehardwareshop.de\/index.php\/produkt\/vogelbescherming-buizerd-10x42-2\/"},"modified":"2025-05-14T06:40:33","modified_gmt":"2025-05-14T06:40:33","slug":"vogelbescherming-buizerd-10x42","status":"publish","type":"product","link":"https:\/\/onlinehardwareshop.de\/index.php\/produkt\/vogelbescherming-buizerd-10x42\/","title":{"rendered":"Vogelbescherming Buizerd 10&#215;42"},"content":{"rendered":"<p>Das Vogelbescherming Buizerd 10&#215;42 eignet sich f\u00fcr Naturbegeisterte und Reisende. Dieses Fernglas hat eine zehnfache Vergr\u00f6\u00dferung und ein Sichtfeld von 114\u00a0Metern. Damit kannst du Objekte in der Ferne nah heranholen und sie im Detail ansehen. Die speziellen Beschichtungen auf den Glaselementen sorgen f\u00fcr ein klares und helles Bild. Dank der neutralen Farbreproduktion ist das Bild realistisch und scheint es so, als st\u00fcndest du den Tieren direkt gegen\u00fcber. Das Fernglas l\u00e4sst sich kinderleicht bedienen. Man fokussiert mit dem Fokussierrad und dank der Daumengriffe ist die Griffigkeit gut. Das ist praktisch, wenn es regnet, da dir das Fernglas dann nicht einfach aus den H\u00e4nden gleitet. Dank der IPX7-Zertifizierung kannst du das Fernglas auch bei schlechtem Wetter verwenden.<\/p>\n","protected":false},"excerpt":{"rendered":"<p>Das Vogelbescherming Buizerd 10&#215;42 eignet sich f\u00fcr Naturbegeisterte und Reisende. Dieses Fernglas hat eine zehnfache Vergr\u00f6\u00dferung und ein Sichtfeld von 114\u00a0Metern. Damit kannst du Objekte in der Ferne nah heranholen und sie im Detail ansehen. Die speziellen Beschichtungen auf den Glaselementen sorgen f\u00fcr ein klares und helles Bild. Dank der neutralen Farbreproduktion ist das Bild realistisch und scheint es so, als st\u00fcndest du den Tieren direkt gegen\u00fcber. Das Fernglas l\u00e4sst sich kinderleicht bedienen. Man fokussiert mit dem Fokussierrad und dank der Daumengriffe ist die Griffigkeit gut. Das ist praktisch, wenn es regnet, da dir das Fernglas dann nicht einfach aus den H\u00e4nden gleitet. Dank der IPX7-Zertifizierung kannst du das Fernglas auch bei schlechtem Wetter verwenden.<\/p>\n","protected":false},"featured_media":0,"comment_status":"closed","ping_status":"open","template":"","meta":{"_acf_changed":false},"brand":[12136],"product_brand":[],"product_cat":[448],"product_tag":[1304],"class_list":{"0":"post-75845","1":"product","2":"type-product","3":"status-publish","5":"brand-vogelbescherming","6":"product_cat-fernglser","7":"product_tag-dakkant-verrekijkers","8":"pa_condition-new","9":"pa_coolblue-de-verzending-morgen-gratis-geliefert","10":"pa_ean-12139","11":"pa_mpn-v283810","13":"first","14":"instock","15":"product-type-external"},"acf":[],"_links":{"self":[{"href":"https:\/\/onlinehardwareshop.de\/index.php\/wp-json\/wp\/v2\/product\/75845","targetHints":{"allow":["GET"]}}],"collection":[{"href":"https:\/\/onlinehardwareshop.de\/index.php\/wp-json\/wp\/v2\/product"}],"about":[{"href":"https:\/\/onlinehardwareshop.de\/index.php\/wp-json\/wp\/v2\/types\/product"}],"replies":[{"embeddable":true,"href":"https:\/\/onlinehardwareshop.de\/index.php\/wp-json\/wp\/v2\/comments?post=75845"}],"wp:attachment":[{"href":"https:\/\/onlinehardwareshop.de\/index.php\/wp-json\/wp\/v2\/media?parent=75845"}],"wp:term":[{"taxonomy":"brand","embeddable":true,"href":"https:\/\/onlinehardwareshop.de\/index.php\/wp-json\/wp\/v2\/brand?post=75845"},{"taxonomy":"product_brand","embeddable":true,"href":"https:\/\/onlinehardwareshop.de\/index.php\/wp-json\/wp\/v2\/product_brand?post=75845"},{"taxonomy":"product_cat","embeddable":true,"href":"https:\/\/onlinehardwareshop.de\/index.php\/wp-json\/wp\/v2\/product_cat?post=75845"},{"taxonomy":"product_tag","embeddable":true,"href":"https:\/\/onlinehardwareshop.de\/index.php\/wp-json\/wp\/v2\/product_tag?post=75845"}],"curies":[{"name":"wp","href":"https:\/\/api.w.org\/{rel}","templated":true}]}}