{"id":75830,"date":"2024-12-04T04:19:43","date_gmt":"2024-12-04T04:19:43","guid":{"rendered":"https:\/\/onlinehardwareshop.de\/index.php\/produkt\/canon-speedlite-el-5-2\/"},"modified":"2025-05-14T06:38:46","modified_gmt":"2025-05-14T06:38:46","slug":"canon-speedlite-el-5","status":"publish","type":"product","link":"https:\/\/onlinehardwareshop.de\/index.php\/produkt\/canon-speedlite-el-5\/","title":{"rendered":"Canon Speedlite EL-5"},"content":{"rendered":"<p>Mit dem leistungsstarken Canon Speedlite EL-5 Blitzger\u00e4t beleuchtest du Motive auf bis zu 60 Meter Abstand. So kannst du ganz einfach einen l\u00e4ngeren Abstand zum Motiv haben. Das Blitzger\u00e4t ist einfach vom LCD-Display der Kamera, aus der Canon Connect App oder anhand der Tasten auf dem Blitzger\u00e4t zu bedienen. Du befestigst den Blitzkopf mit dem Canon Multi-Function Foot, was eine schnelle Kommunikation mit der Kamera gew\u00e4hrleistet. Das Blitzger\u00e4t hat ein 2,4-GHz-Radiosignal, weswegen du es kabellos mit einem Speedlite-Sender bedienen kannst. Bei voller Leistung kannst du 350 Mal blitzen, bis du das Blitzger\u00e4t wieder aufladen musst. Du kannst also problemlos vor Ort fotografieren. Du kannst gezielt entscheiden, welche Motive du beleuchten willst, weil du den Blitzkopf sowohl horizontal als auch vertikal drehen kannst.<\/p>\n","protected":false},"excerpt":{"rendered":"<p>Mit dem leistungsstarken Canon Speedlite EL-5 Blitzger\u00e4t beleuchtest du Motive auf bis zu 60 Meter Abstand. So kannst du ganz einfach einen l\u00e4ngeren Abstand zum Motiv haben. Das Blitzger\u00e4t ist einfach vom LCD-Display der Kamera, aus der Canon Connect App oder anhand der Tasten auf dem Blitzger\u00e4t zu bedienen. Du befestigst den Blitzkopf mit dem Canon Multi-Function Foot, was eine schnelle Kommunikation mit der Kamera gew\u00e4hrleistet. Das Blitzger\u00e4t hat ein 2,4-GHz-Radiosignal, weswegen du es kabellos mit einem Speedlite-Sender bedienen kannst. Bei voller Leistung kannst du 350 Mal blitzen, bis du das Blitzger\u00e4t wieder aufladen musst. Du kannst also problemlos vor Ort fotografieren. Du kannst gezielt entscheiden, welche Motive du beleuchten willst, weil du den Blitzkopf sowohl horizontal als auch vertikal drehen kannst.<\/p>\n","protected":false},"featured_media":0,"comment_status":"closed","ping_status":"open","template":"","meta":{"_acf_changed":false},"brand":[61],"product_brand":[],"product_cat":[2182],"product_tag":[2183],"class_list":{"0":"post-75830","1":"product","2":"type-product","3":"status-publish","5":"brand-canon","6":"product_cat-blitzgerte","7":"product_tag-flitsers","8":"pa_condition-new","9":"pa_coolblue-de-verzending-morgen-gratis-geliefert","10":"pa_ean-12102","11":"pa_mpn-5654c004aa","13":"first","14":"instock","15":"product-type-external"},"acf":[],"_links":{"self":[{"href":"https:\/\/onlinehardwareshop.de\/index.php\/wp-json\/wp\/v2\/product\/75830","targetHints":{"allow":["GET"]}}],"collection":[{"href":"https:\/\/onlinehardwareshop.de\/index.php\/wp-json\/wp\/v2\/product"}],"about":[{"href":"https:\/\/onlinehardwareshop.de\/index.php\/wp-json\/wp\/v2\/types\/product"}],"replies":[{"embeddable":true,"href":"https:\/\/onlinehardwareshop.de\/index.php\/wp-json\/wp\/v2\/comments?post=75830"}],"wp:attachment":[{"href":"https:\/\/onlinehardwareshop.de\/index.php\/wp-json\/wp\/v2\/media?parent=75830"}],"wp:term":[{"taxonomy":"brand","embeddable":true,"href":"https:\/\/onlinehardwareshop.de\/index.php\/wp-json\/wp\/v2\/brand?post=75830"},{"taxonomy":"product_brand","embeddable":true,"href":"https:\/\/onlinehardwareshop.de\/index.php\/wp-json\/wp\/v2\/product_brand?post=75830"},{"taxonomy":"product_cat","embeddable":true,"href":"https:\/\/onlinehardwareshop.de\/index.php\/wp-json\/wp\/v2\/product_cat?post=75830"},{"taxonomy":"product_tag","embeddable":true,"href":"https:\/\/onlinehardwareshop.de\/index.php\/wp-json\/wp\/v2\/product_tag?post=75830"}],"curies":[{"name":"wp","href":"https:\/\/api.w.org\/{rel}","templated":true}]}}