{"id":75819,"date":"2024-03-23T03:26:07","date_gmt":"2024-03-23T03:26:07","guid":{"rendered":"https:\/\/onlinehardwareshop.de\/index.php\/produkt\/sony-ecm-g1-2\/"},"modified":"2025-05-14T06:37:53","modified_gmt":"2025-05-14T06:37:53","slug":"sony-ecm-g1","status":"publish","type":"product","link":"https:\/\/onlinehardwareshop.de\/index.php\/produkt\/sony-ecm-g1\/","title":{"rendered":"Sony ECM G1"},"content":{"rendered":"<p>Das Sony ECM G1 ist ein kompaktes Mikrofon, das gerade mal 34\u00a0Gramm wiegt. Darum nimmst du es einfach mit, wenn du vor Ort filmen willst. Wenn du das Mikrofon nicht verwendest, kannst du es einfach an der Kamera lassen. Dank der kompakten Gr\u00f6\u00dfe ist das Mikrofon nie im Bild, wenn du eine Aufnahme machst, auch dann nicht, wenn du ein Weitwinkelobjektiv verwendest. Du nutzt den Sucher deiner Kamera, ohne dass das Mikrofon im Weg ist. Das Design reduziert Schockger\u00e4usche und mechanische Ger\u00e4usche, wenn du zum Beispiel das Objektiv einstellst. Das gew\u00e4hrleistet, dass die Soundaufnahmen sauber sind. Dank des Windschutzes filmst du auch bei Wind ungest\u00f6rt. Du schlie\u00dft das Mikrofon \u00fcber einen 3,5-mm-Klinkanschluss oder an eine Sony Kamera mit MI-Schuh an. Batterien kannst du Zuhause lassen, weil die Kamera das Mikrofon mit Strom versorgt.<\/p>\n","protected":false},"excerpt":{"rendered":"<p>Das Sony ECM G1 ist ein kompaktes Mikrofon, das gerade mal 34\u00a0Gramm wiegt. Darum nimmst du es einfach mit, wenn du vor Ort filmen willst. Wenn du das Mikrofon nicht verwendest, kannst du es einfach an der Kamera lassen. Dank der kompakten Gr\u00f6\u00dfe ist das Mikrofon nie im Bild, wenn du eine Aufnahme machst, auch dann nicht, wenn du ein Weitwinkelobjektiv verwendest. Du nutzt den Sucher deiner Kamera, ohne dass das Mikrofon im Weg ist. Das Design reduziert Schockger\u00e4usche und mechanische Ger\u00e4usche, wenn du zum Beispiel das Objektiv einstellst. Das gew\u00e4hrleistet, dass die Soundaufnahmen sauber sind. Dank des Windschutzes filmst du auch bei Wind ungest\u00f6rt. Du schlie\u00dft das Mikrofon \u00fcber einen 3,5-mm-Klinkanschluss oder an eine Sony Kamera mit MI-Schuh an. Batterien kannst du Zuhause lassen, weil die Kamera das Mikrofon mit Strom versorgt.<\/p>\n","protected":false},"featured_media":0,"comment_status":"closed","ping_status":"open","template":"","meta":{"_acf_changed":false},"brand":[56],"product_brand":[],"product_cat":[1570],"product_tag":[1571],"class_list":{"0":"post-75819","1":"product","2":"type-product","3":"status-publish","5":"brand-sony","6":"product_cat-kameramikrofone","7":"product_tag-cameramicrofoons","8":"pa_condition-new","9":"pa_coolblue-de-verzending-morgen-gratis-geliefert","10":"pa_ean-12076","11":"pa_mpn-ecmg1z-syu","13":"first","14":"instock","15":"product-type-external"},"acf":[],"_links":{"self":[{"href":"https:\/\/onlinehardwareshop.de\/index.php\/wp-json\/wp\/v2\/product\/75819","targetHints":{"allow":["GET"]}}],"collection":[{"href":"https:\/\/onlinehardwareshop.de\/index.php\/wp-json\/wp\/v2\/product"}],"about":[{"href":"https:\/\/onlinehardwareshop.de\/index.php\/wp-json\/wp\/v2\/types\/product"}],"replies":[{"embeddable":true,"href":"https:\/\/onlinehardwareshop.de\/index.php\/wp-json\/wp\/v2\/comments?post=75819"}],"wp:attachment":[{"href":"https:\/\/onlinehardwareshop.de\/index.php\/wp-json\/wp\/v2\/media?parent=75819"}],"wp:term":[{"taxonomy":"brand","embeddable":true,"href":"https:\/\/onlinehardwareshop.de\/index.php\/wp-json\/wp\/v2\/brand?post=75819"},{"taxonomy":"product_brand","embeddable":true,"href":"https:\/\/onlinehardwareshop.de\/index.php\/wp-json\/wp\/v2\/product_brand?post=75819"},{"taxonomy":"product_cat","embeddable":true,"href":"https:\/\/onlinehardwareshop.de\/index.php\/wp-json\/wp\/v2\/product_cat?post=75819"},{"taxonomy":"product_tag","embeddable":true,"href":"https:\/\/onlinehardwareshop.de\/index.php\/wp-json\/wp\/v2\/product_tag?post=75819"}],"curies":[{"name":"wp","href":"https:\/\/api.w.org\/{rel}","templated":true}]}}