{"id":75796,"date":"2024-10-09T13:11:36","date_gmt":"2024-10-09T13:11:36","guid":{"rendered":"https:\/\/onlinehardwareshop.de\/index.php\/produkt\/medisana-bu-570-connect-wei-2\/"},"modified":"2025-05-14T06:35:57","modified_gmt":"2025-05-14T06:35:57","slug":"medisana-bu-570-connect-wei","status":"publish","type":"product","link":"https:\/\/onlinehardwareshop.de\/index.php\/produkt\/medisana-bu-570-connect-wei\/","title":{"rendered":"Medisana BU 570 Connect Wei&#xDF;"},"content":{"rendered":"<p>F\u00fcr eine schnelle und \u00fcbersichtliche Blutdruckmessung verwende das Medisana BU 570 Connect. Verbinde das Blutdruckmessger\u00e4t mit der VitaDock+ App und starte die Messung mit einem Tastendruck. W\u00e4hrend sich die Manschette aufbl\u00e4st, startet das Ger\u00e4t bereits die Blutdruck- und Herzfrequenzmessung. Auf dem gro\u00dfen Bildschirm kannst du dank der WHO-Farbskala anhand von Ampelfarben sofort erkennen, ob deine Werte hoch oder niedrig sind. Um ein vollst\u00e4ndigeres Bild deiner Gesundheit zu erhalten, zeigt das Blutdruckmessger\u00e4t eine Meldung an, falls ein unregelm\u00e4\u00dfiger Herzschlag auftritt. In der VitaDock+ App kannst du deine Ergebnisse anschlie\u00dfend in einer \u00fcbersichtlichen Grafik sehen, die du auch bequem zum Arzt mitnehmen kannst. Die BU 570 Connect selbst hat Platz f\u00fcr zwei Benutzer mit jeweils 120 Speicherpl\u00e4tzen.<\/p>\n","protected":false},"excerpt":{"rendered":"<p>F\u00fcr eine schnelle und \u00fcbersichtliche Blutdruckmessung verwende das Medisana BU 570 Connect. Verbinde das Blutdruckmessger\u00e4t mit der VitaDock+ App und starte die Messung mit einem Tastendruck. W\u00e4hrend sich die Manschette aufbl\u00e4st, startet das Ger\u00e4t bereits die Blutdruck- und Herzfrequenzmessung. Auf dem gro\u00dfen Bildschirm kannst du dank der WHO-Farbskala anhand von Ampelfarben sofort erkennen, ob deine Werte hoch oder niedrig sind. Um ein vollst\u00e4ndigeres Bild deiner Gesundheit zu erhalten, zeigt das Blutdruckmessger\u00e4t eine Meldung an, falls ein unregelm\u00e4\u00dfiger Herzschlag auftritt. In der VitaDock+ App kannst du deine Ergebnisse anschlie\u00dfend in einer \u00fcbersichtlichen Grafik sehen, die du auch bequem zum Arzt mitnehmen kannst. Die BU 570 Connect selbst hat Platz f\u00fcr zwei Benutzer mit jeweils 120 Speicherpl\u00e4tzen.<\/p>\n","protected":false},"featured_media":0,"comment_status":"closed","ping_status":"open","template":"","meta":{"_acf_changed":false},"brand":[837],"product_brand":[],"product_cat":[838],"product_tag":[839],"class_list":{"0":"post-75796","1":"product","2":"type-product","3":"status-publish","5":"brand-medisana","6":"product_cat-blutdruckmessgerte","7":"product_tag-bovenarm-bloeddrukmeters","8":"pa_condition-new","9":"pa_coolblue-de-verzending-morgen-gratis-geliefert","10":"pa_ean-12028","11":"pa_mpn-12029","13":"first","14":"instock","15":"product-type-external"},"acf":[],"_links":{"self":[{"href":"https:\/\/onlinehardwareshop.de\/index.php\/wp-json\/wp\/v2\/product\/75796","targetHints":{"allow":["GET"]}}],"collection":[{"href":"https:\/\/onlinehardwareshop.de\/index.php\/wp-json\/wp\/v2\/product"}],"about":[{"href":"https:\/\/onlinehardwareshop.de\/index.php\/wp-json\/wp\/v2\/types\/product"}],"replies":[{"embeddable":true,"href":"https:\/\/onlinehardwareshop.de\/index.php\/wp-json\/wp\/v2\/comments?post=75796"}],"wp:attachment":[{"href":"https:\/\/onlinehardwareshop.de\/index.php\/wp-json\/wp\/v2\/media?parent=75796"}],"wp:term":[{"taxonomy":"brand","embeddable":true,"href":"https:\/\/onlinehardwareshop.de\/index.php\/wp-json\/wp\/v2\/brand?post=75796"},{"taxonomy":"product_brand","embeddable":true,"href":"https:\/\/onlinehardwareshop.de\/index.php\/wp-json\/wp\/v2\/product_brand?post=75796"},{"taxonomy":"product_cat","embeddable":true,"href":"https:\/\/onlinehardwareshop.de\/index.php\/wp-json\/wp\/v2\/product_cat?post=75796"},{"taxonomy":"product_tag","embeddable":true,"href":"https:\/\/onlinehardwareshop.de\/index.php\/wp-json\/wp\/v2\/product_tag?post=75796"}],"curies":[{"name":"wp","href":"https:\/\/api.w.org\/{rel}","templated":true}]}}