{"id":75784,"date":"2024-09-16T02:08:15","date_gmt":"2024-09-16T02:08:15","guid":{"rendered":"https:\/\/onlinehardwareshop.de\/index.php\/produkt\/sennheiser-btd-600-2\/"},"modified":"2025-05-14T06:34:47","modified_gmt":"2025-05-14T06:34:47","slug":"sennheiser-btd-600","status":"publish","type":"product","link":"https:\/\/onlinehardwareshop.de\/index.php\/produkt\/sennheiser-btd-600\/","title":{"rendered":"Sennheiser BTD 600"},"content":{"rendered":"<p>Mit dem Sennheiser BTD 600 kannst du deinen kabellosen Kopfh\u00f6rer mit Ger\u00e4ten verbinden, die nicht \u00fcber Bluetooth verf\u00fcgen. Dieser Bluetooth-Dongle hat eine niedrige Latenz, womit Online-Konferenzen reibungslos verlaufen. Du kannst mit dem Dongle au\u00dferdem das Ger\u00e4t wechseln, ohne den Kopfh\u00f6rer neu koppeln zu m\u00fcssen. Und dank des mitgelieferten USB-A-auf-USB-C-Adapters kannst du den Dongle an nahezu jedem Laptop verwenden.<\/p>\n","protected":false},"excerpt":{"rendered":"<p>Mit dem Sennheiser BTD 600 kannst du deinen kabellosen Kopfh\u00f6rer mit Ger\u00e4ten verbinden, die nicht \u00fcber Bluetooth verf\u00fcgen. Dieser Bluetooth-Dongle hat eine niedrige Latenz, womit Online-Konferenzen reibungslos verlaufen. Du kannst mit dem Dongle au\u00dferdem das Ger\u00e4t wechseln, ohne den Kopfh\u00f6rer neu koppeln zu m\u00fcssen. Und dank des mitgelieferten USB-A-auf-USB-C-Adapters kannst du den Dongle an nahezu jedem Laptop verwenden.<\/p>\n","protected":false},"featured_media":0,"comment_status":"closed","ping_status":"open","template":"","meta":{"_acf_changed":false},"brand":[1474],"product_brand":[],"product_cat":[1250],"product_tag":[1251],"class_list":{"0":"post-75784","1":"product","2":"type-product","3":"status-publish","5":"brand-sennheiser","6":"product_cat-audio-streamer","7":"product_tag-audiostreamers-receivers","8":"pa_condition-new","9":"pa_coolblue-de-verzending-morgen-gratis-geliefert","10":"pa_ean-12005","11":"pa_mpn-12006","13":"first","14":"instock","15":"product-type-external"},"acf":[],"_links":{"self":[{"href":"https:\/\/onlinehardwareshop.de\/index.php\/wp-json\/wp\/v2\/product\/75784","targetHints":{"allow":["GET"]}}],"collection":[{"href":"https:\/\/onlinehardwareshop.de\/index.php\/wp-json\/wp\/v2\/product"}],"about":[{"href":"https:\/\/onlinehardwareshop.de\/index.php\/wp-json\/wp\/v2\/types\/product"}],"replies":[{"embeddable":true,"href":"https:\/\/onlinehardwareshop.de\/index.php\/wp-json\/wp\/v2\/comments?post=75784"}],"wp:attachment":[{"href":"https:\/\/onlinehardwareshop.de\/index.php\/wp-json\/wp\/v2\/media?parent=75784"}],"wp:term":[{"taxonomy":"brand","embeddable":true,"href":"https:\/\/onlinehardwareshop.de\/index.php\/wp-json\/wp\/v2\/brand?post=75784"},{"taxonomy":"product_brand","embeddable":true,"href":"https:\/\/onlinehardwareshop.de\/index.php\/wp-json\/wp\/v2\/product_brand?post=75784"},{"taxonomy":"product_cat","embeddable":true,"href":"https:\/\/onlinehardwareshop.de\/index.php\/wp-json\/wp\/v2\/product_cat?post=75784"},{"taxonomy":"product_tag","embeddable":true,"href":"https:\/\/onlinehardwareshop.de\/index.php\/wp-json\/wp\/v2\/product_tag?post=75784"}],"curies":[{"name":"wp","href":"https:\/\/api.w.org\/{rel}","templated":true}]}}