{"id":75781,"date":"2024-05-18T08:17:06","date_gmt":"2024-05-18T08:17:06","guid":{"rendered":"https:\/\/onlinehardwareshop.de\/index.php\/produkt\/samsung-vca-adb952-bespoke-jet-clean-station-staubbeutel-5-stck-2\/"},"modified":"2025-05-14T06:34:33","modified_gmt":"2025-05-14T06:34:33","slug":"samsung-vca-adb952-bespoke-jet-clean-station-staubbeutel-5-stck","status":"publish","type":"product","link":"https:\/\/onlinehardwareshop.de\/index.php\/produkt\/samsung-vca-adb952-bespoke-jet-clean-station-staubbeutel-5-stck\/","title":{"rendered":"Samsung VCA-ADB952 Bespoke Jet Clean Station Staubbeutel (5 St&#xFC;ck)"},"content":{"rendered":"<p>Die Samsung VCA-ADB952 Bespoke Jet Clean Station Staubbeutel (5 St\u00fcck) sind f\u00fcr die Samsung Bespoke Jet Clean Station geeignet. Lege den Staubbeutel in die Reinigungsstation und entleere dann ganz einfach deinen Samsung Bespoke Jet Stielstaubsauger. Die Reinigungsstation enth\u00e4lt einen HEPA-Filter. Zusammen mit dem Staubbeutel h\u00e4lt dieser Filter gro\u00dfe und kleine Staubpartikel zur\u00fcck. Dadurch sind die Beutel auch f\u00fcr Allergiker geeignet.<\/p>\n","protected":false},"excerpt":{"rendered":"<p>Die Samsung VCA-ADB952 Bespoke Jet Clean Station Staubbeutel (5 St\u00fcck) sind f\u00fcr die Samsung Bespoke Jet Clean Station geeignet. Lege den Staubbeutel in die Reinigungsstation und entleere dann ganz einfach deinen Samsung Bespoke Jet Stielstaubsauger. Die Reinigungsstation enth\u00e4lt einen HEPA-Filter. Zusammen mit dem Staubbeutel h\u00e4lt dieser Filter gro\u00dfe und kleine Staubpartikel zur\u00fcck. Dadurch sind die Beutel auch f\u00fcr Allergiker geeignet.<\/p>\n","protected":false},"featured_media":0,"comment_status":"closed","ping_status":"open","template":"","meta":{"_acf_changed":false},"brand":[1165],"product_brand":[],"product_cat":[129],"product_tag":[130],"class_list":{"0":"post-75781","1":"product","2":"type-product","3":"status-publish","5":"brand-samsung","6":"product_cat-staubsaugerbeutel","7":"product_tag-stofzuigerzakken","8":"pa_condition-new","9":"pa_coolblue-de-verzending-morgen-gratis-geliefert","10":"pa_ean-33348","11":"pa_mpn-vca-adb952","13":"first","14":"instock","15":"product-type-external"},"acf":[],"_links":{"self":[{"href":"https:\/\/onlinehardwareshop.de\/index.php\/wp-json\/wp\/v2\/product\/75781","targetHints":{"allow":["GET"]}}],"collection":[{"href":"https:\/\/onlinehardwareshop.de\/index.php\/wp-json\/wp\/v2\/product"}],"about":[{"href":"https:\/\/onlinehardwareshop.de\/index.php\/wp-json\/wp\/v2\/types\/product"}],"replies":[{"embeddable":true,"href":"https:\/\/onlinehardwareshop.de\/index.php\/wp-json\/wp\/v2\/comments?post=75781"}],"wp:attachment":[{"href":"https:\/\/onlinehardwareshop.de\/index.php\/wp-json\/wp\/v2\/media?parent=75781"}],"wp:term":[{"taxonomy":"brand","embeddable":true,"href":"https:\/\/onlinehardwareshop.de\/index.php\/wp-json\/wp\/v2\/brand?post=75781"},{"taxonomy":"product_brand","embeddable":true,"href":"https:\/\/onlinehardwareshop.de\/index.php\/wp-json\/wp\/v2\/product_brand?post=75781"},{"taxonomy":"product_cat","embeddable":true,"href":"https:\/\/onlinehardwareshop.de\/index.php\/wp-json\/wp\/v2\/product_cat?post=75781"},{"taxonomy":"product_tag","embeddable":true,"href":"https:\/\/onlinehardwareshop.de\/index.php\/wp-json\/wp\/v2\/product_tag?post=75781"}],"curies":[{"name":"wp","href":"https:\/\/api.w.org\/{rel}","templated":true}]}}