{"id":75775,"date":"2024-09-16T09:19:10","date_gmt":"2024-09-16T09:19:10","guid":{"rendered":"https:\/\/onlinehardwareshop.de\/index.php\/produkt\/hp-envy-photo-inspire-7224e-1-satz-ersatzpatronen-2\/"},"modified":"2025-05-14T06:34:01","modified_gmt":"2025-05-14T06:34:01","slug":"hp-envy-photo-inspire-7224e-1-satz-ersatzpatronen","status":"publish","type":"product","link":"https:\/\/onlinehardwareshop.de\/index.php\/produkt\/hp-envy-photo-inspire-7224e-1-satz-ersatzpatronen\/","title":{"rendered":"HP ENVY Photo Inspire 7224e + 1 Satz Ersatzpatronen"},"content":{"rendered":"<p>Mit dem HP ENVY Photo Inspire 7224e + 1 Satz Reservepatronen im Set brauchst du erst einmal nicht nach dem Tintenstand gucken. Mit dem ENVY Photo Inspire 7224e Multifunktionsdrucker druckst du sowohl Familienfotos als auch Gesch\u00e4ftsdokumente aus. Damit eignet sich dieser Farbdrucker f\u00fcr Familien mit schulpflichtigen Kindern, aber auch f\u00fcr Selbst\u00e4ndige. Neben drucken kannst du auch Dokumente scannen und kopieren. Du bedienst den Drucker \u00fcber das Bedienfeld, das sich einfach zu dir hinneigen l\u00e4sst, mit deinem Handy oder am Computer. Die Papierkassette bietet Platz f\u00fcr 125 DIN-A4-Bl\u00e4tter. Die spezielle Schublade f\u00fcr Fotopapier fasst 15 Blatt, auf denen du deine Fotos randlos drucken kannst.   Mit dem HP Instant Ink Abonnement bekommst du automatisch Tinte nach Hause geliefert und sparst Druckkosten. Zu diesem Drucker erh\u00e4ltst du einen kostenlosen Testzeitraum von sechs Monaten. So druckst du in den ersten sechs Monaten bis zu 700 Seiten kostenlos. Danach zahlst du einen festen Betrag im Monat. Du \u00e4nderst dein Tintenabo jederzeit. So musst du dich nicht festlegen. Mehr Informationen zu HP Instant Ink gew\u00fcnscht? Schau dir unseren Beratungsartikel an.   Bei der Ersteinrichtung deines Druckers entscheidest du, ob HP+ aktiviert werden soll. Eine der Bedingungen von HP+ ist, dass du dich zur ausschlie\u00dflichen Verwendung offizieller HP Patronen verpflichtest.<\/p>\n","protected":false},"excerpt":{"rendered":"<p>Mit dem HP ENVY Photo Inspire 7224e + 1 Satz Reservepatronen im Set brauchst du erst einmal nicht nach dem Tintenstand gucken. Mit dem ENVY Photo Inspire 7224e Multifunktionsdrucker druckst du sowohl Familienfotos als auch Gesch\u00e4ftsdokumente aus. Damit eignet sich dieser Farbdrucker f\u00fcr Familien mit schulpflichtigen Kindern, aber auch f\u00fcr Selbst\u00e4ndige. Neben drucken kannst du auch Dokumente scannen und kopieren. Du bedienst den Drucker \u00fcber das Bedienfeld, das sich einfach zu dir hinneigen l\u00e4sst, mit deinem Handy oder am Computer. Die Papierkassette bietet Platz f\u00fcr 125 DIN-A4-Bl\u00e4tter. Die spezielle Schublade f\u00fcr Fotopapier fasst 15 Blatt, auf denen du deine Fotos randlos drucken kannst.   Mit dem HP Instant Ink Abonnement bekommst du automatisch Tinte nach Hause geliefert und sparst Druckkosten. Zu diesem Drucker erh\u00e4ltst du einen kostenlosen Testzeitraum von sechs Monaten. So druckst du in den ersten sechs Monaten bis zu 700 Seiten kostenlos. Danach zahlst du einen festen Betrag im Monat. Du \u00e4nderst dein Tintenabo jederzeit. So musst du dich nicht festlegen. Mehr Informationen zu HP Instant Ink gew\u00fcnscht? Schau dir unseren Beratungsartikel an.   Bei der Ersteinrichtung deines Druckers entscheidest du, ob HP+ aktiviert werden soll. Eine der Bedingungen von HP+ ist, dass du dich zur ausschlie\u00dflichen Verwendung offizieller HP Patronen verpflichtest.<\/p>\n","protected":false},"featured_media":0,"comment_status":"closed","ping_status":"open","template":"","meta":{"_acf_changed":false},"brand":[90],"product_brand":[],"product_cat":[2205],"product_tag":[2206],"class_list":{"0":"post-75775","1":"product","2":"type-product","3":"status-publish","5":"brand-hp","6":"product_cat-drucker","7":"product_tag-inkjetprinters","8":"pa_condition-new","9":"pa_coolblue-de-verzending-morgen-gratis-geliefert","10":"pa_ean-11987","12":"first","13":"instock","14":"product-type-external"},"acf":[],"_links":{"self":[{"href":"https:\/\/onlinehardwareshop.de\/index.php\/wp-json\/wp\/v2\/product\/75775","targetHints":{"allow":["GET"]}}],"collection":[{"href":"https:\/\/onlinehardwareshop.de\/index.php\/wp-json\/wp\/v2\/product"}],"about":[{"href":"https:\/\/onlinehardwareshop.de\/index.php\/wp-json\/wp\/v2\/types\/product"}],"replies":[{"embeddable":true,"href":"https:\/\/onlinehardwareshop.de\/index.php\/wp-json\/wp\/v2\/comments?post=75775"}],"wp:attachment":[{"href":"https:\/\/onlinehardwareshop.de\/index.php\/wp-json\/wp\/v2\/media?parent=75775"}],"wp:term":[{"taxonomy":"brand","embeddable":true,"href":"https:\/\/onlinehardwareshop.de\/index.php\/wp-json\/wp\/v2\/brand?post=75775"},{"taxonomy":"product_brand","embeddable":true,"href":"https:\/\/onlinehardwareshop.de\/index.php\/wp-json\/wp\/v2\/product_brand?post=75775"},{"taxonomy":"product_cat","embeddable":true,"href":"https:\/\/onlinehardwareshop.de\/index.php\/wp-json\/wp\/v2\/product_cat?post=75775"},{"taxonomy":"product_tag","embeddable":true,"href":"https:\/\/onlinehardwareshop.de\/index.php\/wp-json\/wp\/v2\/product_tag?post=75775"}],"curies":[{"name":"wp","href":"https:\/\/api.w.org\/{rel}","templated":true}]}}