{"id":75772,"date":"2024-01-20T11:14:07","date_gmt":"2024-01-20T11:14:07","guid":{"rendered":"https:\/\/onlinehardwareshop.de\/index.php\/produkt\/owl-labs-expansion-mic-2\/"},"modified":"2025-05-14T06:33:46","modified_gmt":"2025-05-14T06:33:46","slug":"owl-labs-expansion-mic","status":"publish","type":"product","link":"https:\/\/onlinehardwareshop.de\/index.php\/produkt\/owl-labs-expansion-mic\/","title":{"rendered":"Owl Labs Expansion Mic"},"content":{"rendered":"<p>Das Owl Labs Expansion Mic ist ein Konferenzmikrofon, das du mit der Meeting Owl 3 verwenden kannst. Schlie\u00dfe das Erweiterungsmikrofon einfach \u00fcber das mitgelieferte Micro-HDMI-Kabel an die Meeting Owl 3 an und leg los. Diese Freisprecheinrichtung erweitert die Audio-Reichweite deiner Owl 3 um 2,5\u00a0Meter, sodass du eine Reichweite von fast 8\u00a0Metern hast. Diese Kombination ist daher ideal f\u00fcr gr\u00f6\u00dfere Konferenzr\u00e4ume mit vielen Teilnehmern. Das Mikrofon nimmt auch Stimmen aus gr\u00f6\u00dferer Entfernung war und sorgt daf\u00fcr, dass jeder deutlich zu h\u00f6ren ist. Wenn du das Mikrofon mindestens 1,8\u00a0Meter von der Owl 3 entfernt aufstellst, k\u00f6nnen auch andere Teilnehmer die Stummschalttaste am Erweiterungsmikrofon leicht erreichen.<\/p>\n","protected":false},"excerpt":{"rendered":"<p>Das Owl Labs Expansion Mic ist ein Konferenzmikrofon, das du mit der Meeting Owl 3 verwenden kannst. Schlie\u00dfe das Erweiterungsmikrofon einfach \u00fcber das mitgelieferte Micro-HDMI-Kabel an die Meeting Owl 3 an und leg los. Diese Freisprecheinrichtung erweitert die Audio-Reichweite deiner Owl 3 um 2,5\u00a0Meter, sodass du eine Reichweite von fast 8\u00a0Metern hast. Diese Kombination ist daher ideal f\u00fcr gr\u00f6\u00dfere Konferenzr\u00e4ume mit vielen Teilnehmern. Das Mikrofon nimmt auch Stimmen aus gr\u00f6\u00dferer Entfernung war und sorgt daf\u00fcr, dass jeder deutlich zu h\u00f6ren ist. Wenn du das Mikrofon mindestens 1,8\u00a0Meter von der Owl 3 entfernt aufstellst, k\u00f6nnen auch andere Teilnehmer die Stummschalttaste am Erweiterungsmikrofon leicht erreichen.<\/p>\n","protected":false},"featured_media":0,"comment_status":"closed","ping_status":"open","template":"","meta":{"_acf_changed":false},"brand":[10838],"product_brand":[],"product_cat":[816],"product_tag":[817],"class_list":{"0":"post-75772","1":"product","2":"type-product","3":"status-publish","5":"brand-owl-labs","6":"product_cat-konferenzmikrofone","7":"product_tag-vergadermicrofoons","8":"pa_condition-new","9":"pa_coolblue-de-verzending-morgen-gratis-geliefert","10":"pa_ean-11982","11":"pa_mpn-exm100-1000","13":"first","14":"instock","15":"product-type-external"},"acf":[],"_links":{"self":[{"href":"https:\/\/onlinehardwareshop.de\/index.php\/wp-json\/wp\/v2\/product\/75772","targetHints":{"allow":["GET"]}}],"collection":[{"href":"https:\/\/onlinehardwareshop.de\/index.php\/wp-json\/wp\/v2\/product"}],"about":[{"href":"https:\/\/onlinehardwareshop.de\/index.php\/wp-json\/wp\/v2\/types\/product"}],"replies":[{"embeddable":true,"href":"https:\/\/onlinehardwareshop.de\/index.php\/wp-json\/wp\/v2\/comments?post=75772"}],"wp:attachment":[{"href":"https:\/\/onlinehardwareshop.de\/index.php\/wp-json\/wp\/v2\/media?parent=75772"}],"wp:term":[{"taxonomy":"brand","embeddable":true,"href":"https:\/\/onlinehardwareshop.de\/index.php\/wp-json\/wp\/v2\/brand?post=75772"},{"taxonomy":"product_brand","embeddable":true,"href":"https:\/\/onlinehardwareshop.de\/index.php\/wp-json\/wp\/v2\/product_brand?post=75772"},{"taxonomy":"product_cat","embeddable":true,"href":"https:\/\/onlinehardwareshop.de\/index.php\/wp-json\/wp\/v2\/product_cat?post=75772"},{"taxonomy":"product_tag","embeddable":true,"href":"https:\/\/onlinehardwareshop.de\/index.php\/wp-json\/wp\/v2\/product_tag?post=75772"}],"curies":[{"name":"wp","href":"https:\/\/api.w.org\/{rel}","templated":true}]}}