{"id":75755,"date":"2024-04-03T16:25:16","date_gmt":"2024-04-03T16:25:16","guid":{"rendered":"https:\/\/onlinehardwareshop.de\/index.php\/produkt\/dewalt-dcs367nt-xj-2\/"},"modified":"2025-05-14T06:32:32","modified_gmt":"2025-05-14T06:32:32","slug":"dewalt-dcs367nt-xj","status":"publish","type":"product","link":"https:\/\/onlinehardwareshop.de\/index.php\/produkt\/dewalt-dcs367nt-xj\/","title":{"rendered":"DeWalt DCS367NT-XJ"},"content":{"rendered":"<p>Mit der kompakten DeWalt DCS367NT-XJ S\u00e4bels\u00e4ge s\u00e4gst du an schwer erreichbaren Stellen, dicht an der Wand entlang oder \u00fcber dem Boden. Das S\u00e4geblatt l\u00e4sst sich in vier verschiedenen Positionen einstellen. Dadurch s\u00e4gst du zum Beispiel Leitungen nahe an der Wand ab, sodass deine Duscharmatur sch\u00f6n an den Fliesen anschlie\u00dft. Wenn du im Kriechraum arbeitest, hast du dank der LED-Beleuchtung eine gute Sicht. Die S\u00e4gebl\u00e4tter tauschst du ohne Werkzeug aus und stellst sie um. So legst du schnell und ohne Unterbrechungen mit einer neuen Arbeit los. Der Motor der DCS367NT befindet sich in der Mitte der Maschine. Dadurch wird das Gleichgewicht der S\u00e4bels\u00e4ge verbessert und du arbeitest komfortabel. Diese S\u00e4bels\u00e4ge geh\u00f6rt zum DeWalt XR 18V-Akkusystem. Hast du bereits einen Akku desselben Akkusystems zu Hause? Dann verwendest du ihn auch in diesem Akkuwerkzeug.<\/p>\n","protected":false},"excerpt":{"rendered":"<p>Mit der kompakten DeWalt DCS367NT-XJ S\u00e4bels\u00e4ge s\u00e4gst du an schwer erreichbaren Stellen, dicht an der Wand entlang oder \u00fcber dem Boden. Das S\u00e4geblatt l\u00e4sst sich in vier verschiedenen Positionen einstellen. Dadurch s\u00e4gst du zum Beispiel Leitungen nahe an der Wand ab, sodass deine Duscharmatur sch\u00f6n an den Fliesen anschlie\u00dft. Wenn du im Kriechraum arbeitest, hast du dank der LED-Beleuchtung eine gute Sicht. Die S\u00e4gebl\u00e4tter tauschst du ohne Werkzeug aus und stellst sie um. So legst du schnell und ohne Unterbrechungen mit einer neuen Arbeit los. Der Motor der DCS367NT befindet sich in der Mitte der Maschine. Dadurch wird das Gleichgewicht der S\u00e4bels\u00e4ge verbessert und du arbeitest komfortabel. Diese S\u00e4bels\u00e4ge geh\u00f6rt zum DeWalt XR 18V-Akkusystem. Hast du bereits einen Akku desselben Akkusystems zu Hause? Dann verwendest du ihn auch in diesem Akkuwerkzeug.<\/p>\n","protected":false},"featured_media":0,"comment_status":"closed","ping_status":"open","template":"","meta":{"_acf_changed":false},"brand":[980],"product_brand":[],"product_cat":[585],"product_tag":[2028],"class_list":{"0":"post-75755","1":"product","2":"type-product","3":"status-publish","5":"brand-dewalt","6":"product_cat-sbelsgen","7":"product_tag-accu-reciprozagen","8":"pa_condition-new","9":"pa_coolblue-de-verzending-morgen-gratis-geliefert","10":"pa_ean-11947","11":"pa_mpn-dcs367nt","13":"first","14":"instock","15":"product-type-external"},"acf":[],"_links":{"self":[{"href":"https:\/\/onlinehardwareshop.de\/index.php\/wp-json\/wp\/v2\/product\/75755","targetHints":{"allow":["GET"]}}],"collection":[{"href":"https:\/\/onlinehardwareshop.de\/index.php\/wp-json\/wp\/v2\/product"}],"about":[{"href":"https:\/\/onlinehardwareshop.de\/index.php\/wp-json\/wp\/v2\/types\/product"}],"replies":[{"embeddable":true,"href":"https:\/\/onlinehardwareshop.de\/index.php\/wp-json\/wp\/v2\/comments?post=75755"}],"wp:attachment":[{"href":"https:\/\/onlinehardwareshop.de\/index.php\/wp-json\/wp\/v2\/media?parent=75755"}],"wp:term":[{"taxonomy":"brand","embeddable":true,"href":"https:\/\/onlinehardwareshop.de\/index.php\/wp-json\/wp\/v2\/brand?post=75755"},{"taxonomy":"product_brand","embeddable":true,"href":"https:\/\/onlinehardwareshop.de\/index.php\/wp-json\/wp\/v2\/product_brand?post=75755"},{"taxonomy":"product_cat","embeddable":true,"href":"https:\/\/onlinehardwareshop.de\/index.php\/wp-json\/wp\/v2\/product_cat?post=75755"},{"taxonomy":"product_tag","embeddable":true,"href":"https:\/\/onlinehardwareshop.de\/index.php\/wp-json\/wp\/v2\/product_tag?post=75755"}],"curies":[{"name":"wp","href":"https:\/\/api.w.org\/{rel}","templated":true}]}}