{"id":75727,"date":"2024-05-04T22:53:08","date_gmt":"2024-05-04T22:53:08","guid":{"rendered":"https:\/\/onlinehardwareshop.de\/index.php\/produkt\/canon-pixma-ts-5150-1-satz-reservepatronen-2\/"},"modified":"2025-05-14T06:30:01","modified_gmt":"2025-05-14T06:30:01","slug":"canon-pixma-ts-5150-1-satz-reservepatronen","status":"publish","type":"product","link":"https:\/\/onlinehardwareshop.de\/index.php\/produkt\/canon-pixma-ts-5150-1-satz-reservepatronen\/","title":{"rendered":"Canon PIXMA TS-5150 + 1 Satz Reservepatronen"},"content":{"rendered":"<p>Mit dem Canon PIXMA TS5150 + 1 Set Reservepatronen machst du dir erstmal keine Gedanken mehr \u00fcber den Tintenf\u00fcllstand. Mit dem Canon PIXMA TS5150 druckst, scannst und kopierst du deine Dokumente in Farbe oder Schwarz-Wei\u00df. Fotos druckst du randlos mit einer hohen Aufl\u00f6sung von 4.800\u00a0x 1.200\u00a0dpi. Durch die WLAN-Unterst\u00fctzung ben\u00f6tigst du kein Druckerkabel, sondern druckst kabellos von deinem Laptop, Tablet oder Smartphone. Der TS5150 unterst\u00fctzt auch Bluetooth. Willst du Einstellungen \u00e4ndern oder ein neues Ger\u00e4t hinzuf\u00fcgen? Auf dem Touchscreen geht das ganz einfach. Die Papierkassette fasst bis zu 100 Bl\u00e4tter. Bei beidseitiger Bedruckung legst du also erst nach 200 Seiten Papier nach.<\/p>\n","protected":false},"excerpt":{"rendered":"<p>Mit dem Canon PIXMA TS5150 + 1 Set Reservepatronen machst du dir erstmal keine Gedanken mehr \u00fcber den Tintenf\u00fcllstand. Mit dem Canon PIXMA TS5150 druckst, scannst und kopierst du deine Dokumente in Farbe oder Schwarz-Wei\u00df. Fotos druckst du randlos mit einer hohen Aufl\u00f6sung von 4.800\u00a0x 1.200\u00a0dpi. Durch die WLAN-Unterst\u00fctzung ben\u00f6tigst du kein Druckerkabel, sondern druckst kabellos von deinem Laptop, Tablet oder Smartphone. Der TS5150 unterst\u00fctzt auch Bluetooth. Willst du Einstellungen \u00e4ndern oder ein neues Ger\u00e4t hinzuf\u00fcgen? Auf dem Touchscreen geht das ganz einfach. Die Papierkassette fasst bis zu 100 Bl\u00e4tter. Bei beidseitiger Bedruckung legst du also erst nach 200 Seiten Papier nach.<\/p>\n","protected":false},"featured_media":0,"comment_status":"closed","ping_status":"open","template":"","meta":{"_acf_changed":false},"brand":[61],"product_brand":[],"product_cat":[2205],"product_tag":[2206],"class_list":{"0":"post-75727","1":"product","2":"type-product","3":"status-publish","5":"brand-canon","6":"product_cat-drucker","7":"product_tag-inkjetprinters","8":"pa_condition-new","9":"pa_coolblue-de-verzending-morgen-gratis-geliefert","10":"pa_ean-11889","12":"first","13":"instock","14":"product-type-external"},"acf":[],"_links":{"self":[{"href":"https:\/\/onlinehardwareshop.de\/index.php\/wp-json\/wp\/v2\/product\/75727","targetHints":{"allow":["GET"]}}],"collection":[{"href":"https:\/\/onlinehardwareshop.de\/index.php\/wp-json\/wp\/v2\/product"}],"about":[{"href":"https:\/\/onlinehardwareshop.de\/index.php\/wp-json\/wp\/v2\/types\/product"}],"replies":[{"embeddable":true,"href":"https:\/\/onlinehardwareshop.de\/index.php\/wp-json\/wp\/v2\/comments?post=75727"}],"wp:attachment":[{"href":"https:\/\/onlinehardwareshop.de\/index.php\/wp-json\/wp\/v2\/media?parent=75727"}],"wp:term":[{"taxonomy":"brand","embeddable":true,"href":"https:\/\/onlinehardwareshop.de\/index.php\/wp-json\/wp\/v2\/brand?post=75727"},{"taxonomy":"product_brand","embeddable":true,"href":"https:\/\/onlinehardwareshop.de\/index.php\/wp-json\/wp\/v2\/product_brand?post=75727"},{"taxonomy":"product_cat","embeddable":true,"href":"https:\/\/onlinehardwareshop.de\/index.php\/wp-json\/wp\/v2\/product_cat?post=75727"},{"taxonomy":"product_tag","embeddable":true,"href":"https:\/\/onlinehardwareshop.de\/index.php\/wp-json\/wp\/v2\/product_tag?post=75727"}],"curies":[{"name":"wp","href":"https:\/\/api.w.org\/{rel}","templated":true}]}}