{"id":75682,"date":"2024-05-10T09:37:15","date_gmt":"2024-05-10T09:37:15","guid":{"rendered":"https:\/\/onlinehardwareshop.de\/index.php\/produkt\/bluebuilt-staubsaugerbeutel-fr-nilfisk-28-stck-2\/"},"modified":"2025-05-14T06:26:18","modified_gmt":"2025-05-14T06:26:18","slug":"bluebuilt-staubsaugerbeutel-fr-nilfisk-28-stck","status":"publish","type":"product","link":"https:\/\/onlinehardwareshop.de\/index.php\/produkt\/bluebuilt-staubsaugerbeutel-fr-nilfisk-28-stck\/","title":{"rendered":"BlueBuilt Staubsaugerbeutel f&#xFC;r Nilfisk (28 St&#xFC;ck)"},"content":{"rendered":"<p>Mit den BlueBuilt Staubsaugerbeuteln f\u00fcr Nilfisk (28 St\u00fcck) brauchst du dir keine Gedanken mehr um deine Staubsaugerbeutel zu machen. Mit 28 Staubsaugerbeuteln hast du genug Vorrat f\u00fcr sieben Jahre. Wechsle den Staubsaugerbeutel, wenn er voll ist. Tue dies am besten alle zwei bis drei Monate. Das h\u00e4ngt nat\u00fcrlich davon ab, wie gro\u00df deine Wohnung ist und wie oft du staubsaugst. Wenn du den Beutel nicht rechtzeitig auswechselst, wirkt sich dies negativ auf die Saugleistung deines Staubsaugers aus. Du erh\u00e4ltst auch sieben Filter f\u00fcr deinen Staubsauger. Diesen Abluftfilter solltest du alle sechs Monate auswechseln. So funktioniert der Staubsauger weiterhin gut und die Abluft bleibt sauber.   Hinweis: Diese Staubbeutel sind nur f\u00fcr Staubsauger von Nilfisk geeignet.<\/p>\n","protected":false},"excerpt":{"rendered":"<p>Mit den BlueBuilt Staubsaugerbeuteln f\u00fcr Nilfisk (28 St\u00fcck) brauchst du dir keine Gedanken mehr um deine Staubsaugerbeutel zu machen. Mit 28 Staubsaugerbeuteln hast du genug Vorrat f\u00fcr sieben Jahre. Wechsle den Staubsaugerbeutel, wenn er voll ist. Tue dies am besten alle zwei bis drei Monate. Das h\u00e4ngt nat\u00fcrlich davon ab, wie gro\u00df deine Wohnung ist und wie oft du staubsaugst. Wenn du den Beutel nicht rechtzeitig auswechselst, wirkt sich dies negativ auf die Saugleistung deines Staubsaugers aus. Du erh\u00e4ltst auch sieben Filter f\u00fcr deinen Staubsauger. Diesen Abluftfilter solltest du alle sechs Monate auswechseln. So funktioniert der Staubsauger weiterhin gut und die Abluft bleibt sauber.   Hinweis: Diese Staubbeutel sind nur f\u00fcr Staubsauger von Nilfisk geeignet.<\/p>\n","protected":false},"featured_media":0,"comment_status":"closed","ping_status":"open","template":"","meta":{"_acf_changed":false},"brand":[5893],"product_brand":[],"product_cat":[129],"product_tag":[130],"class_list":{"0":"post-75682","1":"product","2":"type-product","3":"status-publish","5":"brand-bluebuilt","6":"product_cat-staubsaugerbeutel","7":"product_tag-stofzuigerzakken","8":"pa_condition-new","9":"pa_coolblue-de-verzending-morgen-gratis-geliefert","10":"pa_ean-11769","11":"pa_mpn-bbszzn001","13":"first","14":"instock","15":"product-type-external"},"acf":[],"_links":{"self":[{"href":"https:\/\/onlinehardwareshop.de\/index.php\/wp-json\/wp\/v2\/product\/75682","targetHints":{"allow":["GET"]}}],"collection":[{"href":"https:\/\/onlinehardwareshop.de\/index.php\/wp-json\/wp\/v2\/product"}],"about":[{"href":"https:\/\/onlinehardwareshop.de\/index.php\/wp-json\/wp\/v2\/types\/product"}],"replies":[{"embeddable":true,"href":"https:\/\/onlinehardwareshop.de\/index.php\/wp-json\/wp\/v2\/comments?post=75682"}],"wp:attachment":[{"href":"https:\/\/onlinehardwareshop.de\/index.php\/wp-json\/wp\/v2\/media?parent=75682"}],"wp:term":[{"taxonomy":"brand","embeddable":true,"href":"https:\/\/onlinehardwareshop.de\/index.php\/wp-json\/wp\/v2\/brand?post=75682"},{"taxonomy":"product_brand","embeddable":true,"href":"https:\/\/onlinehardwareshop.de\/index.php\/wp-json\/wp\/v2\/product_brand?post=75682"},{"taxonomy":"product_cat","embeddable":true,"href":"https:\/\/onlinehardwareshop.de\/index.php\/wp-json\/wp\/v2\/product_cat?post=75682"},{"taxonomy":"product_tag","embeddable":true,"href":"https:\/\/onlinehardwareshop.de\/index.php\/wp-json\/wp\/v2\/product_tag?post=75682"}],"curies":[{"name":"wp","href":"https:\/\/api.w.org\/{rel}","templated":true}]}}