{"id":75681,"date":"2024-03-09T00:29:15","date_gmt":"2024-03-09T00:29:15","guid":{"rendered":"https:\/\/onlinehardwareshop.de\/index.php\/produkt\/bluebuilt-staubsaugerbeutel-fr-veripart-und-inventum-28-stck-2\/"},"modified":"2025-05-14T06:26:00","modified_gmt":"2025-05-14T06:26:00","slug":"bluebuilt-staubsaugerbeutel-fr-veripart-und-inventum-28-stck","status":"publish","type":"product","link":"https:\/\/onlinehardwareshop.de\/index.php\/produkt\/bluebuilt-staubsaugerbeutel-fr-veripart-und-inventum-28-stck\/","title":{"rendered":"BlueBuilt Staubsaugerbeutel f&#xFC;r Veripart und Inventum (28 St&#xFC;ck)"},"content":{"rendered":"<p>Mit den BlueBuilt Staubsaugerbeuteln f\u00fcr Veripart und Inventum erh\u00e4ltst du Ersatz-Staubsaugerbeutel f\u00fcr sieben Jahre. Wechsle die Beutel alle zwei bis drei Monate aus. Tue dies rechtzeitig, um die Saugleistung deines Staubsaugers aufrechtzuerhalten. Wie oft du den Staubsaugerbeutel wechselst, h\u00e4ngt davon ab, wie gro\u00df deine Wohnung ist und wie oft du staubsaugst. In diesem Paket sind auch sieben Filter enthalten. Mit einem neuen Filter bleibt die Abluft des Staubsaugers sauber. Darum solltest du den Filter jedes halbe Jahr austauschen.  Hinweis: Diese Staubsaugerbeutel sind nur f\u00fcr Staubsauger von Veripart und Inventum geeignet.<\/p>\n","protected":false},"excerpt":{"rendered":"<p>Mit den BlueBuilt Staubsaugerbeuteln f\u00fcr Veripart und Inventum erh\u00e4ltst du Ersatz-Staubsaugerbeutel f\u00fcr sieben Jahre. Wechsle die Beutel alle zwei bis drei Monate aus. Tue dies rechtzeitig, um die Saugleistung deines Staubsaugers aufrechtzuerhalten. Wie oft du den Staubsaugerbeutel wechselst, h\u00e4ngt davon ab, wie gro\u00df deine Wohnung ist und wie oft du staubsaugst. In diesem Paket sind auch sieben Filter enthalten. Mit einem neuen Filter bleibt die Abluft des Staubsaugers sauber. Darum solltest du den Filter jedes halbe Jahr austauschen.  Hinweis: Diese Staubsaugerbeutel sind nur f\u00fcr Staubsauger von Veripart und Inventum geeignet.<\/p>\n","protected":false},"featured_media":0,"comment_status":"closed","ping_status":"open","template":"","meta":{"_acf_changed":false},"brand":[5893],"product_brand":[],"product_cat":[129],"product_tag":[130],"class_list":{"0":"post-75681","1":"product","2":"type-product","3":"status-publish","5":"brand-bluebuilt","6":"product_cat-staubsaugerbeutel","7":"product_tag-stofzuigerzakken","8":"pa_condition-new","9":"pa_coolblue-de-verzending-morgen-gratis-geliefert","10":"pa_ean-11765","11":"pa_mpn-bbszzvi001","13":"first","14":"instock","15":"product-type-external"},"acf":[],"_links":{"self":[{"href":"https:\/\/onlinehardwareshop.de\/index.php\/wp-json\/wp\/v2\/product\/75681","targetHints":{"allow":["GET"]}}],"collection":[{"href":"https:\/\/onlinehardwareshop.de\/index.php\/wp-json\/wp\/v2\/product"}],"about":[{"href":"https:\/\/onlinehardwareshop.de\/index.php\/wp-json\/wp\/v2\/types\/product"}],"replies":[{"embeddable":true,"href":"https:\/\/onlinehardwareshop.de\/index.php\/wp-json\/wp\/v2\/comments?post=75681"}],"wp:attachment":[{"href":"https:\/\/onlinehardwareshop.de\/index.php\/wp-json\/wp\/v2\/media?parent=75681"}],"wp:term":[{"taxonomy":"brand","embeddable":true,"href":"https:\/\/onlinehardwareshop.de\/index.php\/wp-json\/wp\/v2\/brand?post=75681"},{"taxonomy":"product_brand","embeddable":true,"href":"https:\/\/onlinehardwareshop.de\/index.php\/wp-json\/wp\/v2\/product_brand?post=75681"},{"taxonomy":"product_cat","embeddable":true,"href":"https:\/\/onlinehardwareshop.de\/index.php\/wp-json\/wp\/v2\/product_cat?post=75681"},{"taxonomy":"product_tag","embeddable":true,"href":"https:\/\/onlinehardwareshop.de\/index.php\/wp-json\/wp\/v2\/product_tag?post=75681"}],"curies":[{"name":"wp","href":"https:\/\/api.w.org\/{rel}","templated":true}]}}