{"id":75680,"date":"2024-04-05T23:27:41","date_gmt":"2024-04-05T23:27:41","guid":{"rendered":"https:\/\/onlinehardwareshop.de\/index.php\/produkt\/bluebuilt-staubsaugerbeutel-fr-numatic-28-stck-2\/"},"modified":"2025-05-14T06:25:56","modified_gmt":"2025-05-14T06:25:56","slug":"bluebuilt-staubsaugerbeutel-fr-numatic-28-stck","status":"publish","type":"product","link":"https:\/\/onlinehardwareshop.de\/index.php\/produkt\/bluebuilt-staubsaugerbeutel-fr-numatic-28-stck\/","title":{"rendered":"BlueBuilt Staubsaugerbeutel f&#xFC;r Numatic (28 St&#xFC;ck)"},"content":{"rendered":"<p>Dank der BlueBuilt Staubsaugerbeutel f\u00fcr Numatic brauchst du dir keine Gedanken mehr um neue Staubsaugerbeutel zu machen. Mit 28 Beuteln hast du genug Beutel f\u00fcr die n\u00e4chsten sieben Jahre. Der Staubsaugerbeutel wird alle drei Monate ausgetauscht. Das h\u00e4ngt nat\u00fcrlich davon ab, wie oft du staubsaugst und wie gro\u00df dein Haushalt ist. Tue dies rechtzeitig, denn ein voller Beutel beeintr\u00e4chtigt die Saugleistung. In diesem Paket sind auch sieben Filter enthalten. Den Filter deines Staubsaugers solltest du jedes halbe Jahr austauschen, um die Abluft sauber zu halten.   Hinweis: Diese Staubsaugerbeutel sind nur f\u00fcr Staubsauger von Numatic geeignet.<\/p>\n","protected":false},"excerpt":{"rendered":"<p>Dank der BlueBuilt Staubsaugerbeutel f\u00fcr Numatic brauchst du dir keine Gedanken mehr um neue Staubsaugerbeutel zu machen. Mit 28 Beuteln hast du genug Beutel f\u00fcr die n\u00e4chsten sieben Jahre. Der Staubsaugerbeutel wird alle drei Monate ausgetauscht. Das h\u00e4ngt nat\u00fcrlich davon ab, wie oft du staubsaugst und wie gro\u00df dein Haushalt ist. Tue dies rechtzeitig, denn ein voller Beutel beeintr\u00e4chtigt die Saugleistung. In diesem Paket sind auch sieben Filter enthalten. Den Filter deines Staubsaugers solltest du jedes halbe Jahr austauschen, um die Abluft sauber zu halten.   Hinweis: Diese Staubsaugerbeutel sind nur f\u00fcr Staubsauger von Numatic geeignet.<\/p>\n","protected":false},"featured_media":0,"comment_status":"closed","ping_status":"open","template":"","meta":{"_acf_changed":false},"brand":[5893],"product_brand":[],"product_cat":[129],"product_tag":[130],"class_list":{"0":"post-75680","1":"product","2":"type-product","3":"status-publish","5":"brand-bluebuilt","6":"product_cat-staubsaugerbeutel","7":"product_tag-stofzuigerzakken","8":"pa_condition-new","9":"pa_coolblue-de-verzending-morgen-gratis-geliefert","10":"pa_ean-11763","11":"pa_mpn-bbszzn001","13":"first","14":"instock","15":"product-type-external"},"acf":[],"_links":{"self":[{"href":"https:\/\/onlinehardwareshop.de\/index.php\/wp-json\/wp\/v2\/product\/75680","targetHints":{"allow":["GET"]}}],"collection":[{"href":"https:\/\/onlinehardwareshop.de\/index.php\/wp-json\/wp\/v2\/product"}],"about":[{"href":"https:\/\/onlinehardwareshop.de\/index.php\/wp-json\/wp\/v2\/types\/product"}],"replies":[{"embeddable":true,"href":"https:\/\/onlinehardwareshop.de\/index.php\/wp-json\/wp\/v2\/comments?post=75680"}],"wp:attachment":[{"href":"https:\/\/onlinehardwareshop.de\/index.php\/wp-json\/wp\/v2\/media?parent=75680"}],"wp:term":[{"taxonomy":"brand","embeddable":true,"href":"https:\/\/onlinehardwareshop.de\/index.php\/wp-json\/wp\/v2\/brand?post=75680"},{"taxonomy":"product_brand","embeddable":true,"href":"https:\/\/onlinehardwareshop.de\/index.php\/wp-json\/wp\/v2\/product_brand?post=75680"},{"taxonomy":"product_cat","embeddable":true,"href":"https:\/\/onlinehardwareshop.de\/index.php\/wp-json\/wp\/v2\/product_cat?post=75680"},{"taxonomy":"product_tag","embeddable":true,"href":"https:\/\/onlinehardwareshop.de\/index.php\/wp-json\/wp\/v2\/product_tag?post=75680"}],"curies":[{"name":"wp","href":"https:\/\/api.w.org\/{rel}","templated":true}]}}