{"id":75679,"date":"2024-10-12T19:32:19","date_gmt":"2024-10-12T19:32:19","guid":{"rendered":"https:\/\/onlinehardwareshop.de\/index.php\/produkt\/bluebuilt-staubsaugerbeutel-fr-bosch-und-siemens-28-stck-2\/"},"modified":"2025-05-14T06:25:51","modified_gmt":"2025-05-14T06:25:51","slug":"bluebuilt-staubsaugerbeutel-fr-bosch-und-siemens-28-stck","status":"publish","type":"product","link":"https:\/\/onlinehardwareshop.de\/index.php\/produkt\/bluebuilt-staubsaugerbeutel-fr-bosch-und-siemens-28-stck\/","title":{"rendered":"BlueBuilt Staubsaugerbeutel f&#xFC;r Bosch und Siemens (28 St&#xFC;ck)"},"content":{"rendered":"<p>Mit den BlueBuilt Staubsaugerbeuteln f\u00fcr Bosch und Siemens erh\u00e4ltst du genug Staubsaugerbeutel f\u00fcr sieben Jahre. Praktisch, denn so stehst du nicht unerwartet ohne neuen Staubsaugerbeutel da. Wenn du die Staubsaugerbeutel alle zwei bis drei Monate wechselst, erh\u00e4ltst du die Saugleistung aufrecht. So bleibt dein Staubsauger in Bestform. In diesem Set sind auch sieben Filter f\u00fcr deinen Staubsauger enthalten. Damit ersetzt du den Filter jedes halbe Jahr, um deinen Staubsauger korrekt zu pflegen und die Abluft sauber zu halten.   Hinweis: Diese Staubsaugerbeutel sind nur f\u00fcr Staubsauger von Bosch und Siemens geeignet.<\/p>\n","protected":false},"excerpt":{"rendered":"<p>Mit den BlueBuilt Staubsaugerbeuteln f\u00fcr Bosch und Siemens erh\u00e4ltst du genug Staubsaugerbeutel f\u00fcr sieben Jahre. Praktisch, denn so stehst du nicht unerwartet ohne neuen Staubsaugerbeutel da. Wenn du die Staubsaugerbeutel alle zwei bis drei Monate wechselst, erh\u00e4ltst du die Saugleistung aufrecht. So bleibt dein Staubsauger in Bestform. In diesem Set sind auch sieben Filter f\u00fcr deinen Staubsauger enthalten. Damit ersetzt du den Filter jedes halbe Jahr, um deinen Staubsauger korrekt zu pflegen und die Abluft sauber zu halten.   Hinweis: Diese Staubsaugerbeutel sind nur f\u00fcr Staubsauger von Bosch und Siemens geeignet.<\/p>\n","protected":false},"featured_media":0,"comment_status":"closed","ping_status":"open","template":"","meta":{"_acf_changed":false},"brand":[5893],"product_brand":[],"product_cat":[129],"product_tag":[130],"class_list":{"0":"post-75679","1":"product","2":"type-product","3":"status-publish","5":"brand-bluebuilt","6":"product_cat-staubsaugerbeutel","7":"product_tag-stofzuigerzakken","8":"pa_condition-new","9":"pa_coolblue-de-verzending-morgen-gratis-geliefert","10":"pa_ean-11761","11":"pa_mpn-bbszzbss001","13":"first","14":"instock","15":"product-type-external"},"acf":[],"_links":{"self":[{"href":"https:\/\/onlinehardwareshop.de\/index.php\/wp-json\/wp\/v2\/product\/75679","targetHints":{"allow":["GET"]}}],"collection":[{"href":"https:\/\/onlinehardwareshop.de\/index.php\/wp-json\/wp\/v2\/product"}],"about":[{"href":"https:\/\/onlinehardwareshop.de\/index.php\/wp-json\/wp\/v2\/types\/product"}],"replies":[{"embeddable":true,"href":"https:\/\/onlinehardwareshop.de\/index.php\/wp-json\/wp\/v2\/comments?post=75679"}],"wp:attachment":[{"href":"https:\/\/onlinehardwareshop.de\/index.php\/wp-json\/wp\/v2\/media?parent=75679"}],"wp:term":[{"taxonomy":"brand","embeddable":true,"href":"https:\/\/onlinehardwareshop.de\/index.php\/wp-json\/wp\/v2\/brand?post=75679"},{"taxonomy":"product_brand","embeddable":true,"href":"https:\/\/onlinehardwareshop.de\/index.php\/wp-json\/wp\/v2\/product_brand?post=75679"},{"taxonomy":"product_cat","embeddable":true,"href":"https:\/\/onlinehardwareshop.de\/index.php\/wp-json\/wp\/v2\/product_cat?post=75679"},{"taxonomy":"product_tag","embeddable":true,"href":"https:\/\/onlinehardwareshop.de\/index.php\/wp-json\/wp\/v2\/product_tag?post=75679"}],"curies":[{"name":"wp","href":"https:\/\/api.w.org\/{rel}","templated":true}]}}