{"id":75678,"date":"2024-01-25T14:26:31","date_gmt":"2024-01-25T14:26:31","guid":{"rendered":"https:\/\/onlinehardwareshop.de\/index.php\/produkt\/bluebuilt-staubsaugerbeutel-fr-miele-complete-28-stck-2\/"},"modified":"2025-05-14T06:25:46","modified_gmt":"2025-05-14T06:25:46","slug":"bluebuilt-staubsaugerbeutel-fr-miele-complete-28-stck","status":"publish","type":"product","link":"https:\/\/onlinehardwareshop.de\/index.php\/produkt\/bluebuilt-staubsaugerbeutel-fr-miele-complete-28-stck\/","title":{"rendered":"BlueBuilt Staubsaugerbeutel f&#xFC;r Miele Complete (28 St&#xFC;ck)"},"content":{"rendered":"<p>Dank der BlueBuilt Staubsaugerbeutel f\u00fcr Miele Complete Staubsauger brauchst du nicht mehr jeden Monat neue Staubsaugerbeutel zu kaufen. Mit 28 Beuteln hast du genug f\u00fcr sieben Jahre. Tausche die Staubsaugerbeutel rechtzeitig aus, um die Saugleistung aufrechtzuerhalten. Ein Beutel h\u00e4lt zwei bis drei Monate, bis er voll ist. Das h\u00e4ngt davon ab, wie oft du staubsaugst und wie gro\u00df dein Haushalt ist. Du erh\u00e4ltst auch sieben Filter. Die Abluftfilter deines Staubsaugers sollten jedes halbe Jahr ausgewechselt werden. So vermeidest du, dass die Abluft unangenehm riecht.   Hinweis: Diese Staubsaugerbeutel eignen sich nur f\u00fcr Miele Complete Staubsauger. Die Staubsaugerbeutel eignen sich nicht f\u00fcr Miele Guard Staubsauger.<\/p>\n","protected":false},"excerpt":{"rendered":"<p>Dank der BlueBuilt Staubsaugerbeutel f\u00fcr Miele Complete Staubsauger brauchst du nicht mehr jeden Monat neue Staubsaugerbeutel zu kaufen. Mit 28 Beuteln hast du genug f\u00fcr sieben Jahre. Tausche die Staubsaugerbeutel rechtzeitig aus, um die Saugleistung aufrechtzuerhalten. Ein Beutel h\u00e4lt zwei bis drei Monate, bis er voll ist. Das h\u00e4ngt davon ab, wie oft du staubsaugst und wie gro\u00df dein Haushalt ist. Du erh\u00e4ltst auch sieben Filter. Die Abluftfilter deines Staubsaugers sollten jedes halbe Jahr ausgewechselt werden. So vermeidest du, dass die Abluft unangenehm riecht.   Hinweis: Diese Staubsaugerbeutel eignen sich nur f\u00fcr Miele Complete Staubsauger. Die Staubsaugerbeutel eignen sich nicht f\u00fcr Miele Guard Staubsauger.<\/p>\n","protected":false},"featured_media":0,"comment_status":"closed","ping_status":"open","template":"","meta":{"_acf_changed":false},"brand":[5893],"product_brand":[],"product_cat":[129],"product_tag":[130],"class_list":{"0":"post-75678","1":"product","2":"type-product","3":"status-publish","5":"brand-bluebuilt","6":"product_cat-staubsaugerbeutel","7":"product_tag-stofzuigerzakken","8":"pa_condition-new","9":"pa_coolblue-de-verzending-morgen-gratis-geliefert","10":"pa_ean-11759","11":"pa_mpn-bbszzm001","13":"first","14":"instock","15":"product-type-external"},"acf":[],"_links":{"self":[{"href":"https:\/\/onlinehardwareshop.de\/index.php\/wp-json\/wp\/v2\/product\/75678","targetHints":{"allow":["GET"]}}],"collection":[{"href":"https:\/\/onlinehardwareshop.de\/index.php\/wp-json\/wp\/v2\/product"}],"about":[{"href":"https:\/\/onlinehardwareshop.de\/index.php\/wp-json\/wp\/v2\/types\/product"}],"replies":[{"embeddable":true,"href":"https:\/\/onlinehardwareshop.de\/index.php\/wp-json\/wp\/v2\/comments?post=75678"}],"wp:attachment":[{"href":"https:\/\/onlinehardwareshop.de\/index.php\/wp-json\/wp\/v2\/media?parent=75678"}],"wp:term":[{"taxonomy":"brand","embeddable":true,"href":"https:\/\/onlinehardwareshop.de\/index.php\/wp-json\/wp\/v2\/brand?post=75678"},{"taxonomy":"product_brand","embeddable":true,"href":"https:\/\/onlinehardwareshop.de\/index.php\/wp-json\/wp\/v2\/product_brand?post=75678"},{"taxonomy":"product_cat","embeddable":true,"href":"https:\/\/onlinehardwareshop.de\/index.php\/wp-json\/wp\/v2\/product_cat?post=75678"},{"taxonomy":"product_tag","embeddable":true,"href":"https:\/\/onlinehardwareshop.de\/index.php\/wp-json\/wp\/v2\/product_tag?post=75678"}],"curies":[{"name":"wp","href":"https:\/\/api.w.org\/{rel}","templated":true}]}}