{"id":75649,"date":"2024-02-04T15:28:41","date_gmt":"2024-02-04T15:28:41","guid":{"rendered":"https:\/\/onlinehardwareshop.de\/index.php\/produkt\/jbl-quantum-910-wireless-2\/"},"modified":"2025-05-14T06:23:20","modified_gmt":"2025-05-14T06:23:20","slug":"jbl-quantum-910-wireless","status":"publish","type":"product","link":"https:\/\/onlinehardwareshop.de\/index.php\/produkt\/jbl-quantum-910-wireless\/","title":{"rendered":"JBL Quantum 910 Wireless"},"content":{"rendered":"<p>Mit dem JBL Quantum 910 Wireless erh\u00e4ltst du ein komplettes Headset. Du verbindest das Headset kabellos mit deinem PC oder deiner Playstation \u00fcber den USB-A- oder USB-C-Dongle. So gibt es beim Zocken keinen Kabelsalat. Dank der JBL QuantumSphere 360-Technologie drehen sich die Ger\u00e4usche im Spiel immer mit deinem Kopf mit. Das garantiert dir den besten Gaming-Sound. Der Surround Sound in 360 Grad bietet dir ein intensives Spielerlebnis und du h\u00f6rst genau, aus welcher Richtung deine Gegner kommen. Damit bist du ihnen jederzeit einen Schritt voraus. Dank des Noise Cancelling des Headsets wirst du nicht von Umgebungsger\u00e4uschen gest\u00f6rt und konzentrierst dich komplett auf dein Spiel. Au\u00dferdem kommunizierst du dank der Rauschunterdr\u00fcckung im Mikrofon online ohne Hintergrundger\u00e4usche mit deinen Freunden. So kommen deine Kommentare immer deutlich an. Die durchschnittliche Akkulaufzeit des Headsets betr\u00e4gt 45 Stunden. Daher erlebst du ausgiebigen Gaming-Spa\u00df, ohne das Headset zwischendurch zu laden. Spielst du \u00f6fter im Single-Player-Modus oder ben\u00f6tigst kein Mikrofon? Dann klappe das Mikrofon des Headsets einfach hoch.  Hinweis:Dieses Gaming-Headset wurde f\u00fcr den PC entwickelt, es l\u00e4sst sich aber auch kabellos an der PlayStation nutzen.<\/p>\n","protected":false},"excerpt":{"rendered":"<p>Mit dem JBL Quantum 910 Wireless erh\u00e4ltst du ein komplettes Headset. Du verbindest das Headset kabellos mit deinem PC oder deiner Playstation \u00fcber den USB-A- oder USB-C-Dongle. So gibt es beim Zocken keinen Kabelsalat. Dank der JBL QuantumSphere 360-Technologie drehen sich die Ger\u00e4usche im Spiel immer mit deinem Kopf mit. Das garantiert dir den besten Gaming-Sound. Der Surround Sound in 360 Grad bietet dir ein intensives Spielerlebnis und du h\u00f6rst genau, aus welcher Richtung deine Gegner kommen. Damit bist du ihnen jederzeit einen Schritt voraus. Dank des Noise Cancelling des Headsets wirst du nicht von Umgebungsger\u00e4uschen gest\u00f6rt und konzentrierst dich komplett auf dein Spiel. Au\u00dferdem kommunizierst du dank der Rauschunterdr\u00fcckung im Mikrofon online ohne Hintergrundger\u00e4usche mit deinen Freunden. So kommen deine Kommentare immer deutlich an. Die durchschnittliche Akkulaufzeit des Headsets betr\u00e4gt 45 Stunden. Daher erlebst du ausgiebigen Gaming-Spa\u00df, ohne das Headset zwischendurch zu laden. Spielst du \u00f6fter im Single-Player-Modus oder ben\u00f6tigst kein Mikrofon? Dann klappe das Mikrofon des Headsets einfach hoch.  Hinweis:Dieses Gaming-Headset wurde f\u00fcr den PC entwickelt, es l\u00e4sst sich aber auch kabellos an der PlayStation nutzen.<\/p>\n","protected":false},"featured_media":0,"comment_status":"closed","ping_status":"open","template":"","meta":{"_acf_changed":false},"brand":[5677],"product_brand":[],"product_cat":[3435],"product_tag":[3436],"class_list":{"0":"post-75649","1":"product","2":"type-product","3":"status-publish","5":"brand-jbl","6":"product_cat-gaming-headsets","7":"product_tag-gaming-headsets","8":"pa_condition-new","9":"pa_coolblue-de-verzending-morgen-gratis-geliefert","10":"pa_ean-11688","11":"pa_mpn-jblq910wlblk","13":"first","14":"instock","15":"product-type-external"},"acf":[],"_links":{"self":[{"href":"https:\/\/onlinehardwareshop.de\/index.php\/wp-json\/wp\/v2\/product\/75649","targetHints":{"allow":["GET"]}}],"collection":[{"href":"https:\/\/onlinehardwareshop.de\/index.php\/wp-json\/wp\/v2\/product"}],"about":[{"href":"https:\/\/onlinehardwareshop.de\/index.php\/wp-json\/wp\/v2\/types\/product"}],"replies":[{"embeddable":true,"href":"https:\/\/onlinehardwareshop.de\/index.php\/wp-json\/wp\/v2\/comments?post=75649"}],"wp:attachment":[{"href":"https:\/\/onlinehardwareshop.de\/index.php\/wp-json\/wp\/v2\/media?parent=75649"}],"wp:term":[{"taxonomy":"brand","embeddable":true,"href":"https:\/\/onlinehardwareshop.de\/index.php\/wp-json\/wp\/v2\/brand?post=75649"},{"taxonomy":"product_brand","embeddable":true,"href":"https:\/\/onlinehardwareshop.de\/index.php\/wp-json\/wp\/v2\/product_brand?post=75649"},{"taxonomy":"product_cat","embeddable":true,"href":"https:\/\/onlinehardwareshop.de\/index.php\/wp-json\/wp\/v2\/product_cat?post=75649"},{"taxonomy":"product_tag","embeddable":true,"href":"https:\/\/onlinehardwareshop.de\/index.php\/wp-json\/wp\/v2\/product_tag?post=75649"}],"curies":[{"name":"wp","href":"https:\/\/api.w.org\/{rel}","templated":true}]}}