{"id":75640,"date":"2024-10-19T01:26:51","date_gmt":"2024-10-19T01:26:51","guid":{"rendered":"https:\/\/onlinehardwareshop.de\/index.php\/produkt\/marmitek-subwoofer-anywhere-640-2\/"},"modified":"2025-05-14T06:22:37","modified_gmt":"2025-05-14T06:22:37","slug":"marmitek-subwoofer-anywhere-640","status":"publish","type":"product","link":"https:\/\/onlinehardwareshop.de\/index.php\/produkt\/marmitek-subwoofer-anywhere-640\/","title":{"rendered":"Marmitek Subwoofer Anywhere 640"},"content":{"rendered":"<p>Mit dem Marmitek Subwoofer Anywhere 640 kannst du deinen Subwoofer \u00fcberall im Raum aufstellen. Schlie\u00dfe einen Verst\u00e4rker an die Tonquelle an und verbinde den \u00fcbrigen Verst\u00e4rker mit dem Subwoofer. Dank der kabellosen Verbindung ben\u00f6tigst du kein langes Kabel zwischen den Verst\u00e4rkern. Das Set ist einfach zu bedienen, da sich Sender und Empf\u00e4nger automatisch kabellos verbinden. Au\u00dferdem sind alle erforderlichen Kabel im Lieferumfang enthalten.<\/p>\n","protected":false},"excerpt":{"rendered":"<p>Mit dem Marmitek Subwoofer Anywhere 640 kannst du deinen Subwoofer \u00fcberall im Raum aufstellen. Schlie\u00dfe einen Verst\u00e4rker an die Tonquelle an und verbinde den \u00fcbrigen Verst\u00e4rker mit dem Subwoofer. Dank der kabellosen Verbindung ben\u00f6tigst du kein langes Kabel zwischen den Verst\u00e4rkern. Das Set ist einfach zu bedienen, da sich Sender und Empf\u00e4nger automatisch kabellos verbinden. Au\u00dferdem sind alle erforderlichen Kabel im Lieferumfang enthalten.<\/p>\n","protected":false},"featured_media":0,"comment_status":"closed","ping_status":"open","template":"","meta":{"_acf_changed":false},"brand":[691],"product_brand":[],"product_cat":[692],"product_tag":[693],"class_list":{"0":"post-75640","1":"product","2":"type-product","3":"status-publish","5":"brand-marmitek","6":"product_cat-extender","7":"product_tag-extenders","8":"pa_condition-new","9":"pa_coolblue-de-verzending-morgen-gratis-geliefert","10":"pa_ean-11668","11":"pa_mpn-11669","13":"first","14":"instock","15":"product-type-external"},"acf":[],"_links":{"self":[{"href":"https:\/\/onlinehardwareshop.de\/index.php\/wp-json\/wp\/v2\/product\/75640","targetHints":{"allow":["GET"]}}],"collection":[{"href":"https:\/\/onlinehardwareshop.de\/index.php\/wp-json\/wp\/v2\/product"}],"about":[{"href":"https:\/\/onlinehardwareshop.de\/index.php\/wp-json\/wp\/v2\/types\/product"}],"replies":[{"embeddable":true,"href":"https:\/\/onlinehardwareshop.de\/index.php\/wp-json\/wp\/v2\/comments?post=75640"}],"wp:attachment":[{"href":"https:\/\/onlinehardwareshop.de\/index.php\/wp-json\/wp\/v2\/media?parent=75640"}],"wp:term":[{"taxonomy":"brand","embeddable":true,"href":"https:\/\/onlinehardwareshop.de\/index.php\/wp-json\/wp\/v2\/brand?post=75640"},{"taxonomy":"product_brand","embeddable":true,"href":"https:\/\/onlinehardwareshop.de\/index.php\/wp-json\/wp\/v2\/product_brand?post=75640"},{"taxonomy":"product_cat","embeddable":true,"href":"https:\/\/onlinehardwareshop.de\/index.php\/wp-json\/wp\/v2\/product_cat?post=75640"},{"taxonomy":"product_tag","embeddable":true,"href":"https:\/\/onlinehardwareshop.de\/index.php\/wp-json\/wp\/v2\/product_tag?post=75640"}],"curies":[{"name":"wp","href":"https:\/\/api.w.org\/{rel}","templated":true}]}}