{"id":75639,"date":"2025-01-28T12:18:51","date_gmt":"2025-01-28T12:18:51","guid":{"rendered":"https:\/\/onlinehardwareshop.de\/index.php\/produkt\/marmitek-audio-anywhere-630-2\/"},"modified":"2025-05-14T06:22:32","modified_gmt":"2025-05-14T06:22:32","slug":"marmitek-audio-anywhere-630","status":"publish","type":"product","link":"https:\/\/onlinehardwareshop.de\/index.php\/produkt\/marmitek-audio-anywhere-630\/","title":{"rendered":"Marmitek Audio Anywhere 630"},"content":{"rendered":"<p>Mit dem Marmitek Audio Anywhere 630 kannst du den Ton von einem Fernseher kabellos an ein Soundsystem \u00fcbertragen. So kannst du beispielsweise Musik von einem Computer im zweiten Stock \u00fcber das Soundsystem im Erdgeschoss abspielen. Der Audio Anywhere 630 \u00fcbertr\u00e4gt den Ton ohne Qualit\u00e4tsverlust. Es ist m\u00f6glich, mehrere Empf\u00e4nger anzuschlie\u00dfen.<\/p>\n","protected":false},"excerpt":{"rendered":"<p>Mit dem Marmitek Audio Anywhere 630 kannst du den Ton von einem Fernseher kabellos an ein Soundsystem \u00fcbertragen. So kannst du beispielsweise Musik von einem Computer im zweiten Stock \u00fcber das Soundsystem im Erdgeschoss abspielen. Der Audio Anywhere 630 \u00fcbertr\u00e4gt den Ton ohne Qualit\u00e4tsverlust. Es ist m\u00f6glich, mehrere Empf\u00e4nger anzuschlie\u00dfen.<\/p>\n","protected":false},"featured_media":0,"comment_status":"closed","ping_status":"open","template":"","meta":{"_acf_changed":false},"brand":[691],"product_brand":[],"product_cat":[692],"product_tag":[693],"class_list":{"0":"post-75639","1":"product","2":"type-product","3":"status-publish","5":"brand-marmitek","6":"product_cat-extender","7":"product_tag-extenders","8":"pa_condition-new","9":"pa_coolblue-de-verzending-morgen-gratis-geliefert","10":"pa_ean-11666","11":"pa_mpn-11667","13":"first","14":"instock","15":"product-type-external"},"acf":[],"_links":{"self":[{"href":"https:\/\/onlinehardwareshop.de\/index.php\/wp-json\/wp\/v2\/product\/75639","targetHints":{"allow":["GET"]}}],"collection":[{"href":"https:\/\/onlinehardwareshop.de\/index.php\/wp-json\/wp\/v2\/product"}],"about":[{"href":"https:\/\/onlinehardwareshop.de\/index.php\/wp-json\/wp\/v2\/types\/product"}],"replies":[{"embeddable":true,"href":"https:\/\/onlinehardwareshop.de\/index.php\/wp-json\/wp\/v2\/comments?post=75639"}],"wp:attachment":[{"href":"https:\/\/onlinehardwareshop.de\/index.php\/wp-json\/wp\/v2\/media?parent=75639"}],"wp:term":[{"taxonomy":"brand","embeddable":true,"href":"https:\/\/onlinehardwareshop.de\/index.php\/wp-json\/wp\/v2\/brand?post=75639"},{"taxonomy":"product_brand","embeddable":true,"href":"https:\/\/onlinehardwareshop.de\/index.php\/wp-json\/wp\/v2\/product_brand?post=75639"},{"taxonomy":"product_cat","embeddable":true,"href":"https:\/\/onlinehardwareshop.de\/index.php\/wp-json\/wp\/v2\/product_cat?post=75639"},{"taxonomy":"product_tag","embeddable":true,"href":"https:\/\/onlinehardwareshop.de\/index.php\/wp-json\/wp\/v2\/product_tag?post=75639"}],"curies":[{"name":"wp","href":"https:\/\/api.w.org\/{rel}","templated":true}]}}