{"id":75638,"date":"2024-08-16T17:46:00","date_gmt":"2024-08-16T17:46:00","guid":{"rendered":"https:\/\/onlinehardwareshop.de\/index.php\/produkt\/marmitek-tv-anywhere-wireless-4k-2\/"},"modified":"2025-05-14T06:22:27","modified_gmt":"2025-05-14T06:22:27","slug":"marmitek-tv-anywhere-wireless-4k","status":"publish","type":"product","link":"https:\/\/onlinehardwareshop.de\/index.php\/produkt\/marmitek-tv-anywhere-wireless-4k\/","title":{"rendered":"Marmitek TV Anywhere Wireless 4K"},"content":{"rendered":"<p>Mit dem Marmitek TV Anywhere Wireless 4K sendest du ein HDMI-Signal kabellos von einer Videoquelle zu einem Fernseher. Zum Beispiel von deinem TV-Empf\u00e4nger zu deinem Fernseher. So kannst du \u00fcberall im Haus fernsehen, ohne dazu an jedem Ort einen Fernsehanschluss zu ben\u00f6tigen. Du kannst au\u00dferdem ein Videosignal von einem anderen Ger\u00e4t, zum Beispiel einem Laptop, einer Konsole oder einem DVD-Player an einen Fernseher senden. Das Set unterst\u00fctzt eine maximale Aufl\u00f6sung von 4K und das Signal hat eine Reichweite von bis zu 50\u00a0Metern, wenn das Signal durch B\u00f6den oder W\u00e4nde gesendet wird. Da der Sender \u00fcber einen zus\u00e4tzlichen Schleifenausgang verf\u00fcgt, kannst du einen Fernseher direkt daran anschlie\u00dfen. Dadurch l\u00e4sst sich das gleiche Bild auf 2 Fernsehern sehen. Mit der mitgelieferten App kannst du auch kabellos auf deinem Mobilger\u00e4t fernsehen.<\/p>\n","protected":false},"excerpt":{"rendered":"<p>Mit dem Marmitek TV Anywhere Wireless 4K sendest du ein HDMI-Signal kabellos von einer Videoquelle zu einem Fernseher. Zum Beispiel von deinem TV-Empf\u00e4nger zu deinem Fernseher. So kannst du \u00fcberall im Haus fernsehen, ohne dazu an jedem Ort einen Fernsehanschluss zu ben\u00f6tigen. Du kannst au\u00dferdem ein Videosignal von einem anderen Ger\u00e4t, zum Beispiel einem Laptop, einer Konsole oder einem DVD-Player an einen Fernseher senden. Das Set unterst\u00fctzt eine maximale Aufl\u00f6sung von 4K und das Signal hat eine Reichweite von bis zu 50\u00a0Metern, wenn das Signal durch B\u00f6den oder W\u00e4nde gesendet wird. Da der Sender \u00fcber einen zus\u00e4tzlichen Schleifenausgang verf\u00fcgt, kannst du einen Fernseher direkt daran anschlie\u00dfen. Dadurch l\u00e4sst sich das gleiche Bild auf 2 Fernsehern sehen. Mit der mitgelieferten App kannst du auch kabellos auf deinem Mobilger\u00e4t fernsehen.<\/p>\n","protected":false},"featured_media":0,"comment_status":"closed","ping_status":"open","template":"","meta":{"_acf_changed":false},"brand":[691],"product_brand":[],"product_cat":[692],"product_tag":[693],"class_list":{"0":"post-75638","1":"product","2":"type-product","3":"status-publish","5":"brand-marmitek","6":"product_cat-extender","7":"product_tag-extenders","8":"pa_condition-new","9":"pa_coolblue-de-verzending-morgen-gratis-geliefert","10":"pa_ean-11664","11":"pa_mpn-11665","13":"first","14":"instock","15":"product-type-external"},"acf":[],"_links":{"self":[{"href":"https:\/\/onlinehardwareshop.de\/index.php\/wp-json\/wp\/v2\/product\/75638","targetHints":{"allow":["GET"]}}],"collection":[{"href":"https:\/\/onlinehardwareshop.de\/index.php\/wp-json\/wp\/v2\/product"}],"about":[{"href":"https:\/\/onlinehardwareshop.de\/index.php\/wp-json\/wp\/v2\/types\/product"}],"replies":[{"embeddable":true,"href":"https:\/\/onlinehardwareshop.de\/index.php\/wp-json\/wp\/v2\/comments?post=75638"}],"wp:attachment":[{"href":"https:\/\/onlinehardwareshop.de\/index.php\/wp-json\/wp\/v2\/media?parent=75638"}],"wp:term":[{"taxonomy":"brand","embeddable":true,"href":"https:\/\/onlinehardwareshop.de\/index.php\/wp-json\/wp\/v2\/brand?post=75638"},{"taxonomy":"product_brand","embeddable":true,"href":"https:\/\/onlinehardwareshop.de\/index.php\/wp-json\/wp\/v2\/product_brand?post=75638"},{"taxonomy":"product_cat","embeddable":true,"href":"https:\/\/onlinehardwareshop.de\/index.php\/wp-json\/wp\/v2\/product_cat?post=75638"},{"taxonomy":"product_tag","embeddable":true,"href":"https:\/\/onlinehardwareshop.de\/index.php\/wp-json\/wp\/v2\/product_tag?post=75638"}],"curies":[{"name":"wp","href":"https:\/\/api.w.org\/{rel}","templated":true}]}}