{"id":75603,"date":"2025-03-22T02:21:48","date_gmt":"2025-03-22T02:21:48","guid":{"rendered":"https:\/\/onlinehardwareshop.de\/index.php\/produkt\/logitech-brio-500-full-hd-webcam-grau-2\/"},"modified":"2025-05-14T06:19:38","modified_gmt":"2025-05-14T06:19:38","slug":"logitech-brio-500-full-hd-webcam-grau","status":"publish","type":"product","link":"https:\/\/onlinehardwareshop.de\/index.php\/produkt\/logitech-brio-500-full-hd-webcam-grau\/","title":{"rendered":"Logitech Brio 500 Full HD Webcam Grau"},"content":{"rendered":"<p>F\u00fchre Videogespr\u00e4che mit Kollegen, Freunden und der Familie mit der Logitech Brio 500 Full HD Webcam Grau. Dank der Full-HD-Aufl\u00f6sung bist du f\u00fcr dein Gegen\u00fcber immer scharf zu erkennen. Die Kamera stellt automatisch auf dein Gesicht scharf und verhindert so, dass das Bild verschwommen ist. Die Brio 500 stellt das Licht automatisch ein. So wirst du auch in hell erleuchteten oder dunklen R\u00e4umen gut gesehen. Mit den integrierten Mikrofonen mit Rauschunterdr\u00fcckung bist du sofort bereit f\u00fcr Videochats und ben\u00f6tigst kein separates Mikrofon mehr. M\u00f6chtest du w\u00e4hrend des Gespr\u00e4chs eine Notiz oder ein anderes Dokument teilen? Dann neige die Logitech einfach nach unten und bringe die Dokumente direkt ins Blickfeld. Wenn das Videogespr\u00e4ch vorbei ist, schiebst du die Sichtschutzklappe \u00fcber das Objektiv, um dich vor unerw\u00fcnschten Blicken zu sch\u00fctzen.<\/p>\n","protected":false},"excerpt":{"rendered":"<p>F\u00fchre Videogespr\u00e4che mit Kollegen, Freunden und der Familie mit der Logitech Brio 500 Full HD Webcam Grau. Dank der Full-HD-Aufl\u00f6sung bist du f\u00fcr dein Gegen\u00fcber immer scharf zu erkennen. Die Kamera stellt automatisch auf dein Gesicht scharf und verhindert so, dass das Bild verschwommen ist. Die Brio 500 stellt das Licht automatisch ein. So wirst du auch in hell erleuchteten oder dunklen R\u00e4umen gut gesehen. Mit den integrierten Mikrofonen mit Rauschunterdr\u00fcckung bist du sofort bereit f\u00fcr Videochats und ben\u00f6tigst kein separates Mikrofon mehr. M\u00f6chtest du w\u00e4hrend des Gespr\u00e4chs eine Notiz oder ein anderes Dokument teilen? Dann neige die Logitech einfach nach unten und bringe die Dokumente direkt ins Blickfeld. Wenn das Videogespr\u00e4ch vorbei ist, schiebst du die Sichtschutzklappe \u00fcber das Objektiv, um dich vor unerw\u00fcnschten Blicken zu sch\u00fctzen.<\/p>\n","protected":false},"featured_media":0,"comment_status":"closed","ping_status":"open","template":"","meta":{"_acf_changed":false},"brand":[32],"product_brand":[],"product_cat":[999],"product_tag":[1000],"class_list":{"0":"post-75603","1":"product","2":"type-product","3":"status-publish","5":"brand-logitech","6":"product_cat-webcams","7":"product_tag-webcams","8":"pa_condition-new","9":"pa_coolblue-de-verzending-morgen-gratis-geliefert","10":"pa_ean-11585","11":"pa_mpn-960-001422","13":"first","14":"instock","15":"product-type-external"},"acf":[],"_links":{"self":[{"href":"https:\/\/onlinehardwareshop.de\/index.php\/wp-json\/wp\/v2\/product\/75603","targetHints":{"allow":["GET"]}}],"collection":[{"href":"https:\/\/onlinehardwareshop.de\/index.php\/wp-json\/wp\/v2\/product"}],"about":[{"href":"https:\/\/onlinehardwareshop.de\/index.php\/wp-json\/wp\/v2\/types\/product"}],"replies":[{"embeddable":true,"href":"https:\/\/onlinehardwareshop.de\/index.php\/wp-json\/wp\/v2\/comments?post=75603"}],"wp:attachment":[{"href":"https:\/\/onlinehardwareshop.de\/index.php\/wp-json\/wp\/v2\/media?parent=75603"}],"wp:term":[{"taxonomy":"brand","embeddable":true,"href":"https:\/\/onlinehardwareshop.de\/index.php\/wp-json\/wp\/v2\/brand?post=75603"},{"taxonomy":"product_brand","embeddable":true,"href":"https:\/\/onlinehardwareshop.de\/index.php\/wp-json\/wp\/v2\/product_brand?post=75603"},{"taxonomy":"product_cat","embeddable":true,"href":"https:\/\/onlinehardwareshop.de\/index.php\/wp-json\/wp\/v2\/product_cat?post=75603"},{"taxonomy":"product_tag","embeddable":true,"href":"https:\/\/onlinehardwareshop.de\/index.php\/wp-json\/wp\/v2\/product_tag?post=75603"}],"curies":[{"name":"wp","href":"https:\/\/api.w.org\/{rel}","templated":true}]}}