{"id":75467,"date":"2024-03-29T19:02:46","date_gmt":"2024-03-29T19:02:46","guid":{"rendered":"https:\/\/onlinehardwareshop.de\/index.php\/produkt\/tefal-renew-keramikbratpfanne-24cm-2\/"},"modified":"2025-05-14T06:08:02","modified_gmt":"2025-05-14T06:08:02","slug":"tefal-renew-keramikbratpfanne-24cm","status":"publish","type":"product","link":"https:\/\/onlinehardwareshop.de\/index.php\/produkt\/tefal-renew-keramikbratpfanne-24cm\/","title":{"rendered":"Tefal Renew+ Keramikbratpfanne 24&#xA0;cm"},"content":{"rendered":"<p>Die Tefal Renew+ Keramikbratpfanne 24\u00a0cm besteht aus zu 100 Prozent recyceltem Aluminium und ist eine umweltbewusste Wahl. In dieser Bratpfanne bereitest du Bratkartoffeln f\u00fcr ungef\u00e4hr zwei Personen zu. Tefal Thermo-Signal-Punkt f\u00e4rbt sich gleichm\u00e4\u00dfig rot, wenn die Pfanne die richtige Temperatur erreicht hat. Praktisch, denn so gibst du deine Zutaten immer zum richtigen Zeitpunkt hinein. Au\u00dferdem verf\u00fcgt die Pfanne \u00fcber eine stabile, f\u00fcnfteilige Antihaftbeschichtung aus Keramik. Dadurch ist die Beschichtung kratzfest und deine Zutaten bleiben nicht am Boden kleben. Bei der Zubereitung ben\u00f6tigst du deshalb auch weniger \u00d6l bzw. Butter. Fertig mit dem Essen? Dann sp\u00fcle die Pfanne mit der Hand ab, sodass sie dir l\u00e4nger Freude bereitet.<\/p>\n","protected":false},"excerpt":{"rendered":"<p>Die Tefal Renew+ Keramikbratpfanne 24\u00a0cm besteht aus zu 100 Prozent recyceltem Aluminium und ist eine umweltbewusste Wahl. In dieser Bratpfanne bereitest du Bratkartoffeln f\u00fcr ungef\u00e4hr zwei Personen zu. Tefal Thermo-Signal-Punkt f\u00e4rbt sich gleichm\u00e4\u00dfig rot, wenn die Pfanne die richtige Temperatur erreicht hat. Praktisch, denn so gibst du deine Zutaten immer zum richtigen Zeitpunkt hinein. Au\u00dferdem verf\u00fcgt die Pfanne \u00fcber eine stabile, f\u00fcnfteilige Antihaftbeschichtung aus Keramik. Dadurch ist die Beschichtung kratzfest und deine Zutaten bleiben nicht am Boden kleben. Bei der Zubereitung ben\u00f6tigst du deshalb auch weniger \u00d6l bzw. Butter. Fertig mit dem Essen? Dann sp\u00fcle die Pfanne mit der Hand ab, sodass sie dir l\u00e4nger Freude bereitet.<\/p>\n","protected":false},"featured_media":0,"comment_status":"closed","ping_status":"open","template":"","meta":{"_acf_changed":false},"brand":[506],"product_brand":[],"product_cat":[372],"product_tag":[384],"class_list":{"0":"post-75467","1":"product","2":"type-product","3":"status-publish","5":"brand-tefal","6":"product_cat-tpfe-und-pfannen","7":"product_tag-koekenpannen","8":"pa_condition-new","9":"pa_coolblue-de-verzending-morgen-gratis-geliefert","10":"pa_ean-11257","11":"pa_mpn-c4240453","13":"first","14":"instock","15":"product-type-external"},"acf":[],"_links":{"self":[{"href":"https:\/\/onlinehardwareshop.de\/index.php\/wp-json\/wp\/v2\/product\/75467","targetHints":{"allow":["GET"]}}],"collection":[{"href":"https:\/\/onlinehardwareshop.de\/index.php\/wp-json\/wp\/v2\/product"}],"about":[{"href":"https:\/\/onlinehardwareshop.de\/index.php\/wp-json\/wp\/v2\/types\/product"}],"replies":[{"embeddable":true,"href":"https:\/\/onlinehardwareshop.de\/index.php\/wp-json\/wp\/v2\/comments?post=75467"}],"wp:attachment":[{"href":"https:\/\/onlinehardwareshop.de\/index.php\/wp-json\/wp\/v2\/media?parent=75467"}],"wp:term":[{"taxonomy":"brand","embeddable":true,"href":"https:\/\/onlinehardwareshop.de\/index.php\/wp-json\/wp\/v2\/brand?post=75467"},{"taxonomy":"product_brand","embeddable":true,"href":"https:\/\/onlinehardwareshop.de\/index.php\/wp-json\/wp\/v2\/product_brand?post=75467"},{"taxonomy":"product_cat","embeddable":true,"href":"https:\/\/onlinehardwareshop.de\/index.php\/wp-json\/wp\/v2\/product_cat?post=75467"},{"taxonomy":"product_tag","embeddable":true,"href":"https:\/\/onlinehardwareshop.de\/index.php\/wp-json\/wp\/v2\/product_tag?post=75467"}],"curies":[{"name":"wp","href":"https:\/\/api.w.org\/{rel}","templated":true}]}}