{"id":75453,"date":"2024-02-26T06:36:30","date_gmt":"2024-02-26T06:36:30","guid":{"rendered":"https:\/\/onlinehardwareshop.de\/index.php\/produkt\/samsung-990-pro-2tb-nvme-ssd-2\/"},"modified":"2025-05-14T06:06:42","modified_gmt":"2025-05-14T06:06:42","slug":"samsung-990-pro-2tb-nvme-ssd","status":"publish","type":"product","link":"https:\/\/onlinehardwareshop.de\/index.php\/produkt\/samsung-990-pro-2tb-nvme-ssd\/","title":{"rendered":"Samsung 990 Pro 2TB NVMe SSD"},"content":{"rendered":"<p>Hinweis: Diese M.2-SSD hat eine PCI Express 4.0 (NVMe) Schnittstelle und funktioniert nur, wenn dein System PCIe 4.0 \/ NVMe unterst\u00fctzt. Des Weiteren hat die SSD einen M-Key, der ausschlie\u00dflich zu Systemen mit einem M-Slot passt. \u00dcberpr\u00fcfe dies in der Gebrauchsanleitung deines Laptop oder Motherboards.  Mit der Samsung 990 Pro 2\u00a0TB NVMe SSD \u00fcbertr\u00e4gst du deine Daten blitzschnell. Dank der Lese- und Schreibgeschwindigkeit von bis zu 7.450 beziehungsweise 6.900 MB\/s ist die 990 Pro noch schneller als ihr Vorg\u00e4ngermodell. Dadurch f\u00e4hrt dein PC innerhalb von Sekunden hoch, du kannst Dateien schnell \u00f6ffnen und deine Games laden schneller. Ein 100\u00a0GB gro\u00dfes Spiel ist zum Beispiel innerhalb von 20 Sekunden auf die SSD \u00fcbertragen. Dank 2.000\u00a0MB Cache \u00f6ffnest du auch h\u00e4ufig genutzte Dateien schneller. Die Samsung 990 Pro hat zudem ein maximales Schreibvolumen (Terabytes Written) von 1.200\u00a0TB. Im Durchschnitt kannst du also 1.200\u00a0TB Daten schreiben, bevor die SSD den Geist aufgibt. Auf diese SSD erh\u00e4ltst du 5 Jahre Werksgarantie von Samsung.<\/p>\n","protected":false},"excerpt":{"rendered":"<p>Hinweis: Diese M.2-SSD hat eine PCI Express 4.0 (NVMe) Schnittstelle und funktioniert nur, wenn dein System PCIe 4.0 \/ NVMe unterst\u00fctzt. Des Weiteren hat die SSD einen M-Key, der ausschlie\u00dflich zu Systemen mit einem M-Slot passt. \u00dcberpr\u00fcfe dies in der Gebrauchsanleitung deines Laptop oder Motherboards.  Mit der Samsung 990 Pro 2\u00a0TB NVMe SSD \u00fcbertr\u00e4gst du deine Daten blitzschnell. Dank der Lese- und Schreibgeschwindigkeit von bis zu 7.450 beziehungsweise 6.900 MB\/s ist die 990 Pro noch schneller als ihr Vorg\u00e4ngermodell. Dadurch f\u00e4hrt dein PC innerhalb von Sekunden hoch, du kannst Dateien schnell \u00f6ffnen und deine Games laden schneller. Ein 100\u00a0GB gro\u00dfes Spiel ist zum Beispiel innerhalb von 20 Sekunden auf die SSD \u00fcbertragen. Dank 2.000\u00a0MB Cache \u00f6ffnest du auch h\u00e4ufig genutzte Dateien schneller. Die Samsung 990 Pro hat zudem ein maximales Schreibvolumen (Terabytes Written) von 1.200\u00a0TB. Im Durchschnitt kannst du also 1.200\u00a0TB Daten schreiben, bevor die SSD den Geist aufgibt. Auf diese SSD erh\u00e4ltst du 5 Jahre Werksgarantie von Samsung.<\/p>\n","protected":false},"featured_media":0,"comment_status":"closed","ping_status":"open","template":"","meta":{"_acf_changed":false},"brand":[1165],"product_brand":[],"product_cat":[2957],"product_tag":[7168],"class_list":{"0":"post-75453","1":"product","2":"type-product","3":"status-publish","5":"brand-samsung","6":"product_cat-solid-state-drives-ssd","7":"product_tag-m-2-ssd","8":"pa_condition-new","9":"pa_coolblue-de-verzending-morgen-gratis-geliefert","10":"pa_ean-11225","11":"pa_mpn-mz-v9p2t0bw","13":"first","14":"instock","15":"product-type-external"},"acf":[],"_links":{"self":[{"href":"https:\/\/onlinehardwareshop.de\/index.php\/wp-json\/wp\/v2\/product\/75453","targetHints":{"allow":["GET"]}}],"collection":[{"href":"https:\/\/onlinehardwareshop.de\/index.php\/wp-json\/wp\/v2\/product"}],"about":[{"href":"https:\/\/onlinehardwareshop.de\/index.php\/wp-json\/wp\/v2\/types\/product"}],"replies":[{"embeddable":true,"href":"https:\/\/onlinehardwareshop.de\/index.php\/wp-json\/wp\/v2\/comments?post=75453"}],"wp:attachment":[{"href":"https:\/\/onlinehardwareshop.de\/index.php\/wp-json\/wp\/v2\/media?parent=75453"}],"wp:term":[{"taxonomy":"brand","embeddable":true,"href":"https:\/\/onlinehardwareshop.de\/index.php\/wp-json\/wp\/v2\/brand?post=75453"},{"taxonomy":"product_brand","embeddable":true,"href":"https:\/\/onlinehardwareshop.de\/index.php\/wp-json\/wp\/v2\/product_brand?post=75453"},{"taxonomy":"product_cat","embeddable":true,"href":"https:\/\/onlinehardwareshop.de\/index.php\/wp-json\/wp\/v2\/product_cat?post=75453"},{"taxonomy":"product_tag","embeddable":true,"href":"https:\/\/onlinehardwareshop.de\/index.php\/wp-json\/wp\/v2\/product_tag?post=75453"}],"curies":[{"name":"wp","href":"https:\/\/api.w.org\/{rel}","templated":true}]}}