{"id":75438,"date":"2025-03-20T10:49:14","date_gmt":"2025-03-20T10:49:14","guid":{"rendered":"https:\/\/onlinehardwareshop.de\/index.php\/produkt\/tefal-renew-keramische-bratpfanne-20cm-2\/"},"modified":"2025-05-14T06:05:12","modified_gmt":"2025-05-14T06:05:12","slug":"tefal-renew-keramische-bratpfanne-20cm","status":"publish","type":"product","link":"https:\/\/onlinehardwareshop.de\/index.php\/produkt\/tefal-renew-keramische-bratpfanne-20cm\/","title":{"rendered":"Tefal Renew Keramische Bratpfanne 20&#xA0;cm"},"content":{"rendered":"<p>Mit der Tefal Renew keramischen Bratpfanne 20\u00a0cm br\u00e4tst du dank des zu 100 Prozent recycelten Aluminiummaterials umweltbewusst. Zudem hat die Pfanne eine starke, 5-teilige Keramikbeschichtung. Dadurch nutzt sich die Beschichtung weniger schnell ab und verwendest du wenig \u00d6l oder Butter f\u00fcr Fleisch und Kartoffeln. Toll, denn so br\u00e4tst du noch ges\u00fcnder. Dar\u00fcber hinaus ist die Pfanne aufgrund der Keramikbeschichtung frei von sch\u00e4dlichen chemischen Stoffen. Dank des Tefal Thermo-Signals wei\u00dft du genau, wann die Pfanne warm genug ist. So brauchst du nicht mehr deine Hand \u00fcber die Pfanne zu halten. F\u00fcr eine l\u00e4ngere Lebensdauer der Pfanne w\u00e4schst du die Pfanne per Hand ab.<\/p>\n","protected":false},"excerpt":{"rendered":"<p>Mit der Tefal Renew keramischen Bratpfanne 20\u00a0cm br\u00e4tst du dank des zu 100 Prozent recycelten Aluminiummaterials umweltbewusst. Zudem hat die Pfanne eine starke, 5-teilige Keramikbeschichtung. Dadurch nutzt sich die Beschichtung weniger schnell ab und verwendest du wenig \u00d6l oder Butter f\u00fcr Fleisch und Kartoffeln. Toll, denn so br\u00e4tst du noch ges\u00fcnder. Dar\u00fcber hinaus ist die Pfanne aufgrund der Keramikbeschichtung frei von sch\u00e4dlichen chemischen Stoffen. Dank des Tefal Thermo-Signals wei\u00dft du genau, wann die Pfanne warm genug ist. So brauchst du nicht mehr deine Hand \u00fcber die Pfanne zu halten. F\u00fcr eine l\u00e4ngere Lebensdauer der Pfanne w\u00e4schst du die Pfanne per Hand ab.<\/p>\n","protected":false},"featured_media":0,"comment_status":"closed","ping_status":"open","template":"","meta":{"_acf_changed":false},"brand":[506],"product_brand":[],"product_cat":[372],"product_tag":[384],"class_list":{"0":"post-75438","1":"product","2":"type-product","3":"status-publish","5":"brand-tefal","6":"product_cat-tpfe-und-pfannen","7":"product_tag-koekenpannen","8":"pa_condition-new","9":"pa_coolblue-de-verzending-morgen-gratis-geliefert","10":"pa_ean-11205","11":"pa_mpn-c4290223","13":"first","14":"instock","15":"product-type-external"},"acf":[],"_links":{"self":[{"href":"https:\/\/onlinehardwareshop.de\/index.php\/wp-json\/wp\/v2\/product\/75438","targetHints":{"allow":["GET"]}}],"collection":[{"href":"https:\/\/onlinehardwareshop.de\/index.php\/wp-json\/wp\/v2\/product"}],"about":[{"href":"https:\/\/onlinehardwareshop.de\/index.php\/wp-json\/wp\/v2\/types\/product"}],"replies":[{"embeddable":true,"href":"https:\/\/onlinehardwareshop.de\/index.php\/wp-json\/wp\/v2\/comments?post=75438"}],"wp:attachment":[{"href":"https:\/\/onlinehardwareshop.de\/index.php\/wp-json\/wp\/v2\/media?parent=75438"}],"wp:term":[{"taxonomy":"brand","embeddable":true,"href":"https:\/\/onlinehardwareshop.de\/index.php\/wp-json\/wp\/v2\/brand?post=75438"},{"taxonomy":"product_brand","embeddable":true,"href":"https:\/\/onlinehardwareshop.de\/index.php\/wp-json\/wp\/v2\/product_brand?post=75438"},{"taxonomy":"product_cat","embeddable":true,"href":"https:\/\/onlinehardwareshop.de\/index.php\/wp-json\/wp\/v2\/product_cat?post=75438"},{"taxonomy":"product_tag","embeddable":true,"href":"https:\/\/onlinehardwareshop.de\/index.php\/wp-json\/wp\/v2\/product_tag?post=75438"}],"curies":[{"name":"wp","href":"https:\/\/api.w.org\/{rel}","templated":true}]}}