{"id":75417,"date":"2024-01-15T00:41:02","date_gmt":"2024-01-15T00:41:02","guid":{"rendered":"https:\/\/onlinehardwareshop.de\/index.php\/produkt\/dji-avata-fly-more-set-2\/"},"modified":"2025-05-14T06:03:25","modified_gmt":"2025-05-14T06:03:25","slug":"dji-avata-fly-more-set","status":"publish","type":"product","link":"https:\/\/onlinehardwareshop.de\/index.php\/produkt\/dji-avata-fly-more-set\/","title":{"rendered":"DJI Avata Fly More Set"},"content":{"rendered":"<p>Mit dem DJI Avata Fly More Set erh\u00e4ltst du zus\u00e4tzliches Zubeh\u00f6r, um dein Flugerlebnis noch aufregender zu machen. Du erh\u00e4ltst 2 Intelligent Flight Batteries und einen Charging Hub, um die Akkus gleichzeitig aufladen zu k\u00f6nnen. Die Flugdauer eines vollst\u00e4ndig aufgeladenen Akkus betr\u00e4gt bis zu 18 Minuten im Schwebeflug. Wenn du die Drohne fliegen l\u00e4sst, ist der Akku schneller leer. Mit dem Charging Hub l\u00e4dst du insgesamt 4 Akkus gleichzeitig auf. Er beginnt mit dem Akku, der am vollsten geladen ist, damit du so schnell wie m\u00f6glich wieder fliegen kannst.  Hinweis:Im Sport Mode kannst du bis zu 140 Stundenkilometer fliegen mit deiner Drohne. Dies fordert dann mehr Akkuleistung, wodurch die Laufzeit k\u00fcrzer wird. Au\u00dferdem haben die Witterungsbedingungen Einfluss auf die Akkulaufzeit.<\/p>\n","protected":false},"excerpt":{"rendered":"<p>Mit dem DJI Avata Fly More Set erh\u00e4ltst du zus\u00e4tzliches Zubeh\u00f6r, um dein Flugerlebnis noch aufregender zu machen. Du erh\u00e4ltst 2 Intelligent Flight Batteries und einen Charging Hub, um die Akkus gleichzeitig aufladen zu k\u00f6nnen. Die Flugdauer eines vollst\u00e4ndig aufgeladenen Akkus betr\u00e4gt bis zu 18 Minuten im Schwebeflug. Wenn du die Drohne fliegen l\u00e4sst, ist der Akku schneller leer. Mit dem Charging Hub l\u00e4dst du insgesamt 4 Akkus gleichzeitig auf. Er beginnt mit dem Akku, der am vollsten geladen ist, damit du so schnell wie m\u00f6glich wieder fliegen kannst.  Hinweis:Im Sport Mode kannst du bis zu 140 Stundenkilometer fliegen mit deiner Drohne. Dies fordert dann mehr Akkuleistung, wodurch die Laufzeit k\u00fcrzer wird. Au\u00dferdem haben die Witterungsbedingungen Einfluss auf die Akkulaufzeit.<\/p>\n","protected":false},"featured_media":0,"comment_status":"closed","ping_status":"open","template":"","meta":{"_acf_changed":false},"brand":[3664],"product_brand":[],"product_cat":[7212],"product_tag":[7213],"class_list":{"0":"post-75417","1":"product","2":"type-product","3":"status-publish","5":"brand-dji","6":"product_cat-zubehrsets-fr-drohnen","7":"product_tag-accessoiresets-voor-drones","8":"pa_condition-new","9":"pa_coolblue-de-verzending-morgen-gratis-geliefert","10":"pa_ean-11159","11":"pa_mpn-cp-fp-00000071","13":"first","14":"instock","15":"product-type-external"},"acf":[],"_links":{"self":[{"href":"https:\/\/onlinehardwareshop.de\/index.php\/wp-json\/wp\/v2\/product\/75417","targetHints":{"allow":["GET"]}}],"collection":[{"href":"https:\/\/onlinehardwareshop.de\/index.php\/wp-json\/wp\/v2\/product"}],"about":[{"href":"https:\/\/onlinehardwareshop.de\/index.php\/wp-json\/wp\/v2\/types\/product"}],"replies":[{"embeddable":true,"href":"https:\/\/onlinehardwareshop.de\/index.php\/wp-json\/wp\/v2\/comments?post=75417"}],"wp:attachment":[{"href":"https:\/\/onlinehardwareshop.de\/index.php\/wp-json\/wp\/v2\/media?parent=75417"}],"wp:term":[{"taxonomy":"brand","embeddable":true,"href":"https:\/\/onlinehardwareshop.de\/index.php\/wp-json\/wp\/v2\/brand?post=75417"},{"taxonomy":"product_brand","embeddable":true,"href":"https:\/\/onlinehardwareshop.de\/index.php\/wp-json\/wp\/v2\/product_brand?post=75417"},{"taxonomy":"product_cat","embeddable":true,"href":"https:\/\/onlinehardwareshop.de\/index.php\/wp-json\/wp\/v2\/product_cat?post=75417"},{"taxonomy":"product_tag","embeddable":true,"href":"https:\/\/onlinehardwareshop.de\/index.php\/wp-json\/wp\/v2\/product_tag?post=75417"}],"curies":[{"name":"wp","href":"https:\/\/api.w.org\/{rel}","templated":true}]}}