{"id":75413,"date":"2025-05-13T22:59:43","date_gmt":"2025-05-13T22:59:43","guid":{"rendered":"https:\/\/onlinehardwareshop.de\/index.php\/produkt\/logitech-g502-x-plus-lightspeed-kabellose-gaming-maus-wei-2\/"},"modified":"2025-05-14T06:03:01","modified_gmt":"2025-05-14T06:03:01","slug":"logitech-g502-x-plus-lightspeed-kabellose-gaming-maus-wei","status":"publish","type":"product","link":"https:\/\/onlinehardwareshop.de\/index.php\/produkt\/logitech-g502-x-plus-lightspeed-kabellose-gaming-maus-wei\/","title":{"rendered":"Logitech G502 X Plus Lightspeed Kabellose Gaming-Maus Wei&#xDF;"},"content":{"rendered":"<p>Komme deinen Gegnern zuvor mit der Logitech G502 X Plus Lightspeed Kabellosen Gaming-Maus Wei\u00df. Dank des optischen Sensors mit 25.600 dpi schiebst du die kabellose Gaming-Maus bei schnellen Games rasch \u00fcber den Tisch. So reagierst du beim Gamen immer pr\u00e4zise. Zudem \u00e4nderst du w\u00e4hrend des Gamens m\u00fchelos die dpi. Stelle bis zu 5 Profile ein, um f\u00fcr jedes Game die richtigen Verkn\u00fcpfungen zu verwenden. Zwischen diesen Profilen wechselst du m\u00fchelos, so dass du immer die richtigen Verkn\u00fcpfungen zur Hand hast. Mit 13 Tasten koppelst du all deine Verkn\u00fcpfungen an eine gesonderte Taste. So reagierst du beim Gamen noch schneller. Du schlie\u00dft diese Gaming-Maus \u00fcber ein USB-A-Dongle an. Diese kabellose Gaming-Maus hat eine Akkulaufzeit von 140 Stunden, so dass du auch lange Gaming-Sessions spielst, ohne die Maus zwischendurch aufzuladen. Stelle \u00fcber die Logitech G Hub Software selbst die RGB-Beleuchtung ein und w\u00e4hle aus 16,8 Millionen Farben aus. So passt deine Gaming-Maus zu deinem \u00fcbrigen Setup.<\/p>\n","protected":false},"excerpt":{"rendered":"<p>Komme deinen Gegnern zuvor mit der Logitech G502 X Plus Lightspeed Kabellosen Gaming-Maus Wei\u00df. Dank des optischen Sensors mit 25.600 dpi schiebst du die kabellose Gaming-Maus bei schnellen Games rasch \u00fcber den Tisch. So reagierst du beim Gamen immer pr\u00e4zise. Zudem \u00e4nderst du w\u00e4hrend des Gamens m\u00fchelos die dpi. Stelle bis zu 5 Profile ein, um f\u00fcr jedes Game die richtigen Verkn\u00fcpfungen zu verwenden. Zwischen diesen Profilen wechselst du m\u00fchelos, so dass du immer die richtigen Verkn\u00fcpfungen zur Hand hast. Mit 13 Tasten koppelst du all deine Verkn\u00fcpfungen an eine gesonderte Taste. So reagierst du beim Gamen noch schneller. Du schlie\u00dft diese Gaming-Maus \u00fcber ein USB-A-Dongle an. Diese kabellose Gaming-Maus hat eine Akkulaufzeit von 140 Stunden, so dass du auch lange Gaming-Sessions spielst, ohne die Maus zwischendurch aufzuladen. Stelle \u00fcber die Logitech G Hub Software selbst die RGB-Beleuchtung ein und w\u00e4hle aus 16,8 Millionen Farben aus. So passt deine Gaming-Maus zu deinem \u00fcbrigen Setup.<\/p>\n","protected":false},"featured_media":0,"comment_status":"closed","ping_status":"open","template":"","meta":{"_acf_changed":false},"brand":[225],"product_brand":[],"product_cat":[33],"product_tag":[3752],"class_list":{"0":"post-75413","1":"product","2":"type-product","3":"status-publish","5":"brand-logitech-g","6":"product_cat-muse","7":"product_tag-gaming-muizen","8":"pa_condition-new","9":"pa_coolblue-de-verzending-morgen-gratis-geliefert","10":"pa_ean-11149","11":"pa_mpn-910-006172","13":"first","14":"instock","15":"product-type-external"},"acf":[],"_links":{"self":[{"href":"https:\/\/onlinehardwareshop.de\/index.php\/wp-json\/wp\/v2\/product\/75413","targetHints":{"allow":["GET"]}}],"collection":[{"href":"https:\/\/onlinehardwareshop.de\/index.php\/wp-json\/wp\/v2\/product"}],"about":[{"href":"https:\/\/onlinehardwareshop.de\/index.php\/wp-json\/wp\/v2\/types\/product"}],"replies":[{"embeddable":true,"href":"https:\/\/onlinehardwareshop.de\/index.php\/wp-json\/wp\/v2\/comments?post=75413"}],"wp:attachment":[{"href":"https:\/\/onlinehardwareshop.de\/index.php\/wp-json\/wp\/v2\/media?parent=75413"}],"wp:term":[{"taxonomy":"brand","embeddable":true,"href":"https:\/\/onlinehardwareshop.de\/index.php\/wp-json\/wp\/v2\/brand?post=75413"},{"taxonomy":"product_brand","embeddable":true,"href":"https:\/\/onlinehardwareshop.de\/index.php\/wp-json\/wp\/v2\/product_brand?post=75413"},{"taxonomy":"product_cat","embeddable":true,"href":"https:\/\/onlinehardwareshop.de\/index.php\/wp-json\/wp\/v2\/product_cat?post=75413"},{"taxonomy":"product_tag","embeddable":true,"href":"https:\/\/onlinehardwareshop.de\/index.php\/wp-json\/wp\/v2\/product_tag?post=75413"}],"curies":[{"name":"wp","href":"https:\/\/api.w.org\/{rel}","templated":true}]}}